{"id":107382,"date":"2023-10-16T14:24:00","date_gmt":"2023-10-16T18:24:00","guid":{"rendered":"https:\/\/pdirect.ca\/?post_type=product&#038;p=107382"},"modified":"2025-03-07T08:51:23","modified_gmt":"2025-03-07T13:51:23","slug":"toucan-tf7007-f-123-mm-stratifie-2-29pi2","status":"publish","type":"product","link":"https:\/\/pdirect.ca\/en\/product\/toucan-tf7007-f-123-mm-stratifie-2-29pi2\/","title":{"rendered":"Toucan TF7007-F 12,3 mm Stratifi\u00e9"},"content":{"rendered":"<div>Ce rev\u00eatement de sol stratifi\u00e9 offre une solide structure protectrice r\u00e9sistante \u00e0 l&rsquo;eau pendant 48 heures.\u00a0Il poss\u00e8de une couche d\u2019usure ultra r\u00e9sistante qui prot\u00e8ge contre les rayures, la d\u00e9coloration et les taches.\u00a0Appropri\u00e9e aux espaces r\u00e9sidentiels et commerciaux, cette conception est facile \u00e0 installer dans n&rsquo;importe quelle maison gr\u00e2ce \u00e0 sa technologie de verrouillage conviviale<\/div>\n<div>&#8211; 1\u00a0215 x 196 x 12,3 mm (47,875 x 7,75 x 0,5 po)<br \/>\n&#8211; Certifi\u00e9 E1<br \/>\n&#8211; Certifi\u00e9 Floor Score<br \/>\n&#8211; R\u00e9sistant aux produits chimiques m\u00e9nagers<br \/>\n&#8211; R\u00e9sistant \u00e0 la combustion des cigarettes<br \/>\n&#8211; Non abrasif<\/div>\n<div>\n<h3 class=\"product-details-specs-section-name\">Dimensions<\/h3>\n<div class=\"product-details-specs-section-values-container\">\n<div class=\"product-details-specs-section-values-row\">\n<div class=\"product-details-specs-section-values-cell-name\">Longueur (mm)<\/div>\n<div class=\"product-details-specs-section-values-cell-value\">1215<\/div>\n<\/div>\n<div class=\"product-details-specs-section-values-row\">\n<div class=\"product-details-specs-section-values-cell-name\">Largeur (mm)<\/div>\n<div class=\"product-details-specs-section-values-cell-value\">196<\/div>\n<\/div>\n<div class=\"product-details-specs-section-values-row\">\n<div class=\"product-details-specs-section-values-cell-name\">\u00c9paisseur (mm)<\/div>\n<div class=\"product-details-specs-section-values-cell-value\">12.3<\/div>\n<\/div>\n<div class=\"product-details-specs-section-values-row\">\n<div class=\"product-details-specs-section-values-cell-name\">Taille (mm)<\/div>\n<div class=\"product-details-specs-section-values-cell-value\">1215 x 196 x 12,3 mm<\/div>\n<\/div>\n<div class=\"product-details-specs-section-values-row\">\n<div class=\"product-details-specs-section-values-cell-name\">Longueur (po)<\/div>\n<div class=\"product-details-specs-section-values-cell-value\">47.875<\/div>\n<\/div>\n<div class=\"product-details-specs-section-values-row\">\n<div class=\"product-details-specs-section-values-cell-name\">Largeur (po)<\/div>\n<div class=\"product-details-specs-section-values-cell-value\">7h75<\/div>\n<\/div>\n<div class=\"product-details-specs-section-values-row\">\n<div class=\"product-details-specs-section-values-cell-name\">\u00c9paisseur (po)<\/div>\n<div class=\"product-details-specs-section-values-cell-value\">.5<\/div>\n<\/div>\n<div class=\"product-details-specs-section-values-row\">\n<div class=\"product-details-specs-section-values-cell-name\">Taille (po.)<\/div>\n<div class=\"product-details-specs-section-values-cell-value\">47,875 x 7,75 x 0,5 po<\/div>\n<\/div>\n<\/div>\n<h3 class=\"product-details-specs-section-name\">Sp\u00e9cification de produit<\/h3>\n<div class=\"product-details-specs-section-values-container\">\n<div class=\"product-details-specs-section-values-row\">\n<div class=\"product-details-specs-section-values-cell-name\">Surface<\/div>\n<div class=\"product-details-specs-section-values-cell-value\">RIE<\/div>\n<\/div>\n<div class=\"product-details-specs-section-values-row\">\n<div class=\"product-details-specs-section-values-cell-name\">Classement CA<\/div>\n<div class=\"product-details-specs-section-values-cell-value\">AC4<\/div>\n<\/div>\n<div class=\"product-details-specs-section-values-row\">\n<div class=\"product-details-specs-section-values-cell-name\">Niveau de r\u00e9sistance \u00e0 l&rsquo;eau<\/div>\n<div class=\"product-details-specs-section-values-cell-value\">48 heures<\/div>\n<\/div>\n<div class=\"product-details-specs-section-values-row\">\n<div class=\"product-details-specs-section-values-cell-name\">Mat\u00e9riau de base<\/div>\n<div class=\"product-details-specs-section-values-cell-value\">HDF<\/div>\n<\/div>\n<div class=\"product-details-specs-section-values-row\">\n<div class=\"product-details-specs-section-values-cell-name\">Syst\u00e8me de verrouillage<\/div>\n<div class=\"product-details-specs-section-values-cell-value\">Verrouillage des clics<\/div>\n<\/div>\n<div class=\"product-details-specs-section-values-row\">\n<div class=\"product-details-specs-section-values-cell-name\">Sous-tapis attach\u00e9<\/div>\n<div class=\"product-details-specs-section-values-cell-value\">Non<\/div>\n<\/div>\n<div class=\"product-details-specs-section-values-row\">\n<div class=\"product-details-specs-section-values-cell-name\">Garantie (r\u00e9sidentiel)<\/div>\n<div class=\"product-details-specs-section-values-cell-value\">30 ans<\/div>\n<\/div>\n<div class=\"product-details-specs-section-values-row\">\n<div class=\"product-details-specs-section-values-cell-name\">Garantie (commerciale)<\/div>\n<div class=\"product-details-specs-section-values-cell-value\">15 ans<\/div>\n<\/div>\n<div class=\"product-details-specs-section-values-row\">\n<div class=\"product-details-specs-section-values-cell-name\">Type de chambre recommand\u00e9<\/div>\n<div class=\"product-details-specs-section-values-cell-value\">LBKD<\/div>\n<\/div>\n<\/div>\n<h3 class=\"product-details-specs-section-name\">Sp\u00e9cification du paquet<\/h3>\n<div class=\"product-details-specs-section-values-container\">\n<div class=\"product-details-specs-section-values-row\">\n<div class=\"product-details-specs-section-values-cell-name\">PC\/bo\u00eete<\/div>\n<div class=\"product-details-specs-section-values-cell-value\">8<\/div>\n<\/div>\n<div class=\"product-details-specs-section-values-row\">\n<div class=\"product-details-specs-section-values-cell-name\">m2\/carton<\/div>\n<div class=\"product-details-specs-section-values-cell-value\">1,91<\/div>\n<\/div>\n<div class=\"product-details-specs-section-values-row\">\n<div class=\"product-details-specs-section-values-cell-name\"><strong>pi\u00b2\/bo\u00eete<\/strong><\/div>\n<div class=\"product-details-specs-section-values-cell-value\"><strong>20,51<\/strong><\/div>\n<\/div>\n<div class=\"product-details-specs-section-values-row\">\n<div class=\"product-details-specs-section-values-cell-name\">Bo\u00eete\/Skid<\/div>\n<div class=\"product-details-specs-section-values-cell-value\">35<\/div>\n<\/div>\n<div class=\"product-details-specs-section-values-row\">\n<div class=\"product-details-specs-section-values-cell-name\">Poids (kg\/bo\u00eete)<\/div>\n<div class=\"product-details-specs-section-values-cell-value\">18.9<\/div>\n<\/div>\n<div class=\"product-details-specs-section-values-row\">\n<div class=\"product-details-specs-section-values-cell-name\">Poids (lb\/bo\u00eete)<\/div>\n<div class=\"product-details-specs-section-values-cell-value\">41,67<\/div>\n<\/div>\n<\/div>\n<\/div>","protected":false},"excerpt":{"rendered":"<div>Ce rev\u00eatement de sol stratifi\u00e9 offre une solide structure protectrice r\u00e9sistante \u00e0 l&rsquo;eau pendant 48 heures.\u00a0Il poss\u00e8de une couche d\u2019usure ultra r\u00e9sistante qui prot\u00e8ge contre les rayures, la d\u00e9coloration et les taches.\u00a0Appropri\u00e9e aux espaces r\u00e9sidentiels et commerciaux, cette conception est facile \u00e0 installer dans n&rsquo;importe quelle maison gr\u00e2ce \u00e0 sa technologie de verrouillage conviviale<\/div>\n<div>&#8211; 1\u00a0215 x 196 x 12,3 mm (47,875 x 7,75 x 0,5 po)<br \/>\n&#8211; Certifi\u00e9 E1<br \/>\n&#8211; Certifi\u00e9 Floor Score<br \/>\n&#8211; R\u00e9sistant aux produits chimiques m\u00e9nagers<br \/>\n&#8211; R\u00e9sistant \u00e0 la combustion des cigarettes<br \/>\n&#8211; Non abrasif<\/div>\n<div>\n<h3 class=\"product-details-specs-section-name\">Dimensions<\/h3>\n<div class=\"product-details-specs-section-values-container\">\n<div class=\"product-details-specs-section-values-row\">\n<div class=\"product-details-specs-section-values-cell-name\">Longueur (mm)<\/div>\n<div class=\"product-details-specs-section-values-cell-value\">1215<\/div>\n<\/div>\n<div class=\"product-details-specs-section-values-row\">\n<div class=\"product-details-specs-section-values-cell-name\">Largeur (mm)<\/div>\n<div class=\"product-details-specs-section-values-cell-value\">196<\/div>\n<\/div>\n<div class=\"product-details-specs-section-values-row\">\n<div class=\"product-details-specs-section-values-cell-name\">\u00c9paisseur (mm)<\/div>\n<div class=\"product-details-specs-section-values-cell-value\">12.3<\/div>\n<\/div>\n<div class=\"product-details-specs-section-values-row\">\n<div class=\"product-details-specs-section-values-cell-name\">Taille (mm)<\/div>\n<div class=\"product-details-specs-section-values-cell-value\">1215 x 196 x 12,3 mm<\/div>\n<\/div>\n<div class=\"product-details-specs-section-values-row\">\n<div class=\"product-details-specs-section-values-cell-name\">Longueur (po)<\/div>\n<div class=\"product-details-specs-section-values-cell-value\">47.875<\/div>\n<\/div>\n<div class=\"product-details-specs-section-values-row\">\n<div class=\"product-details-specs-section-values-cell-name\">Largeur (po)<\/div>\n<div class=\"product-details-specs-section-values-cell-value\">7h75<\/div>\n<\/div>\n<div class=\"product-details-specs-section-values-row\">\n<div class=\"product-details-specs-section-values-cell-name\">\u00c9paisseur (po)<\/div>\n<div class=\"product-details-specs-section-values-cell-value\">.5<\/div>\n<\/div>\n<div class=\"product-details-specs-section-values-row\">\n<div class=\"product-details-specs-section-values-cell-name\">Taille (po.)<\/div>\n<div class=\"product-details-specs-section-values-cell-value\">47,875 x 7,75 x 0,5 po<\/div>\n<\/div>\n<\/div>\n<h3 class=\"product-details-specs-section-name\">Sp\u00e9cification de produit<\/h3>\n<div class=\"product-details-specs-section-values-container\">\n<div class=\"product-details-specs-section-values-row\">\n<div class=\"product-details-specs-section-values-cell-name\">Surface<\/div>\n<div class=\"product-details-specs-section-values-cell-value\">RIE<\/div>\n<\/div>\n<div class=\"product-details-specs-section-values-row\">\n<div class=\"product-details-specs-section-values-cell-name\">Classement CA<\/div>\n<div class=\"product-details-specs-section-values-cell-value\">AC4<\/div>\n<\/div>\n<div class=\"product-details-specs-section-values-row\">\n<div class=\"product-details-specs-section-values-cell-name\">Niveau de r\u00e9sistance \u00e0 l&rsquo;eau<\/div>\n<div class=\"product-details-specs-section-values-cell-value\">48 heures<\/div>\n<\/div>\n<div class=\"product-details-specs-section-values-row\">\n<div class=\"product-details-specs-section-values-cell-name\">Mat\u00e9riau de base<\/div>\n<div class=\"product-details-specs-section-values-cell-value\">HDF<\/div>\n<\/div>\n<div class=\"product-details-specs-section-values-row\">\n<div class=\"product-details-specs-section-values-cell-name\">Syst\u00e8me de verrouillage<\/div>\n<div class=\"product-details-specs-section-values-cell-value\">Verrouillage des clics<\/div>\n<\/div>\n<div class=\"product-details-specs-section-values-row\">\n<div class=\"product-details-specs-section-values-cell-name\">Sous-tapis attach\u00e9<\/div>\n<div class=\"product-details-specs-section-values-cell-value\">Non<\/div>\n<\/div>\n<div class=\"product-details-specs-section-values-row\">\n<div class=\"product-details-specs-section-values-cell-name\">Garantie (r\u00e9sidentiel)<\/div>\n<div class=\"product-details-specs-section-values-cell-value\">30 ans<\/div>\n<\/div>\n<div class=\"product-details-specs-section-values-row\">\n<div class=\"product-details-specs-section-values-cell-name\">Garantie (commerciale)<\/div>\n<div class=\"product-details-specs-section-values-cell-value\">15 ans<\/div>\n<\/div>\n<div class=\"product-details-specs-section-values-row\">\n<div class=\"product-details-specs-section-values-cell-name\">Type de chambre recommand\u00e9<\/div>\n<div class=\"product-details-specs-section-values-cell-value\">LBKD<\/div>\n<\/div>\n<\/div>\n<h3 class=\"product-details-specs-section-name\">Sp\u00e9cification du paquet<\/h3>\n<div class=\"product-details-specs-section-values-container\">\n<div class=\"product-details-specs-section-values-row\">\n<div class=\"product-details-specs-section-values-cell-name\">PC\/bo\u00eete<\/div>\n<div class=\"product-details-specs-section-values-cell-value\">8<\/div>\n<\/div>\n<div class=\"product-details-specs-section-values-row\">\n<div class=\"product-details-specs-section-values-cell-name\">m2\/carton<\/div>\n<div class=\"product-details-specs-section-values-cell-value\">1,91<\/div>\n<\/div>\n<div class=\"product-details-specs-section-values-row\">\n<div class=\"product-details-specs-section-values-cell-name\"><strong>pi\u00b2\/bo\u00eete<\/strong><\/div>\n<div class=\"product-details-specs-section-values-cell-value\"><strong>20,51<\/strong><\/div>\n<\/div>\n<div class=\"product-details-specs-section-values-row\">\n<div class=\"product-details-specs-section-values-cell-name\">Bo\u00eete\/Skid<\/div>\n<div class=\"product-details-specs-section-values-cell-value\">35<\/div>\n<\/div>\n<div class=\"product-details-specs-section-values-row\">\n<div class=\"product-details-specs-section-values-cell-name\">Poids (kg\/bo\u00eete)<\/div>\n<div class=\"product-details-specs-section-values-cell-value\">18.9<\/div>\n<\/div>\n<div class=\"product-details-specs-section-values-row\">\n<div class=\"product-details-specs-section-values-cell-name\">Poids (lb\/bo\u00eete)<\/div>\n<div class=\"product-details-specs-section-values-cell-value\">41,67<\/div>\n<\/div>\n<\/div>\n<\/div>","protected":false},"featured_media":107383,"comment_status":"closed","ping_status":"closed","template":"","meta":{"rank_math_lock_modified_date":false},"product_cat":[145],"product_tag":[],"class_list":{"0":"post-107382","1":"product","2":"type-product","3":"status-publish","4":"has-post-thumbnail","6":"product_cat-plancher-flottant-12-mm-waterproof","7":"product_shipping_class-palette","9":"first","10":"instock","11":"taxable","12":"shipping-taxable","13":"purchasable","14":"product-type-simple"},"_links":{"self":[{"href":"https:\/\/pdirect.ca\/en\/wp-json\/wp\/v2\/product\/107382"}],"collection":[{"href":"https:\/\/pdirect.ca\/en\/wp-json\/wp\/v2\/product"}],"about":[{"href":"https:\/\/pdirect.ca\/en\/wp-json\/wp\/v2\/types\/product"}],"replies":[{"embeddable":true,"href":"https:\/\/pdirect.ca\/en\/wp-json\/wp\/v2\/comments?post=107382"}],"wp:featuredmedia":[{"embeddable":true,"href":"https:\/\/pdirect.ca\/en\/wp-json\/wp\/v2\/media\/107383"}],"wp:attachment":[{"href":"https:\/\/pdirect.ca\/en\/wp-json\/wp\/v2\/media?parent=107382"}],"wp:term":[{"taxonomy":"product_cat","embeddable":true,"href":"https:\/\/pdirect.ca\/en\/wp-json\/wp\/v2\/product_cat?post=107382"},{"taxonomy":"product_tag","embeddable":true,"href":"https:\/\/pdirect.ca\/en\/wp-json\/wp\/v2\/product_tag?post=107382"}],"curies":[{"name":"wp","href":"https:\/\/api.w.org\/{rel}","templated":true}]}}