{"id":107394,"date":"2023-10-17T17:14:30","date_gmt":"2023-10-17T21:14:30","guid":{"rendered":"https:\/\/pdirect.ca\/?post_type=product&#038;p=107394"},"modified":"2024-11-28T08:14:20","modified_gmt":"2024-11-28T13:14:20","slug":"toucan-tfspc121p-f-55-mm-vinyle-2-65pi2","status":"publish","type":"product","link":"https:\/\/pdirect.ca\/en\/product\/toucan-tfspc121p-f-55-mm-vinyle-2-65pi2\/","title":{"rendered":"Toucan Planchette De Vinyle clic TFSPC121P-F 5,5 mm"},"content":{"rendered":"<p>Plus r\u00e9sistant que le rev\u00eatement de sol en vinyle de luxe conventionnel, plus facile \u00e0 entretenir et \u00e0 installer gr\u00e2ce \u00e0 notre syst\u00e8me de verrouillage innovant Click&amp;Lock, m\u00eame par vous-m\u00eame.\u00a0Parfait pour les projets r\u00e9sidentiels et commerciaux et adapt\u00e9 \u00e0 n\u2019importe quelle cuisine, salon ou autre espace commun \u00e0 n\u2019importe quel niveau d\u2019\u00e9tage.\u00a0Nous proposons une large gamme de s\u00e9lections de couleurs en grain de bois mat et r\u00e9aliste.\u00a0Le meilleur produit chic et moderne pour votre projet de d\u00e9coration de pi\u00e8ce.<br \/>\n&#8211; 1220 x 183 x 5,5 mm (48 x 7,25 x 0,25 po)<br \/>\n&#8211; 100 % \u00e9tanche<br \/>\n&#8211; Certifi\u00e9 Floor Score<\/p>\n<h3 class=\"product-details-specs-section-name\">Dimensions<\/h3>\n<div class=\"product-details-specs-section-values-container\">\n<div class=\"product-details-specs-section-values-row\">\n<div class=\"product-details-specs-section-values-cell-name\">Longueur (mm)<\/div>\n<div class=\"product-details-specs-section-values-cell-value\">1220<\/div>\n<\/div>\n<div class=\"product-details-specs-section-values-row\">\n<div class=\"product-details-specs-section-values-cell-name\">Largeur (mm)<\/div>\n<div class=\"product-details-specs-section-values-cell-value\">183<\/div>\n<\/div>\n<div class=\"product-details-specs-section-values-row\">\n<div class=\"product-details-specs-section-values-cell-name\">\u00c9paisseur (mm)<\/div>\n<div class=\"product-details-specs-section-values-cell-value\">5.5<\/div>\n<\/div>\n<div class=\"product-details-specs-section-values-row\">\n<div class=\"product-details-specs-section-values-cell-name\">Taille (mm)<\/div>\n<div class=\"product-details-specs-section-values-cell-value\">1220 x 183 x 5,5 mm<\/div>\n<\/div>\n<div class=\"product-details-specs-section-values-row\">\n<div class=\"product-details-specs-section-values-cell-name\">Longueur (po)<\/div>\n<div class=\"product-details-specs-section-values-cell-value\">48<\/div>\n<\/div>\n<div class=\"product-details-specs-section-values-row\">\n<div class=\"product-details-specs-section-values-cell-name\">Largeur (po)<\/div>\n<div class=\"product-details-specs-section-values-cell-value\">7h25<\/div>\n<\/div>\n<div class=\"product-details-specs-section-values-row\">\n<div class=\"product-details-specs-section-values-cell-name\">\u00c9paisseur (po)<\/div>\n<div class=\"product-details-specs-section-values-cell-value\">.25<\/div>\n<\/div>\n<div class=\"product-details-specs-section-values-row\">\n<div class=\"product-details-specs-section-values-cell-name\">Taille (po.)<\/div>\n<div class=\"product-details-specs-section-values-cell-value\">48 x 7,25 x 0,25 po<\/div>\n<\/div>\n<\/div>\n<h3 class=\"product-details-specs-section-name\">Sp\u00e9cification de produit<\/h3>\n<div class=\"product-details-specs-section-values-container\">\n<div class=\"product-details-specs-section-values-row\">\n<div class=\"product-details-specs-section-values-cell-name\">Surface<\/div>\n<div class=\"product-details-specs-section-values-cell-value\">Texture bois antique<\/div>\n<\/div>\n<div class=\"product-details-specs-section-values-row\">\n<div class=\"product-details-specs-section-values-cell-name\">Couche d&rsquo;usure<\/div>\n<div class=\"product-details-specs-section-values-cell-value\">20 millions<\/div>\n<\/div>\n<div class=\"product-details-specs-section-values-row\">\n<div class=\"product-details-specs-section-values-cell-name\">Niveau de r\u00e9sistance \u00e0 l&rsquo;eau<\/div>\n<div class=\"product-details-specs-section-values-cell-value\">100% \u00e9tanche<\/div>\n<\/div>\n<div class=\"product-details-specs-section-values-row\">\n<div class=\"product-details-specs-section-values-cell-name\">Syst\u00e8me de verrouillage<\/div>\n<div class=\"product-details-specs-section-values-cell-value\">Verrouillage des clics<\/div>\n<\/div>\n<div class=\"product-details-specs-section-values-row\">\n<div class=\"product-details-specs-section-values-cell-name\">Sous-tapis attach\u00e9<\/div>\n<div class=\"product-details-specs-section-values-cell-value\">Oui<\/div>\n<\/div>\n<div class=\"product-details-specs-section-values-row\">\n<div class=\"product-details-specs-section-values-cell-name\">Garantie (r\u00e9sidentiel)<\/div>\n<div class=\"product-details-specs-section-values-cell-value\">30 ans<\/div>\n<\/div>\n<div class=\"product-details-specs-section-values-row\">\n<div class=\"product-details-specs-section-values-cell-name\">Garantie (commerciale)<\/div>\n<div class=\"product-details-specs-section-values-cell-value\">15 ans<\/div>\n<\/div>\n<div class=\"product-details-specs-section-values-row\">\n<div class=\"product-details-specs-section-values-cell-name\">Type de chambre recommand\u00e9<\/div>\n<div class=\"product-details-specs-section-values-cell-value\">LBKD<\/div>\n<\/div>\n<\/div>\n<h3 class=\"product-details-specs-section-name\">Sp\u00e9cification du paquet<\/h3>\n<div class=\"product-details-specs-section-values-container\">\n<div class=\"product-details-specs-section-values-row\">\n<div class=\"product-details-specs-section-values-cell-name\">PC\/bo\u00eete<\/div>\n<div class=\"product-details-specs-section-values-cell-value\">dix<\/div>\n<\/div>\n<div class=\"product-details-specs-section-values-row\">\n<div class=\"product-details-specs-section-values-cell-name\">m2\/carton<\/div>\n<div class=\"product-details-specs-section-values-cell-value\">2.23<\/div>\n<\/div>\n<div class=\"product-details-specs-section-values-row\">\n<div class=\"product-details-specs-section-values-cell-name\"><strong>pi\u00b2\/bo\u00eete<\/strong><\/div>\n<div class=\"product-details-specs-section-values-cell-value\"><strong>24.03<\/strong><\/div>\n<\/div>\n<div class=\"product-details-specs-section-values-row\">\n<div class=\"product-details-specs-section-values-cell-name\">Bo\u00eete\/Skid<\/div>\n<div class=\"product-details-specs-section-values-cell-value\">35<\/div>\n<\/div>\n<div class=\"product-details-specs-section-values-row\">\n<div class=\"product-details-specs-section-values-cell-name\">Poids (kg\/bo\u00eete)<\/div>\n<div class=\"product-details-specs-section-values-cell-value\">19.2<\/div>\n<\/div>\n<div class=\"product-details-specs-section-values-row\">\n<div class=\"product-details-specs-section-values-cell-name\">Poids (lb\/bo\u00eete)<\/div>\n<div class=\"product-details-specs-section-values-cell-value\">42.34<\/div>\n<\/div>\n<\/div>","protected":false},"excerpt":{"rendered":"<p>Plus r\u00e9sistant que le rev\u00eatement de sol en vinyle de luxe conventionnel, plus facile \u00e0 entretenir et \u00e0 installer gr\u00e2ce \u00e0 notre syst\u00e8me de verrouillage innovant Click&amp;Lock, m\u00eame par vous-m\u00eame.\u00a0Parfait pour les projets r\u00e9sidentiels et commerciaux et adapt\u00e9 \u00e0 n\u2019importe quelle cuisine, salon ou autre espace commun \u00e0 n\u2019importe quel niveau d\u2019\u00e9tage.\u00a0Nous proposons une large gamme de s\u00e9lections de couleurs en grain de bois mat et r\u00e9aliste.\u00a0Le meilleur produit chic et moderne pour votre projet de d\u00e9coration de pi\u00e8ce.<br \/>\n&#8211; 1220 x 183 x 5,5 mm (48 x 7,25 x 0,25 po)<br \/>\n&#8211; 100 % \u00e9tanche<br \/>\n&#8211; Certifi\u00e9 Floor Score<\/p>\n<h3 class=\"product-details-specs-section-name\">Dimensions<\/h3>\n<div class=\"product-details-specs-section-values-container\">\n<div class=\"product-details-specs-section-values-row\">\n<div class=\"product-details-specs-section-values-cell-name\">Longueur (mm)<\/div>\n<div class=\"product-details-specs-section-values-cell-value\">1220<\/div>\n<\/div>\n<div class=\"product-details-specs-section-values-row\">\n<div class=\"product-details-specs-section-values-cell-name\">Largeur (mm)<\/div>\n<div class=\"product-details-specs-section-values-cell-value\">183<\/div>\n<\/div>\n<div class=\"product-details-specs-section-values-row\">\n<div class=\"product-details-specs-section-values-cell-name\">\u00c9paisseur (mm)<\/div>\n<div class=\"product-details-specs-section-values-cell-value\">5.5<\/div>\n<\/div>\n<div class=\"product-details-specs-section-values-row\">\n<div class=\"product-details-specs-section-values-cell-name\">Taille (mm)<\/div>\n<div class=\"product-details-specs-section-values-cell-value\">1220 x 183 x 5,5 mm<\/div>\n<\/div>\n<div class=\"product-details-specs-section-values-row\">\n<div class=\"product-details-specs-section-values-cell-name\">Longueur (po)<\/div>\n<div class=\"product-details-specs-section-values-cell-value\">48<\/div>\n<\/div>\n<div class=\"product-details-specs-section-values-row\">\n<div class=\"product-details-specs-section-values-cell-name\">Largeur (po)<\/div>\n<div class=\"product-details-specs-section-values-cell-value\">7h25<\/div>\n<\/div>\n<div class=\"product-details-specs-section-values-row\">\n<div class=\"product-details-specs-section-values-cell-name\">\u00c9paisseur (po)<\/div>\n<div class=\"product-details-specs-section-values-cell-value\">.25<\/div>\n<\/div>\n<div class=\"product-details-specs-section-values-row\">\n<div class=\"product-details-specs-section-values-cell-name\">Taille (po.)<\/div>\n<div class=\"product-details-specs-section-values-cell-value\">48 x 7,25 x 0,25 po<\/div>\n<\/div>\n<\/div>\n<h3 class=\"product-details-specs-section-name\">Sp\u00e9cification de produit<\/h3>\n<div class=\"product-details-specs-section-values-container\">\n<div class=\"product-details-specs-section-values-row\">\n<div class=\"product-details-specs-section-values-cell-name\">Surface<\/div>\n<div class=\"product-details-specs-section-values-cell-value\">Texture bois antique<\/div>\n<\/div>\n<div class=\"product-details-specs-section-values-row\">\n<div class=\"product-details-specs-section-values-cell-name\">Couche d&rsquo;usure<\/div>\n<div class=\"product-details-specs-section-values-cell-value\">20 millions<\/div>\n<\/div>\n<div class=\"product-details-specs-section-values-row\">\n<div class=\"product-details-specs-section-values-cell-name\">Niveau de r\u00e9sistance \u00e0 l&rsquo;eau<\/div>\n<div class=\"product-details-specs-section-values-cell-value\">100% \u00e9tanche<\/div>\n<\/div>\n<div class=\"product-details-specs-section-values-row\">\n<div class=\"product-details-specs-section-values-cell-name\">Syst\u00e8me de verrouillage<\/div>\n<div class=\"product-details-specs-section-values-cell-value\">Verrouillage des clics<\/div>\n<\/div>\n<div class=\"product-details-specs-section-values-row\">\n<div class=\"product-details-specs-section-values-cell-name\">Sous-tapis attach\u00e9<\/div>\n<div class=\"product-details-specs-section-values-cell-value\">Oui<\/div>\n<\/div>\n<div class=\"product-details-specs-section-values-row\">\n<div class=\"product-details-specs-section-values-cell-name\">Garantie (r\u00e9sidentiel)<\/div>\n<div class=\"product-details-specs-section-values-cell-value\">30 ans<\/div>\n<\/div>\n<div class=\"product-details-specs-section-values-row\">\n<div class=\"product-details-specs-section-values-cell-name\">Garantie (commerciale)<\/div>\n<div class=\"product-details-specs-section-values-cell-value\">15 ans<\/div>\n<\/div>\n<div class=\"product-details-specs-section-values-row\">\n<div class=\"product-details-specs-section-values-cell-name\">Type de chambre recommand\u00e9<\/div>\n<div class=\"product-details-specs-section-values-cell-value\">LBKD<\/div>\n<\/div>\n<\/div>\n<h3 class=\"product-details-specs-section-name\">Sp\u00e9cification du paquet<\/h3>\n<div class=\"product-details-specs-section-values-container\">\n<div class=\"product-details-specs-section-values-row\">\n<div class=\"product-details-specs-section-values-cell-name\">PC\/bo\u00eete<\/div>\n<div class=\"product-details-specs-section-values-cell-value\">dix<\/div>\n<\/div>\n<div class=\"product-details-specs-section-values-row\">\n<div class=\"product-details-specs-section-values-cell-name\">m2\/carton<\/div>\n<div class=\"product-details-specs-section-values-cell-value\">2.23<\/div>\n<\/div>\n<div class=\"product-details-specs-section-values-row\">\n<div class=\"product-details-specs-section-values-cell-name\"><strong>pi\u00b2\/bo\u00eete<\/strong><\/div>\n<div class=\"product-details-specs-section-values-cell-value\"><strong>24.03<\/strong><\/div>\n<\/div>\n<div class=\"product-details-specs-section-values-row\">\n<div class=\"product-details-specs-section-values-cell-name\">Bo\u00eete\/Skid<\/div>\n<div class=\"product-details-specs-section-values-cell-value\">35<\/div>\n<\/div>\n<div class=\"product-details-specs-section-values-row\">\n<div class=\"product-details-specs-section-values-cell-name\">Poids (kg\/bo\u00eete)<\/div>\n<div class=\"product-details-specs-section-values-cell-value\">19.2<\/div>\n<\/div>\n<div class=\"product-details-specs-section-values-row\">\n<div class=\"product-details-specs-section-values-cell-name\">Poids (lb\/bo\u00eete)<\/div>\n<div class=\"product-details-specs-section-values-cell-value\">42.34<\/div>\n<\/div>\n<\/div>","protected":false},"featured_media":107395,"comment_status":"closed","ping_status":"closed","template":"","meta":{"rank_math_lock_modified_date":false},"product_cat":[141],"product_tag":[],"class_list":{"0":"post-107394","1":"product","2":"type-product","3":"status-publish","4":"has-post-thumbnail","6":"product_cat-vinyle-clic","7":"product_shipping_class-palette","9":"first","10":"instock","11":"taxable","12":"shipping-taxable","13":"purchasable","14":"product-type-simple"},"_links":{"self":[{"href":"https:\/\/pdirect.ca\/en\/wp-json\/wp\/v2\/product\/107394"}],"collection":[{"href":"https:\/\/pdirect.ca\/en\/wp-json\/wp\/v2\/product"}],"about":[{"href":"https:\/\/pdirect.ca\/en\/wp-json\/wp\/v2\/types\/product"}],"replies":[{"embeddable":true,"href":"https:\/\/pdirect.ca\/en\/wp-json\/wp\/v2\/comments?post=107394"}],"wp:featuredmedia":[{"embeddable":true,"href":"https:\/\/pdirect.ca\/en\/wp-json\/wp\/v2\/media\/107395"}],"wp:attachment":[{"href":"https:\/\/pdirect.ca\/en\/wp-json\/wp\/v2\/media?parent=107394"}],"wp:term":[{"taxonomy":"product_cat","embeddable":true,"href":"https:\/\/pdirect.ca\/en\/wp-json\/wp\/v2\/product_cat?post=107394"},{"taxonomy":"product_tag","embeddable":true,"href":"https:\/\/pdirect.ca\/en\/wp-json\/wp\/v2\/product_tag?post=107394"}],"curies":[{"name":"wp","href":"https:\/\/api.w.org\/{rel}","templated":true}]}}