{"id":107464,"date":"2023-10-26T14:56:00","date_gmt":"2023-10-26T18:56:00","guid":{"rendered":"https:\/\/pdirect.ca\/?post_type=product&#038;p=107464"},"modified":"2024-11-27T13:58:00","modified_gmt":"2024-11-27T18:58:00","slug":"toucan-tfl601-5mm-vinyle-3-49pi2","status":"publish","type":"product","link":"https:\/\/pdirect.ca\/en\/product\/toucan-tfl601-5mm-vinyle-3-49pi2\/","title":{"rendered":"Toucan Planchette De Vinyle coll\u00e9 TFL601 5mm"},"content":{"rendered":"<p>Plus r\u00e9sistant que le rev\u00eatement de sol en vinyle de luxe conventionnel, plus facile \u00e0 entretenir et \u00e0 installer gr\u00e2ce \u00e0 notre syst\u00e8me de verrouillage innovant Click &amp; Lock.\u00a0Parfait pour les projets r\u00e9sidentiels et commerciaux.\u00a0Nos planches de luxe conviennent \u00e0 la cuisine, au salon ou \u00e0 d\u2019autres espaces communs \u00e0 tous les niveaux.<\/p>\n<h2 class=\"product-details-information-tab-content-panel-title\">Sp\u00e9cifications du produit<\/h2>\n<div class=\"product-details-information-tab-content-container\">\n<h3 class=\"product-details-specs-section-name\">Dimensions<\/h3>\n<div class=\"product-details-specs-section-values-container\">\n<div class=\"product-details-specs-section-values-row\">\n<div class=\"product-details-specs-section-values-cell-name\">Longueur (mm)<\/div>\n<div class=\"product-details-specs-section-values-cell-value\">1224<\/div>\n<\/div>\n<div class=\"product-details-specs-section-values-row\">\n<div class=\"product-details-specs-section-values-cell-name\">Largeur (mm)<\/div>\n<div class=\"product-details-specs-section-values-cell-value\">190<\/div>\n<\/div>\n<div class=\"product-details-specs-section-values-row\">\n<div class=\"product-details-specs-section-values-cell-name\">\u00c9paisseur (mm)<\/div>\n<div class=\"product-details-specs-section-values-cell-value\">5<\/div>\n<\/div>\n<div class=\"product-details-specs-section-values-row\">\n<div class=\"product-details-specs-section-values-cell-name\">Taille (mm)<\/div>\n<div class=\"product-details-specs-section-values-cell-value\">1224 x 190 x 5 mm<\/div>\n<\/div>\n<div class=\"product-details-specs-section-values-row\">\n<div class=\"product-details-specs-section-values-cell-name\">Longueur (po)<\/div>\n<div class=\"product-details-specs-section-values-cell-value\">48.25<\/div>\n<\/div>\n<div class=\"product-details-specs-section-values-row\">\n<div class=\"product-details-specs-section-values-cell-name\">Largeur (po)<\/div>\n<div class=\"product-details-specs-section-values-cell-value\">7.5<\/div>\n<\/div>\n<div class=\"product-details-specs-section-values-row\">\n<div class=\"product-details-specs-section-values-cell-name\">\u00c9paisseur (po)<\/div>\n<div class=\"product-details-specs-section-values-cell-value\">.25<\/div>\n<\/div>\n<div class=\"product-details-specs-section-values-row\">\n<div class=\"product-details-specs-section-values-cell-name\">Taille (po.)<\/div>\n<div class=\"product-details-specs-section-values-cell-value\">48,25 x 7,5 x 0,25<\/div>\n<\/div>\n<\/div>\n<h3 class=\"product-details-specs-section-name\">Sp\u00e9cification de produit<\/h3>\n<div class=\"product-details-specs-section-values-container\">\n<div class=\"product-details-specs-section-values-row\"><\/div>\n<div class=\"product-details-specs-section-values-row\">\n<div class=\"product-details-specs-section-values-cell-value\"><\/div>\n<\/div>\n<div class=\"product-details-specs-section-values-row\">\n<div class=\"product-details-specs-section-values-cell-name\">Niveau de r\u00e9sistance \u00e0 l&rsquo;eau<\/div>\n<div class=\"product-details-specs-section-values-cell-value\">100% \u00e9tanche<\/div>\n<\/div>\n<div class=\"product-details-specs-section-values-row\">\n<div class=\"product-details-specs-section-values-cell-name\">Syst\u00e8me de verrouillage<\/div>\n<div class=\"product-details-specs-section-values-cell-value\">Non<\/div>\n<\/div>\n<div class=\"product-details-specs-section-values-row\">\n<div class=\"product-details-specs-section-values-cell-name\">Sous-tapis attach\u00e9<\/div>\n<div class=\"product-details-specs-section-values-cell-value\">Non<\/div>\n<\/div>\n<div class=\"product-details-specs-section-values-row\">\n<div class=\"product-details-specs-section-values-cell-name\">Garantie (r\u00e9sidentiel)<\/div>\n<div class=\"product-details-specs-section-values-cell-value\">30 ans<\/div>\n<\/div>\n<div class=\"product-details-specs-section-values-row\">\n<div class=\"product-details-specs-section-values-cell-name\">Garantie (commerciale)<\/div>\n<div class=\"product-details-specs-section-values-cell-value\">15 ans<\/div>\n<\/div>\n<div class=\"product-details-specs-section-values-row\">\n<div class=\"product-details-specs-section-values-cell-value\"><\/div>\n<\/div>\n<\/div>\n<h3 class=\"product-details-specs-section-name\">Sp\u00e9cification du paquet<\/h3>\n<div class=\"product-details-specs-section-values-container\">\n<div class=\"product-details-specs-section-values-row\">\n<div class=\"product-details-specs-section-values-cell-name\">PC\/bo\u00eete<\/div>\n<div class=\"product-details-specs-section-values-cell-value\">dix<\/div>\n<\/div>\n<div class=\"product-details-specs-section-values-row\">\n<div class=\"product-details-specs-section-values-cell-value\"><\/div>\n<\/div>\n<div class=\"product-details-specs-section-values-row\">\n<div class=\"product-details-specs-section-values-cell-name\"><strong>pi\u00b2\/bo\u00eete<\/strong><\/div>\n<div class=\"product-details-specs-section-values-cell-value\"><strong>25.03<\/strong><\/div>\n<\/div>\n<div class=\"product-details-specs-section-values-row\">\n<div class=\"product-details-specs-section-values-cell-name\">Poids (kg\/bo\u00eete)<\/div>\n<div class=\"product-details-specs-section-values-cell-value\">23<\/div>\n<\/div>\n<div class=\"product-details-specs-section-values-row\">\n<div class=\"product-details-specs-section-values-cell-name\">Poids (lb\/bo\u00eete)<\/div>\n<div class=\"product-details-specs-section-values-cell-value\">50,71<\/div>\n<\/div>\n<\/div>\n<\/div>","protected":false},"excerpt":{"rendered":"<p>Plus r\u00e9sistant que le rev\u00eatement de sol en vinyle de luxe conventionnel, plus facile \u00e0 entretenir et \u00e0 installer gr\u00e2ce \u00e0 notre syst\u00e8me de verrouillage innovant Click &amp; Lock.\u00a0Parfait pour les projets r\u00e9sidentiels et commerciaux.\u00a0Nos planches de luxe conviennent \u00e0 la cuisine, au salon ou \u00e0 d\u2019autres espaces communs \u00e0 tous les niveaux.<\/p>\n<h2 class=\"product-details-information-tab-content-panel-title\">Sp\u00e9cifications du produit<\/h2>\n<div class=\"product-details-information-tab-content-container\">\n<h3 class=\"product-details-specs-section-name\">Dimensions<\/h3>\n<div class=\"product-details-specs-section-values-container\">\n<div class=\"product-details-specs-section-values-row\">\n<div class=\"product-details-specs-section-values-cell-name\">Longueur (mm)<\/div>\n<div class=\"product-details-specs-section-values-cell-value\">1224<\/div>\n<\/div>\n<div class=\"product-details-specs-section-values-row\">\n<div class=\"product-details-specs-section-values-cell-name\">Largeur (mm)<\/div>\n<div class=\"product-details-specs-section-values-cell-value\">190<\/div>\n<\/div>\n<div class=\"product-details-specs-section-values-row\">\n<div class=\"product-details-specs-section-values-cell-name\">\u00c9paisseur (mm)<\/div>\n<div class=\"product-details-specs-section-values-cell-value\">5<\/div>\n<\/div>\n<div class=\"product-details-specs-section-values-row\">\n<div class=\"product-details-specs-section-values-cell-name\">Taille (mm)<\/div>\n<div class=\"product-details-specs-section-values-cell-value\">1224 x 190 x 5 mm<\/div>\n<\/div>\n<div class=\"product-details-specs-section-values-row\">\n<div class=\"product-details-specs-section-values-cell-name\">Longueur (po)<\/div>\n<div class=\"product-details-specs-section-values-cell-value\">48.25<\/div>\n<\/div>\n<div class=\"product-details-specs-section-values-row\">\n<div class=\"product-details-specs-section-values-cell-name\">Largeur (po)<\/div>\n<div class=\"product-details-specs-section-values-cell-value\">7.5<\/div>\n<\/div>\n<div class=\"product-details-specs-section-values-row\">\n<div class=\"product-details-specs-section-values-cell-name\">\u00c9paisseur (po)<\/div>\n<div class=\"product-details-specs-section-values-cell-value\">.25<\/div>\n<\/div>\n<div class=\"product-details-specs-section-values-row\">\n<div class=\"product-details-specs-section-values-cell-name\">Taille (po.)<\/div>\n<div class=\"product-details-specs-section-values-cell-value\">48,25 x 7,5 x 0,25<\/div>\n<\/div>\n<\/div>\n<h3 class=\"product-details-specs-section-name\">Sp\u00e9cification de produit<\/h3>\n<div class=\"product-details-specs-section-values-container\">\n<div class=\"product-details-specs-section-values-row\"><\/div>\n<div class=\"product-details-specs-section-values-row\">\n<div class=\"product-details-specs-section-values-cell-value\"><\/div>\n<\/div>\n<div class=\"product-details-specs-section-values-row\">\n<div class=\"product-details-specs-section-values-cell-name\">Niveau de r\u00e9sistance \u00e0 l&rsquo;eau<\/div>\n<div class=\"product-details-specs-section-values-cell-value\">100% \u00e9tanche<\/div>\n<\/div>\n<div class=\"product-details-specs-section-values-row\">\n<div class=\"product-details-specs-section-values-cell-name\">Syst\u00e8me de verrouillage<\/div>\n<div class=\"product-details-specs-section-values-cell-value\">Non<\/div>\n<\/div>\n<div class=\"product-details-specs-section-values-row\">\n<div class=\"product-details-specs-section-values-cell-name\">Sous-tapis attach\u00e9<\/div>\n<div class=\"product-details-specs-section-values-cell-value\">Non<\/div>\n<\/div>\n<div class=\"product-details-specs-section-values-row\">\n<div class=\"product-details-specs-section-values-cell-name\">Garantie (r\u00e9sidentiel)<\/div>\n<div class=\"product-details-specs-section-values-cell-value\">30 ans<\/div>\n<\/div>\n<div class=\"product-details-specs-section-values-row\">\n<div class=\"product-details-specs-section-values-cell-name\">Garantie (commerciale)<\/div>\n<div class=\"product-details-specs-section-values-cell-value\">15 ans<\/div>\n<\/div>\n<div class=\"product-details-specs-section-values-row\">\n<div class=\"product-details-specs-section-values-cell-value\"><\/div>\n<\/div>\n<\/div>\n<h3 class=\"product-details-specs-section-name\">Sp\u00e9cification du paquet<\/h3>\n<div class=\"product-details-specs-section-values-container\">\n<div class=\"product-details-specs-section-values-row\">\n<div class=\"product-details-specs-section-values-cell-name\">PC\/bo\u00eete<\/div>\n<div class=\"product-details-specs-section-values-cell-value\">dix<\/div>\n<\/div>\n<div class=\"product-details-specs-section-values-row\">\n<div class=\"product-details-specs-section-values-cell-value\"><\/div>\n<\/div>\n<div class=\"product-details-specs-section-values-row\">\n<div class=\"product-details-specs-section-values-cell-name\"><strong>pi\u00b2\/bo\u00eete<\/strong><\/div>\n<div class=\"product-details-specs-section-values-cell-value\"><strong>25.03<\/strong><\/div>\n<\/div>\n<div class=\"product-details-specs-section-values-row\">\n<div class=\"product-details-specs-section-values-cell-name\">Poids (kg\/bo\u00eete)<\/div>\n<div class=\"product-details-specs-section-values-cell-value\">23<\/div>\n<\/div>\n<div class=\"product-details-specs-section-values-row\">\n<div class=\"product-details-specs-section-values-cell-name\">Poids (lb\/bo\u00eete)<\/div>\n<div class=\"product-details-specs-section-values-cell-value\">50,71<\/div>\n<\/div>\n<\/div>\n<\/div>","protected":false},"featured_media":107465,"comment_status":"closed","ping_status":"closed","template":"","meta":{"rank_math_lock_modified_date":false},"product_cat":[96],"product_tag":[],"class_list":{"0":"post-107464","1":"product","2":"type-product","3":"status-publish","4":"has-post-thumbnail","6":"product_cat-vinyle-colle","7":"product_shipping_class-palette","9":"first","10":"instock","11":"taxable","12":"shipping-taxable","13":"purchasable","14":"product-type-simple"},"_links":{"self":[{"href":"https:\/\/pdirect.ca\/en\/wp-json\/wp\/v2\/product\/107464"}],"collection":[{"href":"https:\/\/pdirect.ca\/en\/wp-json\/wp\/v2\/product"}],"about":[{"href":"https:\/\/pdirect.ca\/en\/wp-json\/wp\/v2\/types\/product"}],"replies":[{"embeddable":true,"href":"https:\/\/pdirect.ca\/en\/wp-json\/wp\/v2\/comments?post=107464"}],"wp:featuredmedia":[{"embeddable":true,"href":"https:\/\/pdirect.ca\/en\/wp-json\/wp\/v2\/media\/107465"}],"wp:attachment":[{"href":"https:\/\/pdirect.ca\/en\/wp-json\/wp\/v2\/media?parent=107464"}],"wp:term":[{"taxonomy":"product_cat","embeddable":true,"href":"https:\/\/pdirect.ca\/en\/wp-json\/wp\/v2\/product_cat?post=107464"},{"taxonomy":"product_tag","embeddable":true,"href":"https:\/\/pdirect.ca\/en\/wp-json\/wp\/v2\/product_tag?post=107464"}],"curies":[{"name":"wp","href":"https:\/\/api.w.org\/{rel}","templated":true}]}}