{"id":107487,"date":"2023-11-01T17:10:17","date_gmt":"2023-11-01T17:10:17","guid":{"rendered":"https:\/\/pdirect.ca\/?post_type=product&#038;p=107487"},"modified":"2024-11-25T10:41:56","modified_gmt":"2024-11-25T15:41:56","slug":"lavabo-im-1042","status":"publish","type":"product","link":"https:\/\/pdirect.ca\/en\/product\/lavabo-im-1042\/","title":{"rendered":"Lavabo IM-1042"},"content":{"rendered":"<p>La vasque ronde de 18 pouces en porcelaine avec un trou de robinet est un ajout chic \u00e0 toute salle de bains. Fabriqu\u00e9 en porcelaine de haute qualit\u00e9, il allie durabilit\u00e9 et design \u00e9l\u00e9gant. Sa forme ronde offre un aspect unique et contemporain, tandis que le trou de robinet unique simplifie l&rsquo;installation. Cet \u00e9vier est non seulement \u00e9l\u00e9gant mais aussi pratique, ce qui en fait un choix id\u00e9al pour ceux qui cherchent \u00e0 rehausser le d\u00e9cor de leur salle de bains.<\/p>","protected":false},"excerpt":{"rendered":"<p>La vasque ronde de 18 pouces en porcelaine avec un trou de robinet est un ajout chic \u00e0 toute salle de bains. Fabriqu\u00e9 en porcelaine de haute qualit\u00e9, il allie durabilit\u00e9 et design \u00e9l\u00e9gant. Sa forme ronde offre un aspect unique et contemporain, tandis que le trou de robinet unique simplifie l&rsquo;installation. Cet \u00e9vier est non seulement \u00e9l\u00e9gant mais aussi pratique, ce qui en fait un choix id\u00e9al pour ceux qui cherchent \u00e0 rehausser le d\u00e9cor de leur salle de bains.<\/p>","protected":false},"featured_media":107488,"comment_status":"closed","ping_status":"closed","template":"","meta":{"rank_math_lock_modified_date":false},"product_cat":[110],"product_tag":[],"class_list":{"0":"post-107487","1":"product","2":"type-product","3":"status-publish","4":"has-post-thumbnail","6":"product_cat-lavabo","7":"product_shipping_class-palette","9":"first","10":"instock","11":"taxable","12":"shipping-taxable","13":"purchasable","14":"product-type-simple"},"_links":{"self":[{"href":"https:\/\/pdirect.ca\/en\/wp-json\/wp\/v2\/product\/107487"}],"collection":[{"href":"https:\/\/pdirect.ca\/en\/wp-json\/wp\/v2\/product"}],"about":[{"href":"https:\/\/pdirect.ca\/en\/wp-json\/wp\/v2\/types\/product"}],"replies":[{"embeddable":true,"href":"https:\/\/pdirect.ca\/en\/wp-json\/wp\/v2\/comments?post=107487"}],"wp:featuredmedia":[{"embeddable":true,"href":"https:\/\/pdirect.ca\/en\/wp-json\/wp\/v2\/media\/107488"}],"wp:attachment":[{"href":"https:\/\/pdirect.ca\/en\/wp-json\/wp\/v2\/media?parent=107487"}],"wp:term":[{"taxonomy":"product_cat","embeddable":true,"href":"https:\/\/pdirect.ca\/en\/wp-json\/wp\/v2\/product_cat?post=107487"},{"taxonomy":"product_tag","embeddable":true,"href":"https:\/\/pdirect.ca\/en\/wp-json\/wp\/v2\/product_tag?post=107487"}],"curies":[{"name":"wp","href":"https:\/\/api.w.org\/{rel}","templated":true}]}}