{"id":107495,"date":"2023-11-01T17:23:35","date_gmt":"2023-11-01T17:23:35","guid":{"rendered":"https:\/\/pdirect.ca\/?post_type=product&#038;p=107495"},"modified":"2024-11-25T10:41:55","modified_gmt":"2024-11-25T15:41:55","slug":"lavabo-im-1203-cuve-ronde","status":"publish","type":"product","link":"https:\/\/pdirect.ca\/en\/product\/lavabo-im-1203-cuve-ronde\/","title":{"rendered":"lavabo IM-1203  Cuve ronde"},"content":{"rendered":"<h4 class=\"product___heading\">Cuve ronde de 16,5 pouces en porcelaine<\/h4>\n<p>Le vasque rond en porcelaine de 16,5 pouces est un ajout compact et \u00e9l\u00e9gant \u00e0 votre salle de bains. Fabriqu\u00e9 en porcelaine de haute qualit\u00e9, il allie durabilit\u00e9 et design classique. Sa forme ronde offre un aspect intemporel et \u00e9l\u00e9gant, ce qui lui permet de s&rsquo;adapter \u00e0 une grande vari\u00e9t\u00e9 de styles de salles de bains. Ce lavabo est \u00e0 la fois fonctionnel et esth\u00e9tique, et constitue un point central dans le d\u00e9cor de votre salle de bains.<\/p>","protected":false},"excerpt":{"rendered":"<h4 class=\"product___heading\">Cuve ronde de 16,5 pouces en porcelaine<\/h4>\n<p>Le vasque rond en porcelaine de 16,5 pouces est un ajout compact et \u00e9l\u00e9gant \u00e0 votre salle de bains. Fabriqu\u00e9 en porcelaine de haute qualit\u00e9, il allie durabilit\u00e9 et design classique. Sa forme ronde offre un aspect intemporel et \u00e9l\u00e9gant, ce qui lui permet de s&rsquo;adapter \u00e0 une grande vari\u00e9t\u00e9 de styles de salles de bains. Ce lavabo est \u00e0 la fois fonctionnel et esth\u00e9tique, et constitue un point central dans le d\u00e9cor de votre salle de bains.<\/p>","protected":false},"featured_media":107496,"comment_status":"closed","ping_status":"closed","template":"","meta":{"rank_math_lock_modified_date":false},"product_cat":[110],"product_tag":[],"class_list":{"0":"post-107495","1":"product","2":"type-product","3":"status-publish","4":"has-post-thumbnail","6":"product_cat-lavabo","7":"product_shipping_class-palette","9":"first","10":"instock","11":"taxable","12":"shipping-taxable","13":"purchasable","14":"product-type-simple"},"_links":{"self":[{"href":"https:\/\/pdirect.ca\/en\/wp-json\/wp\/v2\/product\/107495"}],"collection":[{"href":"https:\/\/pdirect.ca\/en\/wp-json\/wp\/v2\/product"}],"about":[{"href":"https:\/\/pdirect.ca\/en\/wp-json\/wp\/v2\/types\/product"}],"replies":[{"embeddable":true,"href":"https:\/\/pdirect.ca\/en\/wp-json\/wp\/v2\/comments?post=107495"}],"wp:featuredmedia":[{"embeddable":true,"href":"https:\/\/pdirect.ca\/en\/wp-json\/wp\/v2\/media\/107496"}],"wp:attachment":[{"href":"https:\/\/pdirect.ca\/en\/wp-json\/wp\/v2\/media?parent=107495"}],"wp:term":[{"taxonomy":"product_cat","embeddable":true,"href":"https:\/\/pdirect.ca\/en\/wp-json\/wp\/v2\/product_cat?post=107495"},{"taxonomy":"product_tag","embeddable":true,"href":"https:\/\/pdirect.ca\/en\/wp-json\/wp\/v2\/product_tag?post=107495"}],"curies":[{"name":"wp","href":"https:\/\/api.w.org\/{rel}","templated":true}]}}