{"id":107497,"date":"2023-11-01T17:25:55","date_gmt":"2023-11-01T17:25:55","guid":{"rendered":"https:\/\/pdirect.ca\/?post_type=product&#038;p=107497"},"modified":"2024-11-25T10:41:55","modified_gmt":"2024-11-25T15:41:55","slug":"lavabo-im-1204","status":"publish","type":"product","link":"https:\/\/pdirect.ca\/en\/product\/lavabo-im-1204\/","title":{"rendered":"Lavabo IM-1204"},"content":{"rendered":"<h4 class=\"product___heading\">rectangulaire de 20 pouces en porcelaine<\/h4>\n<div class=\"product__description w-richtext\">\n<p>Le lavabo rectangulaire de 20 pouces en porcelaine est un ajout polyvalent et \u00e9l\u00e9gant \u00e0 votre salle de bains. Fabriqu\u00e9 en porcelaine de haute qualit\u00e9, il offre une grande durabilit\u00e9 et un design \u00e9l\u00e9gant. Sa forme rectangulaire lui conf\u00e8re un aspect moderne et \u00e9pur\u00e9, ce qui le rend adapt\u00e9 aux salles de bains contemporaines. Cet \u00e9vier n&rsquo;est pas seulement fonctionnel, il ajoute \u00e9galement une touche d&rsquo;\u00e9l\u00e9gance au d\u00e9cor de votre salle de bains.<\/p>\n<\/div>\n<div class=\"add-to-cart\"><\/div>","protected":false},"excerpt":{"rendered":"<div class=\"product__description w-richtext\">\n<h4 class=\"product___heading\">rectangulaire de 20 pouces en porcelaine<\/h4>\n<p>Le lavabo rectangulaire de 20 pouces en porcelaine est un ajout polyvalent et \u00e9l\u00e9gant \u00e0 votre salle de bains. Fabriqu\u00e9 en porcelaine de haute qualit\u00e9, il offre une grande durabilit\u00e9 et un design \u00e9l\u00e9gant. Sa forme rectangulaire lui conf\u00e8re un aspect moderne et \u00e9pur\u00e9, ce qui le rend adapt\u00e9 aux salles de bains contemporaines. Cet \u00e9vier n&rsquo;est pas seulement fonctionnel, il ajoute \u00e9galement une touche d&rsquo;\u00e9l\u00e9gance au d\u00e9cor de votre salle de bains.<\/p>\n<\/div>\n<div class=\"add-to-cart\"><\/div>","protected":false},"featured_media":107498,"comment_status":"closed","ping_status":"closed","template":"","meta":{"rank_math_lock_modified_date":false},"product_cat":[110],"product_tag":[],"class_list":{"0":"post-107497","1":"product","2":"type-product","3":"status-publish","4":"has-post-thumbnail","6":"product_cat-lavabo","7":"product_shipping_class-palette","9":"first","10":"instock","11":"taxable","12":"shipping-taxable","13":"purchasable","14":"product-type-simple"},"_links":{"self":[{"href":"https:\/\/pdirect.ca\/en\/wp-json\/wp\/v2\/product\/107497"}],"collection":[{"href":"https:\/\/pdirect.ca\/en\/wp-json\/wp\/v2\/product"}],"about":[{"href":"https:\/\/pdirect.ca\/en\/wp-json\/wp\/v2\/types\/product"}],"replies":[{"embeddable":true,"href":"https:\/\/pdirect.ca\/en\/wp-json\/wp\/v2\/comments?post=107497"}],"wp:featuredmedia":[{"embeddable":true,"href":"https:\/\/pdirect.ca\/en\/wp-json\/wp\/v2\/media\/107498"}],"wp:attachment":[{"href":"https:\/\/pdirect.ca\/en\/wp-json\/wp\/v2\/media?parent=107497"}],"wp:term":[{"taxonomy":"product_cat","embeddable":true,"href":"https:\/\/pdirect.ca\/en\/wp-json\/wp\/v2\/product_cat?post=107497"},{"taxonomy":"product_tag","embeddable":true,"href":"https:\/\/pdirect.ca\/en\/wp-json\/wp\/v2\/product_tag?post=107497"}],"curies":[{"name":"wp","href":"https:\/\/api.w.org\/{rel}","templated":true}]}}