{"id":107499,"date":"2023-11-01T17:28:22","date_gmt":"2023-11-01T17:28:22","guid":{"rendered":"https:\/\/pdirect.ca\/?post_type=product&#038;p=107499"},"modified":"2024-11-25T10:41:55","modified_gmt":"2024-11-25T15:41:55","slug":"lavabo-im-1206","status":"publish","type":"product","link":"https:\/\/pdirect.ca\/en\/product\/lavabo-im-1206\/","title":{"rendered":"Lavabo IM-1206"},"content":{"rendered":"<h4 class=\"product___heading\">16.5 Evier rond en porcelaine<\/h4>\n<p>L&rsquo;\u00e9vier rond en porcelaine de 16,5 pouces est un compl\u00e9ment compact et intemporel pour votre salle de bains ou votre cuisine. Fabriqu\u00e9 en porcelaine de haute qualit\u00e9, il offre une grande durabilit\u00e9 et un design classique. Sa forme ronde lui conf\u00e8re un aspect polyvalent qui s&rsquo;harmonise avec diff\u00e9rents styles. Cet \u00e9vier est \u00e0 la fois fonctionnel et esth\u00e9tique, ce qui en fait un choix pratique pour n&rsquo;importe quel espace.<\/p>","protected":false},"excerpt":{"rendered":"<h4 class=\"product___heading\">16.5 Evier rond en porcelaine<\/h4>\n<p>L&rsquo;\u00e9vier rond en porcelaine de 16,5 pouces est un compl\u00e9ment compact et intemporel pour votre salle de bains ou votre cuisine. Fabriqu\u00e9 en porcelaine de haute qualit\u00e9, il offre une grande durabilit\u00e9 et un design classique. Sa forme ronde lui conf\u00e8re un aspect polyvalent qui s&rsquo;harmonise avec diff\u00e9rents styles. Cet \u00e9vier est \u00e0 la fois fonctionnel et esth\u00e9tique, ce qui en fait un choix pratique pour n&rsquo;importe quel espace.<\/p>","protected":false},"featured_media":107500,"comment_status":"closed","ping_status":"closed","template":"","meta":{"rank_math_lock_modified_date":false},"product_cat":[110],"product_tag":[],"class_list":{"0":"post-107499","1":"product","2":"type-product","3":"status-publish","4":"has-post-thumbnail","6":"product_cat-lavabo","7":"product_shipping_class-palette","9":"first","10":"instock","11":"taxable","12":"shipping-taxable","13":"purchasable","14":"product-type-simple"},"_links":{"self":[{"href":"https:\/\/pdirect.ca\/en\/wp-json\/wp\/v2\/product\/107499"}],"collection":[{"href":"https:\/\/pdirect.ca\/en\/wp-json\/wp\/v2\/product"}],"about":[{"href":"https:\/\/pdirect.ca\/en\/wp-json\/wp\/v2\/types\/product"}],"replies":[{"embeddable":true,"href":"https:\/\/pdirect.ca\/en\/wp-json\/wp\/v2\/comments?post=107499"}],"wp:featuredmedia":[{"embeddable":true,"href":"https:\/\/pdirect.ca\/en\/wp-json\/wp\/v2\/media\/107500"}],"wp:attachment":[{"href":"https:\/\/pdirect.ca\/en\/wp-json\/wp\/v2\/media?parent=107499"}],"wp:term":[{"taxonomy":"product_cat","embeddable":true,"href":"https:\/\/pdirect.ca\/en\/wp-json\/wp\/v2\/product_cat?post=107499"},{"taxonomy":"product_tag","embeddable":true,"href":"https:\/\/pdirect.ca\/en\/wp-json\/wp\/v2\/product_tag?post=107499"}],"curies":[{"name":"wp","href":"https:\/\/api.w.org\/{rel}","templated":true}]}}