{"id":107501,"date":"2023-11-01T17:40:16","date_gmt":"2023-11-01T17:40:16","guid":{"rendered":"https:\/\/pdirect.ca\/?post_type=product&#038;p=107501"},"modified":"2024-11-25T10:41:55","modified_gmt":"2024-11-25T15:41:55","slug":"lavabo-im-1220","status":"publish","type":"product","link":"https:\/\/pdirect.ca\/en\/product\/lavabo-im-1220\/","title":{"rendered":"Lavabo IM-1220"},"content":{"rendered":"<h4 class=\"product___heading\">Evier rectangulaire en porcelaine \u00e0 poser de 20 pouces<\/h4>\n<p>L&rsquo;\u00e9vier rectangulaire en porcelaine de 20 pouces \u00e0 poser est un compl\u00e9ment polyvalent et fonctionnel pour votre salle de bains. Fabriqu\u00e9 en porcelaine de haute qualit\u00e9, il offre une grande durabilit\u00e9 et un design \u00e9pur\u00e9 et moderne. Sa forme rectangulaire offre suffisamment d&rsquo;espace pour les t\u00e2ches quotidiennes, et l&rsquo;installation est simple. Cet \u00e9vier ne se contente pas de rehausser l&rsquo;esth\u00e9tique de votre espace, il ajoute \u00e9galement un aspect pratique \u00e0 vos activit\u00e9s quotidiennes.<\/p>","protected":false},"excerpt":{"rendered":"<h4 class=\"product___heading\">Evier rectangulaire en porcelaine \u00e0 poser de 20 pouces<\/h4>\n<p>L&rsquo;\u00e9vier rectangulaire en porcelaine de 20 pouces \u00e0 poser est un compl\u00e9ment polyvalent et fonctionnel pour votre salle de bains. Fabriqu\u00e9 en porcelaine de haute qualit\u00e9, il offre une grande durabilit\u00e9 et un design \u00e9pur\u00e9 et moderne. Sa forme rectangulaire offre suffisamment d&rsquo;espace pour les t\u00e2ches quotidiennes, et l&rsquo;installation est simple. Cet \u00e9vier ne se contente pas de rehausser l&rsquo;esth\u00e9tique de votre espace, il ajoute \u00e9galement un aspect pratique \u00e0 vos activit\u00e9s quotidiennes.<\/p>","protected":false},"featured_media":107502,"comment_status":"closed","ping_status":"closed","template":"","meta":{"rank_math_lock_modified_date":false},"product_cat":[110],"product_tag":[],"class_list":{"0":"post-107501","1":"product","2":"type-product","3":"status-publish","4":"has-post-thumbnail","6":"product_cat-lavabo","7":"product_shipping_class-palette","9":"first","10":"instock","11":"taxable","12":"shipping-taxable","13":"purchasable","14":"product-type-simple"},"_links":{"self":[{"href":"https:\/\/pdirect.ca\/en\/wp-json\/wp\/v2\/product\/107501"}],"collection":[{"href":"https:\/\/pdirect.ca\/en\/wp-json\/wp\/v2\/product"}],"about":[{"href":"https:\/\/pdirect.ca\/en\/wp-json\/wp\/v2\/types\/product"}],"replies":[{"embeddable":true,"href":"https:\/\/pdirect.ca\/en\/wp-json\/wp\/v2\/comments?post=107501"}],"wp:featuredmedia":[{"embeddable":true,"href":"https:\/\/pdirect.ca\/en\/wp-json\/wp\/v2\/media\/107502"}],"wp:attachment":[{"href":"https:\/\/pdirect.ca\/en\/wp-json\/wp\/v2\/media?parent=107501"}],"wp:term":[{"taxonomy":"product_cat","embeddable":true,"href":"https:\/\/pdirect.ca\/en\/wp-json\/wp\/v2\/product_cat?post=107501"},{"taxonomy":"product_tag","embeddable":true,"href":"https:\/\/pdirect.ca\/en\/wp-json\/wp\/v2\/product_tag?post=107501"}],"curies":[{"name":"wp","href":"https:\/\/api.w.org\/{rel}","templated":true}]}}