{"id":107503,"date":"2023-11-01T17:45:00","date_gmt":"2023-11-01T17:45:00","guid":{"rendered":"https:\/\/pdirect.ca\/?post_type=product&#038;p=107503"},"modified":"2024-11-25T10:41:55","modified_gmt":"2024-11-25T15:41:55","slug":"lavabo-im-1268","status":"publish","type":"product","link":"https:\/\/pdirect.ca\/en\/product\/lavabo-im-1268\/","title":{"rendered":"lavabo IM-1268"},"content":{"rendered":"<h4 class=\"product___heading\">16 pouces, carr\u00e9e avec bords ronds<\/h4>\n<p>Voici le Vasque &#8211; un chef-d&rsquo;\u0153uvre minimaliste pour votre salle de bains. Ce lavabo \u00e9l\u00e9gant incarne l&rsquo;\u00e9l\u00e9gance contemporaine. Fabriqu\u00e9 avec pr\u00e9cision et durabilit\u00e9, il s&rsquo;int\u00e8gre parfaitement aux int\u00e9rieurs modernes. Sa surface facile \u00e0 nettoyer et sa finition noire frappante en font un choix \u00e0 la fois pratique et \u00e9l\u00e9gant pour la modernisation de votre salle de bains.<\/p>","protected":false},"excerpt":{"rendered":"<h4 class=\"product___heading\">16 pouces, carr\u00e9e avec bords ronds<\/h4>\n<p>Voici le Vasque &#8211; un chef-d&rsquo;\u0153uvre minimaliste pour votre salle de bains. Ce lavabo \u00e9l\u00e9gant incarne l&rsquo;\u00e9l\u00e9gance contemporaine. Fabriqu\u00e9 avec pr\u00e9cision et durabilit\u00e9, il s&rsquo;int\u00e8gre parfaitement aux int\u00e9rieurs modernes. Sa surface facile \u00e0 nettoyer et sa finition noire frappante en font un choix \u00e0 la fois pratique et \u00e9l\u00e9gant pour la modernisation de votre salle de bains.<\/p>","protected":false},"featured_media":107504,"comment_status":"closed","ping_status":"closed","template":"","meta":{"rank_math_lock_modified_date":false},"product_cat":[110],"product_tag":[],"class_list":{"0":"post-107503","1":"product","2":"type-product","3":"status-publish","4":"has-post-thumbnail","6":"product_cat-lavabo","7":"product_shipping_class-palette","9":"first","10":"instock","11":"taxable","12":"shipping-taxable","13":"purchasable","14":"product-type-simple"},"_links":{"self":[{"href":"https:\/\/pdirect.ca\/en\/wp-json\/wp\/v2\/product\/107503"}],"collection":[{"href":"https:\/\/pdirect.ca\/en\/wp-json\/wp\/v2\/product"}],"about":[{"href":"https:\/\/pdirect.ca\/en\/wp-json\/wp\/v2\/types\/product"}],"replies":[{"embeddable":true,"href":"https:\/\/pdirect.ca\/en\/wp-json\/wp\/v2\/comments?post=107503"}],"wp:featuredmedia":[{"embeddable":true,"href":"https:\/\/pdirect.ca\/en\/wp-json\/wp\/v2\/media\/107504"}],"wp:attachment":[{"href":"https:\/\/pdirect.ca\/en\/wp-json\/wp\/v2\/media?parent=107503"}],"wp:term":[{"taxonomy":"product_cat","embeddable":true,"href":"https:\/\/pdirect.ca\/en\/wp-json\/wp\/v2\/product_cat?post=107503"},{"taxonomy":"product_tag","embeddable":true,"href":"https:\/\/pdirect.ca\/en\/wp-json\/wp\/v2\/product_tag?post=107503"}],"curies":[{"name":"wp","href":"https:\/\/api.w.org\/{rel}","templated":true}]}}