{"id":107507,"date":"2023-11-01T17:50:26","date_gmt":"2023-11-01T17:50:26","guid":{"rendered":"https:\/\/pdirect.ca\/?post_type=product&#038;p=107507"},"modified":"2024-11-25T10:41:37","modified_gmt":"2024-11-25T15:41:37","slug":"lavabo-im-2008","status":"publish","type":"product","link":"https:\/\/pdirect.ca\/en\/product\/lavabo-im-2008\/","title":{"rendered":"lavabo IM-2008"},"content":{"rendered":"<h4 class=\"product___heading\">Evier sous plan rond 19.5in en porcelaine<\/h4>\n<p>Mettez en valeur l&rsquo;\u00e9l\u00e9gance de votre salle de bains avec notre \u00e9vier rond sous plan. Cet appareil exquis s&rsquo;int\u00e8gre parfaitement sous votre plan de travail, offrant un aspect \u00e9pur\u00e9 et contemporain qui s&rsquo;harmonise avec tout d\u00e9cor de salle de bains. Fabriqu\u00e9 avec pr\u00e9cision \u00e0 partir de mat\u00e9riaux durables, il garantit des performances durables. Sa conception sous le plan de travail permet d&rsquo;\u00e9conomiser de l&rsquo;espace pr\u00e9cieux tout en facilitant le nettoyage, puisqu&rsquo;il n&rsquo;y a pas de bords expos\u00e9s. Sa surface lisse et non poreuse r\u00e9siste aux taches et est facile \u00e0 entretenir, garantissant un aspect hygi\u00e9nique et impeccable. Avec son bassin g\u00e9n\u00e9reux, il permet d&rsquo;effectuer les t\u00e2ches quotidiennes avec facilit\u00e9. Rehaussez le style et la fonctionnalit\u00e9 de votre salle de bains avec ce lavabo rond sous plan, un m\u00e9lange parfait d&rsquo;esth\u00e9tique et de praticit\u00e9.<\/p>","protected":false},"excerpt":{"rendered":"<h4 class=\"product___heading\">Evier sous plan rond 19.5in en porcelaine<\/h4>\n<p>Mettez en valeur l&rsquo;\u00e9l\u00e9gance de votre salle de bains avec notre \u00e9vier rond sous plan. Cet appareil exquis s&rsquo;int\u00e8gre parfaitement sous votre plan de travail, offrant un aspect \u00e9pur\u00e9 et contemporain qui s&rsquo;harmonise avec tout d\u00e9cor de salle de bains. Fabriqu\u00e9 avec pr\u00e9cision \u00e0 partir de mat\u00e9riaux durables, il garantit des performances durables. Sa conception sous le plan de travail permet d&rsquo;\u00e9conomiser de l&rsquo;espace pr\u00e9cieux tout en facilitant le nettoyage, puisqu&rsquo;il n&rsquo;y a pas de bords expos\u00e9s. Sa surface lisse et non poreuse r\u00e9siste aux taches et est facile \u00e0 entretenir, garantissant un aspect hygi\u00e9nique et impeccable. Avec son bassin g\u00e9n\u00e9reux, il permet d&rsquo;effectuer les t\u00e2ches quotidiennes avec facilit\u00e9. Rehaussez le style et la fonctionnalit\u00e9 de votre salle de bains avec ce lavabo rond sous plan, un m\u00e9lange parfait d&rsquo;esth\u00e9tique et de praticit\u00e9.<\/p>","protected":false},"featured_media":107508,"comment_status":"closed","ping_status":"closed","template":"","meta":{"rank_math_lock_modified_date":false},"product_cat":[110],"product_tag":[],"class_list":{"0":"post-107507","1":"product","2":"type-product","3":"status-publish","4":"has-post-thumbnail","6":"product_cat-lavabo","7":"product_shipping_class-palette","9":"first","10":"instock","11":"taxable","12":"shipping-taxable","13":"purchasable","14":"product-type-simple"},"_links":{"self":[{"href":"https:\/\/pdirect.ca\/en\/wp-json\/wp\/v2\/product\/107507"}],"collection":[{"href":"https:\/\/pdirect.ca\/en\/wp-json\/wp\/v2\/product"}],"about":[{"href":"https:\/\/pdirect.ca\/en\/wp-json\/wp\/v2\/types\/product"}],"replies":[{"embeddable":true,"href":"https:\/\/pdirect.ca\/en\/wp-json\/wp\/v2\/comments?post=107507"}],"wp:featuredmedia":[{"embeddable":true,"href":"https:\/\/pdirect.ca\/en\/wp-json\/wp\/v2\/media\/107508"}],"wp:attachment":[{"href":"https:\/\/pdirect.ca\/en\/wp-json\/wp\/v2\/media?parent=107507"}],"wp:term":[{"taxonomy":"product_cat","embeddable":true,"href":"https:\/\/pdirect.ca\/en\/wp-json\/wp\/v2\/product_cat?post=107507"},{"taxonomy":"product_tag","embeddable":true,"href":"https:\/\/pdirect.ca\/en\/wp-json\/wp\/v2\/product_tag?post=107507"}],"curies":[{"name":"wp","href":"https:\/\/api.w.org\/{rel}","templated":true}]}}