{"id":107509,"date":"2023-11-01T17:53:47","date_gmt":"2023-11-01T17:53:47","guid":{"rendered":"https:\/\/pdirect.ca\/?post_type=product&#038;p=107509"},"modified":"2024-11-25T10:41:37","modified_gmt":"2024-11-25T15:41:37","slug":"lavabo-im-2010","status":"publish","type":"product","link":"https:\/\/pdirect.ca\/en\/product\/lavabo-im-2010\/","title":{"rendered":"Lavabo IM-2010"},"content":{"rendered":"<h4 class=\"product___heading\">\u00c9vier sous plan rectangulaire 18,5 po en porcelaine<\/h4>\n<p>Rehaussez le charme de votre salle de bains avec notre \u00e9vier sous plan rectangulaire de 18,5 pouces en porcelaine. Fabriqu\u00e9 avec pr\u00e9cision et fini en porcelaine lisse et immacul\u00e9e, cet \u00e9vier ajoute une touche d&rsquo;\u00e9l\u00e9gance intemporelle \u00e0 votre espace. Son design sous plan permet de gagner de l&rsquo;espace sur le comptoir et de simplifier le nettoyage, puisqu&rsquo;il n&rsquo;y a pas de bords expos\u00e9s. La nature durable de la porcelaine garantit une beaut\u00e9 durable et une r\u00e9sistance aux taches, ce qui facilite l&rsquo;entretien. Avec son bassin g\u00e9n\u00e9reux, il permet d&rsquo;accomplir les t\u00e2ches quotidiennes sans effort. Transformez votre salle de bains en un havre de style et de fonctionnalit\u00e9 avec ce lavabo rectangulaire sous plan, un m\u00e9lange parfait d&rsquo;esth\u00e9tique et de praticit\u00e9.<\/p>","protected":false},"excerpt":{"rendered":"<h4 class=\"product___heading\">\u00c9vier sous plan rectangulaire 18,5 po en porcelaine<\/h4>\n<p>Rehaussez le charme de votre salle de bains avec notre \u00e9vier sous plan rectangulaire de 18,5 pouces en porcelaine. Fabriqu\u00e9 avec pr\u00e9cision et fini en porcelaine lisse et immacul\u00e9e, cet \u00e9vier ajoute une touche d&rsquo;\u00e9l\u00e9gance intemporelle \u00e0 votre espace. Son design sous plan permet de gagner de l&rsquo;espace sur le comptoir et de simplifier le nettoyage, puisqu&rsquo;il n&rsquo;y a pas de bords expos\u00e9s. La nature durable de la porcelaine garantit une beaut\u00e9 durable et une r\u00e9sistance aux taches, ce qui facilite l&rsquo;entretien. Avec son bassin g\u00e9n\u00e9reux, il permet d&rsquo;accomplir les t\u00e2ches quotidiennes sans effort. Transformez votre salle de bains en un havre de style et de fonctionnalit\u00e9 avec ce lavabo rectangulaire sous plan, un m\u00e9lange parfait d&rsquo;esth\u00e9tique et de praticit\u00e9.<\/p>","protected":false},"featured_media":107510,"comment_status":"closed","ping_status":"closed","template":"","meta":{"rank_math_lock_modified_date":false},"product_cat":[110],"product_tag":[],"class_list":{"0":"post-107509","1":"product","2":"type-product","3":"status-publish","4":"has-post-thumbnail","6":"product_cat-lavabo","7":"product_shipping_class-palette","9":"first","10":"instock","11":"taxable","12":"shipping-taxable","13":"purchasable","14":"product-type-simple"},"_links":{"self":[{"href":"https:\/\/pdirect.ca\/en\/wp-json\/wp\/v2\/product\/107509"}],"collection":[{"href":"https:\/\/pdirect.ca\/en\/wp-json\/wp\/v2\/product"}],"about":[{"href":"https:\/\/pdirect.ca\/en\/wp-json\/wp\/v2\/types\/product"}],"replies":[{"embeddable":true,"href":"https:\/\/pdirect.ca\/en\/wp-json\/wp\/v2\/comments?post=107509"}],"wp:featuredmedia":[{"embeddable":true,"href":"https:\/\/pdirect.ca\/en\/wp-json\/wp\/v2\/media\/107510"}],"wp:attachment":[{"href":"https:\/\/pdirect.ca\/en\/wp-json\/wp\/v2\/media?parent=107509"}],"wp:term":[{"taxonomy":"product_cat","embeddable":true,"href":"https:\/\/pdirect.ca\/en\/wp-json\/wp\/v2\/product_cat?post=107509"},{"taxonomy":"product_tag","embeddable":true,"href":"https:\/\/pdirect.ca\/en\/wp-json\/wp\/v2\/product_tag?post=107509"}],"curies":[{"name":"wp","href":"https:\/\/api.w.org\/{rel}","templated":true}]}}