{"id":107511,"date":"2023-11-01T17:56:02","date_gmt":"2023-11-01T17:56:02","guid":{"rendered":"https:\/\/pdirect.ca\/?post_type=product&#038;p=107511"},"modified":"2024-11-25T10:41:37","modified_gmt":"2024-11-25T15:41:37","slug":"lavabo-im-2022","status":"publish","type":"product","link":"https:\/\/pdirect.ca\/en\/product\/lavabo-im-2022\/","title":{"rendered":"Lavabo IM-2022"},"content":{"rendered":"<h4 class=\"product___heading\">\u00c9vier sous plan rectangulaire de 21 po en porcelaine<\/h4>\n<p>Am\u00e9liorez l&rsquo;esth\u00e9tique de votre salle de bains avec notre \u00e9vier sous plan rectangulaire de 21 pouces en porcelaine. Fabriqu\u00e9 avec pr\u00e9cision et fini en porcelaine lisse, cet \u00e9vier allie l&rsquo;\u00e9l\u00e9gance intemporelle \u00e0 la praticit\u00e9. Son design sous plan permet non seulement d&rsquo;\u00e9conomiser de l&rsquo;espace sur le comptoir, mais aussi de simplifier le nettoyage. R\u00e9sistant aux taches et n\u00e9cessitant peu d&rsquo;entretien, il promet une beaut\u00e9 durable. Le bassin de taille g\u00e9n\u00e9reuse permet d&rsquo;effectuer les t\u00e2ches quotidiennes avec facilit\u00e9. Transformez votre salle de bains en un sanctuaire de style et de fonctionnalit\u00e9 avec cet exceptionnel lavabo rectangulaire sous plan.<\/p>","protected":false},"excerpt":{"rendered":"<h4 class=\"product___heading\">\u00c9vier sous plan rectangulaire de 21 po en porcelaine<\/h4>\n<p>Am\u00e9liorez l&rsquo;esth\u00e9tique de votre salle de bains avec notre \u00e9vier sous plan rectangulaire de 21 pouces en porcelaine. Fabriqu\u00e9 avec pr\u00e9cision et fini en porcelaine lisse, cet \u00e9vier allie l&rsquo;\u00e9l\u00e9gance intemporelle \u00e0 la praticit\u00e9. Son design sous plan permet non seulement d&rsquo;\u00e9conomiser de l&rsquo;espace sur le comptoir, mais aussi de simplifier le nettoyage. R\u00e9sistant aux taches et n\u00e9cessitant peu d&rsquo;entretien, il promet une beaut\u00e9 durable. Le bassin de taille g\u00e9n\u00e9reuse permet d&rsquo;effectuer les t\u00e2ches quotidiennes avec facilit\u00e9. Transformez votre salle de bains en un sanctuaire de style et de fonctionnalit\u00e9 avec cet exceptionnel lavabo rectangulaire sous plan.<\/p>","protected":false},"featured_media":107512,"comment_status":"closed","ping_status":"closed","template":"","meta":{"rank_math_lock_modified_date":false},"product_cat":[110],"product_tag":[],"class_list":{"0":"post-107511","1":"product","2":"type-product","3":"status-publish","4":"has-post-thumbnail","6":"product_cat-lavabo","7":"product_shipping_class-palette","9":"first","10":"instock","11":"taxable","12":"shipping-taxable","13":"purchasable","14":"product-type-simple"},"_links":{"self":[{"href":"https:\/\/pdirect.ca\/en\/wp-json\/wp\/v2\/product\/107511"}],"collection":[{"href":"https:\/\/pdirect.ca\/en\/wp-json\/wp\/v2\/product"}],"about":[{"href":"https:\/\/pdirect.ca\/en\/wp-json\/wp\/v2\/types\/product"}],"replies":[{"embeddable":true,"href":"https:\/\/pdirect.ca\/en\/wp-json\/wp\/v2\/comments?post=107511"}],"wp:featuredmedia":[{"embeddable":true,"href":"https:\/\/pdirect.ca\/en\/wp-json\/wp\/v2\/media\/107512"}],"wp:attachment":[{"href":"https:\/\/pdirect.ca\/en\/wp-json\/wp\/v2\/media?parent=107511"}],"wp:term":[{"taxonomy":"product_cat","embeddable":true,"href":"https:\/\/pdirect.ca\/en\/wp-json\/wp\/v2\/product_cat?post=107511"},{"taxonomy":"product_tag","embeddable":true,"href":"https:\/\/pdirect.ca\/en\/wp-json\/wp\/v2\/product_tag?post=107511"}],"curies":[{"name":"wp","href":"https:\/\/api.w.org\/{rel}","templated":true}]}}