{"id":107515,"date":"2023-11-01T18:00:40","date_gmt":"2023-11-01T18:00:40","guid":{"rendered":"https:\/\/pdirect.ca\/?post_type=product&#038;p=107515"},"modified":"2024-11-25T10:41:37","modified_gmt":"2024-11-25T15:41:37","slug":"lavabo-im-2153","status":"publish","type":"product","link":"https:\/\/pdirect.ca\/en\/product\/lavabo-im-2153\/","title":{"rendered":"Lavabo IM-2153"},"content":{"rendered":"<h4 class=\"product___heading\">14.5in Square Bathroom Vessel Sink<\/h4>\n<p>Le lavabo carr\u00e9 de 14,5 pouces pour salle de bains est un ajout compact et moderne \u00e0 votre salle de bains. Fabriqu\u00e9 \u00e0 partir de mat\u00e9riaux de haute qualit\u00e9, il allie durabilit\u00e9 et design \u00e9l\u00e9gant. Sa forme carr\u00e9e lui conf\u00e8re un aspect contemporain et \u00e9pur\u00e9, ce qui le rend adapt\u00e9 aux salles de bains modernes. Ce lavabo n&rsquo;ajoute pas seulement une touche de sophistication \u00e0 votre salle de bains, mais offre \u00e9galement fonctionnalit\u00e9 et commodit\u00e9 pour vos besoins quotidiens.<\/p>","protected":false},"excerpt":{"rendered":"<h4 class=\"product___heading\">14.5in Square Bathroom Vessel Sink<\/h4>\n<p>Le lavabo carr\u00e9 de 14,5 pouces pour salle de bains est un ajout compact et moderne \u00e0 votre salle de bains. Fabriqu\u00e9 \u00e0 partir de mat\u00e9riaux de haute qualit\u00e9, il allie durabilit\u00e9 et design \u00e9l\u00e9gant. Sa forme carr\u00e9e lui conf\u00e8re un aspect contemporain et \u00e9pur\u00e9, ce qui le rend adapt\u00e9 aux salles de bains modernes. Ce lavabo n&rsquo;ajoute pas seulement une touche de sophistication \u00e0 votre salle de bains, mais offre \u00e9galement fonctionnalit\u00e9 et commodit\u00e9 pour vos besoins quotidiens.<\/p>","protected":false},"featured_media":107516,"comment_status":"closed","ping_status":"closed","template":"","meta":{"rank_math_lock_modified_date":false},"product_cat":[110],"product_tag":[],"class_list":{"0":"post-107515","1":"product","2":"type-product","3":"status-publish","4":"has-post-thumbnail","6":"product_cat-lavabo","7":"product_shipping_class-palette","9":"first","10":"instock","11":"taxable","12":"shipping-taxable","13":"purchasable","14":"product-type-simple"},"_links":{"self":[{"href":"https:\/\/pdirect.ca\/en\/wp-json\/wp\/v2\/product\/107515"}],"collection":[{"href":"https:\/\/pdirect.ca\/en\/wp-json\/wp\/v2\/product"}],"about":[{"href":"https:\/\/pdirect.ca\/en\/wp-json\/wp\/v2\/types\/product"}],"replies":[{"embeddable":true,"href":"https:\/\/pdirect.ca\/en\/wp-json\/wp\/v2\/comments?post=107515"}],"wp:featuredmedia":[{"embeddable":true,"href":"https:\/\/pdirect.ca\/en\/wp-json\/wp\/v2\/media\/107516"}],"wp:attachment":[{"href":"https:\/\/pdirect.ca\/en\/wp-json\/wp\/v2\/media?parent=107515"}],"wp:term":[{"taxonomy":"product_cat","embeddable":true,"href":"https:\/\/pdirect.ca\/en\/wp-json\/wp\/v2\/product_cat?post=107515"},{"taxonomy":"product_tag","embeddable":true,"href":"https:\/\/pdirect.ca\/en\/wp-json\/wp\/v2\/product_tag?post=107515"}],"curies":[{"name":"wp","href":"https:\/\/api.w.org\/{rel}","templated":true}]}}