{"id":107517,"date":"2023-11-01T18:03:13","date_gmt":"2023-11-01T18:03:13","guid":{"rendered":"https:\/\/pdirect.ca\/?post_type=product&#038;p=107517"},"modified":"2024-11-25T10:41:37","modified_gmt":"2024-11-25T15:41:37","slug":"lavabo-im-2142","status":"publish","type":"product","link":"https:\/\/pdirect.ca\/en\/product\/lavabo-im-2142\/","title":{"rendered":"Lavabo IM-2142"},"content":{"rendered":"<h4 class=\"product___heading\">Cuvette ronde de 17 pouces en porcelaine<\/h4>\n<p>La vasque ronde de 17 pouces en porcelaine est un ajout compact et \u00e9l\u00e9gant \u00e0 votre salle de bains. Fabriqu\u00e9 en porcelaine de haute qualit\u00e9, il se distingue par sa durabilit\u00e9 et son design classique. Sa forme ronde lui conf\u00e8re une allure intemporelle et polyvalente qui s&rsquo;harmonise avec diff\u00e9rents styles de salle de bains. Cet \u00e9vier ne se contente pas de rehausser l&rsquo;esth\u00e9tique de votre salle de bains, il vous offre \u00e9galement une fonctionnalit\u00e9 pour vos activit\u00e9s quotidiennes.<\/p>","protected":false},"excerpt":{"rendered":"<h4 class=\"product___heading\">Cuvette ronde de 17 pouces en porcelaine<\/h4>\n<p>La vasque ronde de 17 pouces en porcelaine est un ajout compact et \u00e9l\u00e9gant \u00e0 votre salle de bains. Fabriqu\u00e9 en porcelaine de haute qualit\u00e9, il se distingue par sa durabilit\u00e9 et son design classique. Sa forme ronde lui conf\u00e8re une allure intemporelle et polyvalente qui s&rsquo;harmonise avec diff\u00e9rents styles de salle de bains. Cet \u00e9vier ne se contente pas de rehausser l&rsquo;esth\u00e9tique de votre salle de bains, il vous offre \u00e9galement une fonctionnalit\u00e9 pour vos activit\u00e9s quotidiennes.<\/p>","protected":false},"featured_media":107518,"comment_status":"closed","ping_status":"closed","template":"","meta":{"rank_math_lock_modified_date":false},"product_cat":[110],"product_tag":[],"class_list":{"0":"post-107517","1":"product","2":"type-product","3":"status-publish","4":"has-post-thumbnail","6":"product_cat-lavabo","7":"product_shipping_class-palette","9":"first","10":"instock","11":"taxable","12":"shipping-taxable","13":"purchasable","14":"product-type-simple"},"_links":{"self":[{"href":"https:\/\/pdirect.ca\/en\/wp-json\/wp\/v2\/product\/107517"}],"collection":[{"href":"https:\/\/pdirect.ca\/en\/wp-json\/wp\/v2\/product"}],"about":[{"href":"https:\/\/pdirect.ca\/en\/wp-json\/wp\/v2\/types\/product"}],"replies":[{"embeddable":true,"href":"https:\/\/pdirect.ca\/en\/wp-json\/wp\/v2\/comments?post=107517"}],"wp:featuredmedia":[{"embeddable":true,"href":"https:\/\/pdirect.ca\/en\/wp-json\/wp\/v2\/media\/107518"}],"wp:attachment":[{"href":"https:\/\/pdirect.ca\/en\/wp-json\/wp\/v2\/media?parent=107517"}],"wp:term":[{"taxonomy":"product_cat","embeddable":true,"href":"https:\/\/pdirect.ca\/en\/wp-json\/wp\/v2\/product_cat?post=107517"},{"taxonomy":"product_tag","embeddable":true,"href":"https:\/\/pdirect.ca\/en\/wp-json\/wp\/v2\/product_tag?post=107517"}],"curies":[{"name":"wp","href":"https:\/\/api.w.org\/{rel}","templated":true}]}}