{"id":107523,"date":"2023-11-02T15:37:29","date_gmt":"2023-11-02T15:37:29","guid":{"rendered":"https:\/\/pdirect.ca\/?post_type=product&#038;p=107523"},"modified":"2024-11-25T10:41:36","modified_gmt":"2024-11-25T15:41:36","slug":"lavabo-im-2102","status":"publish","type":"product","link":"https:\/\/pdirect.ca\/en\/product\/lavabo-im-2102\/","title":{"rendered":"lavabo IM-2102"},"content":{"rendered":"<h4 class=\"product___heading\">rectangulaire de 20 pouces en porcelaine avec un trou de robinet<\/h4>\n<p>Le lavabo rectangulaire de 20 pouces en porcelaine avec un trou de robinet est un ajout \u00e9l\u00e9gant et fonctionnel \u00e0 votre salle de bains. Fabriqu\u00e9 en porcelaine de haute qualit\u00e9, il offre une grande durabilit\u00e9 et un design moderne. Sa forme rectangulaire lui conf\u00e8re un aspect contemporain et \u00e9pur\u00e9, et le trou de robinet unique simplifie l&rsquo;installation. Ce lavabo ne se contente pas de rehausser l&rsquo;esth\u00e9tique de votre salle de bains, il vous facilite la vie au quotidien.<\/p>","protected":false},"excerpt":{"rendered":"<h4 class=\"product___heading\">rectangulaire de 20 pouces en porcelaine avec un trou de robinet<\/h4>\n<p>Le lavabo rectangulaire de 20 pouces en porcelaine avec un trou de robinet est un ajout \u00e9l\u00e9gant et fonctionnel \u00e0 votre salle de bains. Fabriqu\u00e9 en porcelaine de haute qualit\u00e9, il offre une grande durabilit\u00e9 et un design moderne. Sa forme rectangulaire lui conf\u00e8re un aspect contemporain et \u00e9pur\u00e9, et le trou de robinet unique simplifie l&rsquo;installation. Ce lavabo ne se contente pas de rehausser l&rsquo;esth\u00e9tique de votre salle de bains, il vous facilite la vie au quotidien.<\/p>","protected":false},"featured_media":107524,"comment_status":"closed","ping_status":"closed","template":"","meta":{"rank_math_lock_modified_date":false},"product_cat":[110],"product_tag":[],"class_list":{"0":"post-107523","1":"product","2":"type-product","3":"status-publish","4":"has-post-thumbnail","6":"product_cat-lavabo","7":"product_shipping_class-palette","9":"first","10":"instock","11":"taxable","12":"shipping-taxable","13":"purchasable","14":"product-type-simple"},"_links":{"self":[{"href":"https:\/\/pdirect.ca\/en\/wp-json\/wp\/v2\/product\/107523"}],"collection":[{"href":"https:\/\/pdirect.ca\/en\/wp-json\/wp\/v2\/product"}],"about":[{"href":"https:\/\/pdirect.ca\/en\/wp-json\/wp\/v2\/types\/product"}],"replies":[{"embeddable":true,"href":"https:\/\/pdirect.ca\/en\/wp-json\/wp\/v2\/comments?post=107523"}],"wp:featuredmedia":[{"embeddable":true,"href":"https:\/\/pdirect.ca\/en\/wp-json\/wp\/v2\/media\/107524"}],"wp:attachment":[{"href":"https:\/\/pdirect.ca\/en\/wp-json\/wp\/v2\/media?parent=107523"}],"wp:term":[{"taxonomy":"product_cat","embeddable":true,"href":"https:\/\/pdirect.ca\/en\/wp-json\/wp\/v2\/product_cat?post=107523"},{"taxonomy":"product_tag","embeddable":true,"href":"https:\/\/pdirect.ca\/en\/wp-json\/wp\/v2\/product_tag?post=107523"}],"curies":[{"name":"wp","href":"https:\/\/api.w.org\/{rel}","templated":true}]}}