{"id":107527,"date":"2023-11-02T15:42:59","date_gmt":"2023-11-02T15:42:59","guid":{"rendered":"https:\/\/pdirect.ca\/?post_type=product&#038;p=107527"},"modified":"2024-11-25T10:41:36","modified_gmt":"2024-11-25T15:41:36","slug":"lavabo-im-2122","status":"publish","type":"product","link":"https:\/\/pdirect.ca\/en\/product\/lavabo-im-2122\/","title":{"rendered":"lavabo  IM-2122"},"content":{"rendered":"<h4 class=\"product___heading\">20 pouces, rectangulaire avec bords ronds<\/h4>\n<p>vasque rectangulaire \u00e0 bords arrondis de 20 pouces est un ajout unique et polyvalent \u00e0 votre salle de bains. Fabriqu\u00e9 avec pr\u00e9cision, il offre un m\u00e9lange de lignes modernes et de courbes douces. Sa forme rectangulaire aux bords arrondis lui conf\u00e8re un aspect contemporain qui s&rsquo;harmonise avec diff\u00e9rents styles de salle de bains. Ce lavabo n&rsquo;ajoute pas seulement une touche de sophistication \u00e0 votre espace, mais offre \u00e9galement fonctionnalit\u00e9 et commodit\u00e9.<\/p>","protected":false},"excerpt":{"rendered":"<h4 class=\"product___heading\">20 pouces, rectangulaire avec bords ronds<\/h4>\n<p>vasque rectangulaire \u00e0 bords arrondis de 20 pouces est un ajout unique et polyvalent \u00e0 votre salle de bains. Fabriqu\u00e9 avec pr\u00e9cision, il offre un m\u00e9lange de lignes modernes et de courbes douces. Sa forme rectangulaire aux bords arrondis lui conf\u00e8re un aspect contemporain qui s&rsquo;harmonise avec diff\u00e9rents styles de salle de bains. Ce lavabo n&rsquo;ajoute pas seulement une touche de sophistication \u00e0 votre espace, mais offre \u00e9galement fonctionnalit\u00e9 et commodit\u00e9.<\/p>","protected":false},"featured_media":107528,"comment_status":"closed","ping_status":"closed","template":"","meta":{"rank_math_lock_modified_date":false},"product_cat":[110],"product_tag":[],"class_list":{"0":"post-107527","1":"product","2":"type-product","3":"status-publish","4":"has-post-thumbnail","6":"product_cat-lavabo","7":"product_shipping_class-palette","9":"first","10":"instock","11":"taxable","12":"shipping-taxable","13":"purchasable","14":"product-type-simple"},"_links":{"self":[{"href":"https:\/\/pdirect.ca\/en\/wp-json\/wp\/v2\/product\/107527"}],"collection":[{"href":"https:\/\/pdirect.ca\/en\/wp-json\/wp\/v2\/product"}],"about":[{"href":"https:\/\/pdirect.ca\/en\/wp-json\/wp\/v2\/types\/product"}],"replies":[{"embeddable":true,"href":"https:\/\/pdirect.ca\/en\/wp-json\/wp\/v2\/comments?post=107527"}],"wp:featuredmedia":[{"embeddable":true,"href":"https:\/\/pdirect.ca\/en\/wp-json\/wp\/v2\/media\/107528"}],"wp:attachment":[{"href":"https:\/\/pdirect.ca\/en\/wp-json\/wp\/v2\/media?parent=107527"}],"wp:term":[{"taxonomy":"product_cat","embeddable":true,"href":"https:\/\/pdirect.ca\/en\/wp-json\/wp\/v2\/product_cat?post=107527"},{"taxonomy":"product_tag","embeddable":true,"href":"https:\/\/pdirect.ca\/en\/wp-json\/wp\/v2\/product_tag?post=107527"}],"curies":[{"name":"wp","href":"https:\/\/api.w.org\/{rel}","templated":true}]}}