{"id":107529,"date":"2023-11-02T15:46:28","date_gmt":"2023-11-02T15:46:28","guid":{"rendered":"https:\/\/pdirect.ca\/?post_type=product&#038;p=107529"},"modified":"2024-11-25T10:41:36","modified_gmt":"2024-11-25T15:41:36","slug":"lavabo-im-2166","status":"publish","type":"product","link":"https:\/\/pdirect.ca\/en\/product\/lavabo-im-2166\/","title":{"rendered":"Lavabo  IM-2166"},"content":{"rendered":"<h4 class=\"product___heading\">Evier rectangulaire en porcelaine \u00e0 encastrer<\/h4>\n<p>L&rsquo;\u00e9vier rectangulaire en porcelaine sous plan est un compl\u00e9ment \u00e9l\u00e9gant et moderne pour toutesalle de bains. Fabriqu\u00e9 en porcelaine de haute qualit\u00e9, il offre une durabilit\u00e9 et une esth\u00e9tique intemporelle. Sa forme rectangulaire offre suffisamment d&rsquo;espace pour les t\u00e2ches quotidiennes, et l&rsquo;installation sous le plan de travail cr\u00e9e un aspect homog\u00e8ne. Facile \u00e0 nettoyer et r\u00e9sistant aux taches, cet \u00e9vier est \u00e0 la fois fonctionnel et \u00e9l\u00e9gant.<\/p>","protected":false},"excerpt":{"rendered":"<h4 class=\"product___heading\">Evier rectangulaire en porcelaine \u00e0 encastrer<\/h4>\n<p>L&rsquo;\u00e9vier rectangulaire en porcelaine sous plan est un compl\u00e9ment \u00e9l\u00e9gant et moderne pour toutesalle de bains. Fabriqu\u00e9 en porcelaine de haute qualit\u00e9, il offre une durabilit\u00e9 et une esth\u00e9tique intemporelle. Sa forme rectangulaire offre suffisamment d&rsquo;espace pour les t\u00e2ches quotidiennes, et l&rsquo;installation sous le plan de travail cr\u00e9e un aspect homog\u00e8ne. Facile \u00e0 nettoyer et r\u00e9sistant aux taches, cet \u00e9vier est \u00e0 la fois fonctionnel et \u00e9l\u00e9gant.<\/p>","protected":false},"featured_media":107530,"comment_status":"closed","ping_status":"closed","template":"","meta":{"rank_math_lock_modified_date":false},"product_cat":[110],"product_tag":[],"class_list":{"0":"post-107529","1":"product","2":"type-product","3":"status-publish","4":"has-post-thumbnail","6":"product_cat-lavabo","7":"product_shipping_class-palette","9":"first","10":"instock","11":"taxable","12":"shipping-taxable","13":"purchasable","14":"product-type-simple"},"_links":{"self":[{"href":"https:\/\/pdirect.ca\/en\/wp-json\/wp\/v2\/product\/107529"}],"collection":[{"href":"https:\/\/pdirect.ca\/en\/wp-json\/wp\/v2\/product"}],"about":[{"href":"https:\/\/pdirect.ca\/en\/wp-json\/wp\/v2\/types\/product"}],"replies":[{"embeddable":true,"href":"https:\/\/pdirect.ca\/en\/wp-json\/wp\/v2\/comments?post=107529"}],"wp:featuredmedia":[{"embeddable":true,"href":"https:\/\/pdirect.ca\/en\/wp-json\/wp\/v2\/media\/107530"}],"wp:attachment":[{"href":"https:\/\/pdirect.ca\/en\/wp-json\/wp\/v2\/media?parent=107529"}],"wp:term":[{"taxonomy":"product_cat","embeddable":true,"href":"https:\/\/pdirect.ca\/en\/wp-json\/wp\/v2\/product_cat?post=107529"},{"taxonomy":"product_tag","embeddable":true,"href":"https:\/\/pdirect.ca\/en\/wp-json\/wp\/v2\/product_tag?post=107529"}],"curies":[{"name":"wp","href":"https:\/\/api.w.org\/{rel}","templated":true}]}}