{"id":107531,"date":"2023-11-02T15:49:05","date_gmt":"2023-11-02T15:49:05","guid":{"rendered":"https:\/\/pdirect.ca\/?post_type=product&#038;p=107531"},"modified":"2024-11-25T10:41:36","modified_gmt":"2024-11-25T15:41:36","slug":"lavabo-im-2201","status":"publish","type":"product","link":"https:\/\/pdirect.ca\/en\/product\/lavabo-im-2201\/","title":{"rendered":"Lavabo IM-2201"},"content":{"rendered":"<h4 class=\"product___heading\">Evier en porcelaine<\/h4>\n<p>Parfait pour une salle de bain avec un espace limit\u00e9. Ce lavabo moderne comprend un trou pr\u00e9perc\u00e9 pour un robinet de lavabo et tout ce que vous avez \u00e0 faire est de le placer au-dessus d&rsquo;un beau comptoir !<\/p>\n<p>*Le robinet et le drain ne sont pas inclus<\/p>","protected":false},"excerpt":{"rendered":"<h4 class=\"product___heading\">Evier en porcelaine<\/h4>\n<p>Parfait pour une salle de bain avec un espace limit\u00e9. Ce lavabo moderne comprend un trou pr\u00e9perc\u00e9 pour un robinet de lavabo et tout ce que vous avez \u00e0 faire est de le placer au-dessus d&rsquo;un beau comptoir !<\/p>\n<p>*Le robinet et le drain ne sont pas inclus<\/p>","protected":false},"featured_media":107532,"comment_status":"closed","ping_status":"closed","template":"","meta":{"rank_math_lock_modified_date":false},"product_cat":[110],"product_tag":[],"class_list":{"0":"post-107531","1":"product","2":"type-product","3":"status-publish","4":"has-post-thumbnail","6":"product_cat-lavabo","7":"product_shipping_class-palette","9":"first","10":"instock","11":"taxable","12":"shipping-taxable","13":"purchasable","14":"product-type-simple"},"_links":{"self":[{"href":"https:\/\/pdirect.ca\/en\/wp-json\/wp\/v2\/product\/107531"}],"collection":[{"href":"https:\/\/pdirect.ca\/en\/wp-json\/wp\/v2\/product"}],"about":[{"href":"https:\/\/pdirect.ca\/en\/wp-json\/wp\/v2\/types\/product"}],"replies":[{"embeddable":true,"href":"https:\/\/pdirect.ca\/en\/wp-json\/wp\/v2\/comments?post=107531"}],"wp:featuredmedia":[{"embeddable":true,"href":"https:\/\/pdirect.ca\/en\/wp-json\/wp\/v2\/media\/107532"}],"wp:attachment":[{"href":"https:\/\/pdirect.ca\/en\/wp-json\/wp\/v2\/media?parent=107531"}],"wp:term":[{"taxonomy":"product_cat","embeddable":true,"href":"https:\/\/pdirect.ca\/en\/wp-json\/wp\/v2\/product_cat?post=107531"},{"taxonomy":"product_tag","embeddable":true,"href":"https:\/\/pdirect.ca\/en\/wp-json\/wp\/v2\/product_tag?post=107531"}],"curies":[{"name":"wp","href":"https:\/\/api.w.org\/{rel}","templated":true}]}}