{"id":107533,"date":"2023-11-02T15:52:07","date_gmt":"2023-11-02T15:52:07","guid":{"rendered":"https:\/\/pdirect.ca\/?post_type=product&#038;p=107533"},"modified":"2024-11-25T10:41:36","modified_gmt":"2024-11-25T15:41:36","slug":"lavabo-sous-plan-im-9107mb","status":"publish","type":"product","link":"https:\/\/pdirect.ca\/en\/product\/lavabo-sous-plan-im-9107mb\/","title":{"rendered":"Lavabo sous plan IM-9107MB"},"content":{"rendered":"<h4 class=\"product___heading\">\u00c9vier sous plan rectangulaire de 18 po en porcelaine<\/h4>\n<p>Am\u00e9liorez votre salle de bains avec notre \u00e9l\u00e9gant \u00e9vier rectangulaire sous plan de 18 pouces en porcelaine. Son design \u00e9pur\u00e9 et sa construction en porcelaine durable garantissent une beaut\u00e9 et une fonctionnalit\u00e9 \u00e0 long terme. Cr\u00e9ez un espace \u00e9l\u00e9gant et fonctionnel avec cet \u00e9vier exquis.<\/p>","protected":false},"excerpt":{"rendered":"<h4 class=\"product___heading\">\u00c9vier sous plan rectangulaire de 18 po en porcelaine<\/h4>\n<p>Am\u00e9liorez votre salle de bains avec notre \u00e9l\u00e9gant \u00e9vier rectangulaire sous plan de 18 pouces en porcelaine. Son design \u00e9pur\u00e9 et sa construction en porcelaine durable garantissent une beaut\u00e9 et une fonctionnalit\u00e9 \u00e0 long terme. Cr\u00e9ez un espace \u00e9l\u00e9gant et fonctionnel avec cet \u00e9vier exquis.<\/p>","protected":false},"featured_media":107534,"comment_status":"closed","ping_status":"closed","template":"","meta":{"rank_math_lock_modified_date":false},"product_cat":[110],"product_tag":[],"class_list":{"0":"post-107533","1":"product","2":"type-product","3":"status-publish","4":"has-post-thumbnail","6":"product_cat-lavabo","7":"product_shipping_class-palette","9":"first","10":"instock","11":"taxable","12":"shipping-taxable","13":"purchasable","14":"product-type-simple"},"_links":{"self":[{"href":"https:\/\/pdirect.ca\/en\/wp-json\/wp\/v2\/product\/107533"}],"collection":[{"href":"https:\/\/pdirect.ca\/en\/wp-json\/wp\/v2\/product"}],"about":[{"href":"https:\/\/pdirect.ca\/en\/wp-json\/wp\/v2\/types\/product"}],"replies":[{"embeddable":true,"href":"https:\/\/pdirect.ca\/en\/wp-json\/wp\/v2\/comments?post=107533"}],"wp:featuredmedia":[{"embeddable":true,"href":"https:\/\/pdirect.ca\/en\/wp-json\/wp\/v2\/media\/107534"}],"wp:attachment":[{"href":"https:\/\/pdirect.ca\/en\/wp-json\/wp\/v2\/media?parent=107533"}],"wp:term":[{"taxonomy":"product_cat","embeddable":true,"href":"https:\/\/pdirect.ca\/en\/wp-json\/wp\/v2\/product_cat?post=107533"},{"taxonomy":"product_tag","embeddable":true,"href":"https:\/\/pdirect.ca\/en\/wp-json\/wp\/v2\/product_tag?post=107533"}],"curies":[{"name":"wp","href":"https:\/\/api.w.org\/{rel}","templated":true}]}}