{"id":107639,"date":"2023-11-06T18:47:48","date_gmt":"2023-11-06T18:47:48","guid":{"rendered":"https:\/\/pdirect.ca\/?post_type=product&#038;p=107639"},"modified":"2024-11-25T10:41:00","modified_gmt":"2024-11-25T15:41:00","slug":"baignoire-ovale-autoportante-en-noir-60-pouces","status":"publish","type":"product","link":"https:\/\/pdirect.ca\/en\/product\/baignoire-ovale-autoportante-en-noir-60-pouces\/","title":{"rendered":"Baignoire ovale autoportante en noir 60 pouces IM-8201-60"},"content":{"rendered":"<h4 class=\"product___heading\">Baignoire ovale autoportante en noir brillant<\/h4>\n<p>Cette baignoire est confortable et \u00e9l\u00e9gante. Avec son int\u00e9rieur blanc, elle offre un doux contraste dans votre salle de bain et vous pouvez reposer vos bras paisiblement sur les bords plus larges.<br \/>\n*La baignoire n&rsquo;est pas livr\u00e9e avec le robinet ni les trous pr\u00e9perc\u00e9s.<\/p>","protected":false},"excerpt":{"rendered":"<h4 class=\"product___heading\">Baignoire ovale autoportante en noir brillant<\/h4>\n<p>Cette baignoire est confortable et \u00e9l\u00e9gante. Avec son int\u00e9rieur blanc, elle offre un doux contraste dans votre salle de bain et vous pouvez reposer vos bras paisiblement sur les bords plus larges.<br \/>\n*La baignoire n&rsquo;est pas livr\u00e9e avec le robinet ni les trous pr\u00e9perc\u00e9s.<\/p>","protected":false},"featured_media":107640,"comment_status":"closed","ping_status":"closed","template":"","meta":{"rank_math_lock_modified_date":false},"product_cat":[104],"product_tag":[],"class_list":{"0":"post-107639","1":"product","2":"type-product","3":"status-publish","4":"has-post-thumbnail","6":"product_cat-bain","7":"product_shipping_class-palette","9":"first","10":"instock","11":"taxable","12":"shipping-taxable","13":"purchasable","14":"product-type-simple"},"_links":{"self":[{"href":"https:\/\/pdirect.ca\/en\/wp-json\/wp\/v2\/product\/107639"}],"collection":[{"href":"https:\/\/pdirect.ca\/en\/wp-json\/wp\/v2\/product"}],"about":[{"href":"https:\/\/pdirect.ca\/en\/wp-json\/wp\/v2\/types\/product"}],"replies":[{"embeddable":true,"href":"https:\/\/pdirect.ca\/en\/wp-json\/wp\/v2\/comments?post=107639"}],"wp:featuredmedia":[{"embeddable":true,"href":"https:\/\/pdirect.ca\/en\/wp-json\/wp\/v2\/media\/107640"}],"wp:attachment":[{"href":"https:\/\/pdirect.ca\/en\/wp-json\/wp\/v2\/media?parent=107639"}],"wp:term":[{"taxonomy":"product_cat","embeddable":true,"href":"https:\/\/pdirect.ca\/en\/wp-json\/wp\/v2\/product_cat?post=107639"},{"taxonomy":"product_tag","embeddable":true,"href":"https:\/\/pdirect.ca\/en\/wp-json\/wp\/v2\/product_tag?post=107639"}],"curies":[{"name":"wp","href":"https:\/\/api.w.org\/{rel}","templated":true}]}}