{"id":107643,"date":"2023-11-06T19:00:08","date_gmt":"2023-11-06T19:00:08","guid":{"rendered":"https:\/\/pdirect.ca\/?post_type=product&#038;p=107643"},"modified":"2024-11-25T10:41:00","modified_gmt":"2024-11-25T15:41:00","slug":"im-8202-60-pouces","status":"publish","type":"product","link":"https:\/\/pdirect.ca\/en\/product\/im-8202-60-pouces\/","title":{"rendered":"IM-8202-60 pouces"},"content":{"rendered":"<h4 class=\"product___heading\">Baignoire ovale autoportante en blanc, acrylique<\/h4>\n<p>Cette baignoire est confortable et \u00e9l\u00e9gante. Avec son int\u00e9rieur blanc, elle offre un doux contraste dans votre salle de bain et vous pouvez reposer vos bras paisiblement sur les bords plus larges.<br \/>\n*La baignoire n&rsquo;est pas livr\u00e9e avec le robinet ni les trous pr\u00e9perc\u00e9s.<\/p>","protected":false},"excerpt":{"rendered":"<h4 class=\"product___heading\">Baignoire ovale autoportante en blanc, acrylique<\/h4>\n<p>Cette baignoire est confortable et \u00e9l\u00e9gante. Avec son int\u00e9rieur blanc, elle offre un doux contraste dans votre salle de bain et vous pouvez reposer vos bras paisiblement sur les bords plus larges.<br \/>\n*La baignoire n&rsquo;est pas livr\u00e9e avec le robinet ni les trous pr\u00e9perc\u00e9s.<\/p>","protected":false},"featured_media":107644,"comment_status":"closed","ping_status":"closed","template":"","meta":{"rank_math_lock_modified_date":false},"product_cat":[104],"product_tag":[],"class_list":{"0":"post-107643","1":"product","2":"type-product","3":"status-publish","4":"has-post-thumbnail","6":"product_cat-bain","7":"product_shipping_class-palette","9":"first","10":"instock","11":"taxable","12":"shipping-taxable","13":"purchasable","14":"product-type-simple"},"_links":{"self":[{"href":"https:\/\/pdirect.ca\/en\/wp-json\/wp\/v2\/product\/107643"}],"collection":[{"href":"https:\/\/pdirect.ca\/en\/wp-json\/wp\/v2\/product"}],"about":[{"href":"https:\/\/pdirect.ca\/en\/wp-json\/wp\/v2\/types\/product"}],"replies":[{"embeddable":true,"href":"https:\/\/pdirect.ca\/en\/wp-json\/wp\/v2\/comments?post=107643"}],"wp:featuredmedia":[{"embeddable":true,"href":"https:\/\/pdirect.ca\/en\/wp-json\/wp\/v2\/media\/107644"}],"wp:attachment":[{"href":"https:\/\/pdirect.ca\/en\/wp-json\/wp\/v2\/media?parent=107643"}],"wp:term":[{"taxonomy":"product_cat","embeddable":true,"href":"https:\/\/pdirect.ca\/en\/wp-json\/wp\/v2\/product_cat?post=107643"},{"taxonomy":"product_tag","embeddable":true,"href":"https:\/\/pdirect.ca\/en\/wp-json\/wp\/v2\/product_tag?post=107643"}],"curies":[{"name":"wp","href":"https:\/\/api.w.org\/{rel}","templated":true}]}}