{"id":107657,"date":"2023-11-06T19:22:12","date_gmt":"2023-11-06T19:22:12","guid":{"rendered":"https:\/\/pdirect.ca\/?post_type=product&#038;p=107657"},"modified":"2024-11-25T10:40:43","modified_gmt":"2024-11-25T15:40:43","slug":"im-8206-67-pouces","status":"publish","type":"product","link":"https:\/\/pdirect.ca\/en\/product\/im-8206-67-pouces\/","title":{"rendered":"IM-8206-67 pouces"},"content":{"rendered":"<h4 class=\"product___heading\">Baignoire autoportante Moon Shape 67in en acrylique avec trop-plein \u00e0 fente<\/h4>\n<p>Con\u00e7ue pour cr\u00e9er une ambiance moderne et a\u00e9r\u00e9e dans votre salle de bains, cette baignoire pr\u00e9sente des bords fins et \u00e9l\u00e9gants avec un trop-plein \u00e0 fente. Avec ses bords en forme de lune, elle offre un espace de repos confortable pour une exp\u00e9rience de bain luxueuse.<\/p>","protected":false},"excerpt":{"rendered":"<h4 class=\"product___heading\">Baignoire autoportante Moon Shape 67in en acrylique avec trop-plein \u00e0 fente<\/h4>\n<p>Con\u00e7ue pour cr\u00e9er une ambiance moderne et a\u00e9r\u00e9e dans votre salle de bains, cette baignoire pr\u00e9sente des bords fins et \u00e9l\u00e9gants avec un trop-plein \u00e0 fente. Avec ses bords en forme de lune, elle offre un espace de repos confortable pour une exp\u00e9rience de bain luxueuse.<\/p>","protected":false},"featured_media":107658,"comment_status":"closed","ping_status":"closed","template":"","meta":{"rank_math_lock_modified_date":false},"product_cat":[104],"product_tag":[],"class_list":{"0":"post-107657","1":"product","2":"type-product","3":"status-publish","4":"has-post-thumbnail","6":"product_cat-bain","7":"product_shipping_class-palette","9":"first","10":"instock","11":"taxable","12":"shipping-taxable","13":"purchasable","14":"product-type-simple"},"_links":{"self":[{"href":"https:\/\/pdirect.ca\/en\/wp-json\/wp\/v2\/product\/107657"}],"collection":[{"href":"https:\/\/pdirect.ca\/en\/wp-json\/wp\/v2\/product"}],"about":[{"href":"https:\/\/pdirect.ca\/en\/wp-json\/wp\/v2\/types\/product"}],"replies":[{"embeddable":true,"href":"https:\/\/pdirect.ca\/en\/wp-json\/wp\/v2\/comments?post=107657"}],"wp:featuredmedia":[{"embeddable":true,"href":"https:\/\/pdirect.ca\/en\/wp-json\/wp\/v2\/media\/107658"}],"wp:attachment":[{"href":"https:\/\/pdirect.ca\/en\/wp-json\/wp\/v2\/media?parent=107657"}],"wp:term":[{"taxonomy":"product_cat","embeddable":true,"href":"https:\/\/pdirect.ca\/en\/wp-json\/wp\/v2\/product_cat?post=107657"},{"taxonomy":"product_tag","embeddable":true,"href":"https:\/\/pdirect.ca\/en\/wp-json\/wp\/v2\/product_tag?post=107657"}],"curies":[{"name":"wp","href":"https:\/\/api.w.org\/{rel}","templated":true}]}}