{"id":107663,"date":"2023-11-06T19:37:47","date_gmt":"2023-11-06T19:37:47","guid":{"rendered":"https:\/\/pdirect.ca\/?post_type=product&#038;p=107663"},"modified":"2024-11-25T10:40:43","modified_gmt":"2024-11-25T15:40:43","slug":"107663","status":"publish","type":"product","link":"https:\/\/pdirect.ca\/en\/product\/107663\/","title":{"rendered":"IM-8208A-67 pouces"},"content":{"rendered":"<h4 class=\"product___heading\">Baignoire rectangulaire autoportante en acrylique<\/h4>\n<p>D\u00e9couvrez notre baignoire autoportante rectangulaire en acrylique, une solution \u00e9l\u00e9gante et pratique pour votre salle de bains. Cette baignoire autoportante en acrylique offre un design moderne et \u00e9pur\u00e9, ajoutant une touche de sophistication \u00e0 votre espace de bain. Fabriqu\u00e9e en acrylique de haute qualit\u00e9, elle garantit une durabilit\u00e9 exceptionnelle et un entretien facile. Profitez d&rsquo;un moment de d\u00e9tente et de bien-\u00eatre dans cette baignoire spacieuse et confortable. Choisissez d\u00e8s maintenant notre baignoire autoportante rectangulaire en acrylique et transformez votre salle de bains en un havre de d\u00e9tente et de luxe.<\/p>","protected":false},"excerpt":{"rendered":"<h4 class=\"product___heading\">Baignoire rectangulaire autoportante en acrylique<\/h4>\n<p>D\u00e9couvrez notre baignoire autoportante rectangulaire en acrylique, une solution \u00e9l\u00e9gante et pratique pour votre salle de bains. Cette baignoire autoportante en acrylique offre un design moderne et \u00e9pur\u00e9, ajoutant une touche de sophistication \u00e0 votre espace de bain. Fabriqu\u00e9e en acrylique de haute qualit\u00e9, elle garantit une durabilit\u00e9 exceptionnelle et un entretien facile. Profitez d&rsquo;un moment de d\u00e9tente et de bien-\u00eatre dans cette baignoire spacieuse et confortable. Choisissez d\u00e8s maintenant notre baignoire autoportante rectangulaire en acrylique et transformez votre salle de bains en un havre de d\u00e9tente et de luxe.<\/p>","protected":false},"featured_media":107664,"comment_status":"closed","ping_status":"closed","template":"","meta":{"rank_math_lock_modified_date":false},"product_cat":[104],"product_tag":[],"class_list":{"0":"post-107663","1":"product","2":"type-product","3":"status-publish","4":"has-post-thumbnail","6":"product_cat-bain","7":"product_shipping_class-palette","9":"first","10":"instock","11":"taxable","12":"shipping-taxable","13":"purchasable","14":"product-type-simple"},"_links":{"self":[{"href":"https:\/\/pdirect.ca\/en\/wp-json\/wp\/v2\/product\/107663"}],"collection":[{"href":"https:\/\/pdirect.ca\/en\/wp-json\/wp\/v2\/product"}],"about":[{"href":"https:\/\/pdirect.ca\/en\/wp-json\/wp\/v2\/types\/product"}],"replies":[{"embeddable":true,"href":"https:\/\/pdirect.ca\/en\/wp-json\/wp\/v2\/comments?post=107663"}],"wp:featuredmedia":[{"embeddable":true,"href":"https:\/\/pdirect.ca\/en\/wp-json\/wp\/v2\/media\/107664"}],"wp:attachment":[{"href":"https:\/\/pdirect.ca\/en\/wp-json\/wp\/v2\/media?parent=107663"}],"wp:term":[{"taxonomy":"product_cat","embeddable":true,"href":"https:\/\/pdirect.ca\/en\/wp-json\/wp\/v2\/product_cat?post=107663"},{"taxonomy":"product_tag","embeddable":true,"href":"https:\/\/pdirect.ca\/en\/wp-json\/wp\/v2\/product_tag?post=107663"}],"curies":[{"name":"wp","href":"https:\/\/api.w.org\/{rel}","templated":true}]}}