{"id":107668,"date":"2023-11-06T19:50:49","date_gmt":"2023-11-06T19:50:49","guid":{"rendered":"https:\/\/pdirect.ca\/?post_type=product&#038;p=107668"},"modified":"2024-11-25T10:40:42","modified_gmt":"2024-11-25T15:40:42","slug":"im-8209a-60-pouces","status":"publish","type":"product","link":"https:\/\/pdirect.ca\/en\/product\/im-8209a-60-pouces\/","title":{"rendered":"IM-8209A-60 pouces"},"content":{"rendered":"<h4 class=\"product___heading\">Baignoire ovale autoportante 60pouces<\/h4>\n<p>D\u00e9couvrez notre baignoire ovale autoportante de 60 pouces, une pi\u00e8ce ma\u00eetresse \u00e9l\u00e9gante pour votre salle de bains. Cette baignoire ovale autoportante offre un design moderne et sophistiqu\u00e9 qui rehaussera instantan\u00e9ment l&rsquo;ambiance de votre espace de bain. Fabriqu\u00e9e avec des mat\u00e9riaux de haute qualit\u00e9, elle garantit une durabilit\u00e9 exceptionnelle pour une exp\u00e9rience de bain de longue dur\u00e9e. Plongez dans le confort et la d\u00e9tente avec cette baignoire spacieuse et accueillante. Choisissez notre baignoire ovale autoportante de 60 pouces d\u00e8s maintenant et transformez votre salle de bain en un lieu de d\u00e9tente et de luxe.<\/p>","protected":false},"excerpt":{"rendered":"<h4 class=\"product___heading\">Baignoire ovale autoportante 60pouces<\/h4>\n<p>D\u00e9couvrez notre baignoire ovale autoportante de 60 pouces, une pi\u00e8ce ma\u00eetresse \u00e9l\u00e9gante pour votre salle de bains. Cette baignoire ovale autoportante offre un design moderne et sophistiqu\u00e9 qui rehaussera instantan\u00e9ment l&rsquo;ambiance de votre espace de bain. Fabriqu\u00e9e avec des mat\u00e9riaux de haute qualit\u00e9, elle garantit une durabilit\u00e9 exceptionnelle pour une exp\u00e9rience de bain de longue dur\u00e9e. Plongez dans le confort et la d\u00e9tente avec cette baignoire spacieuse et accueillante. Choisissez notre baignoire ovale autoportante de 60 pouces d\u00e8s maintenant et transformez votre salle de bain en un lieu de d\u00e9tente et de luxe.<\/p>","protected":false},"featured_media":107669,"comment_status":"closed","ping_status":"closed","template":"","meta":{"rank_math_lock_modified_date":false},"product_cat":[104],"product_tag":[],"class_list":{"0":"post-107668","1":"product","2":"type-product","3":"status-publish","4":"has-post-thumbnail","6":"product_cat-bain","7":"product_shipping_class-palette","9":"first","10":"instock","11":"taxable","12":"shipping-taxable","13":"purchasable","14":"product-type-simple"},"_links":{"self":[{"href":"https:\/\/pdirect.ca\/en\/wp-json\/wp\/v2\/product\/107668"}],"collection":[{"href":"https:\/\/pdirect.ca\/en\/wp-json\/wp\/v2\/product"}],"about":[{"href":"https:\/\/pdirect.ca\/en\/wp-json\/wp\/v2\/types\/product"}],"replies":[{"embeddable":true,"href":"https:\/\/pdirect.ca\/en\/wp-json\/wp\/v2\/comments?post=107668"}],"wp:featuredmedia":[{"embeddable":true,"href":"https:\/\/pdirect.ca\/en\/wp-json\/wp\/v2\/media\/107669"}],"wp:attachment":[{"href":"https:\/\/pdirect.ca\/en\/wp-json\/wp\/v2\/media?parent=107668"}],"wp:term":[{"taxonomy":"product_cat","embeddable":true,"href":"https:\/\/pdirect.ca\/en\/wp-json\/wp\/v2\/product_cat?post=107668"},{"taxonomy":"product_tag","embeddable":true,"href":"https:\/\/pdirect.ca\/en\/wp-json\/wp\/v2\/product_tag?post=107668"}],"curies":[{"name":"wp","href":"https:\/\/api.w.org\/{rel}","templated":true}]}}