{"id":107674,"date":"2023-11-06T19:58:53","date_gmt":"2023-11-06T19:58:53","guid":{"rendered":"https:\/\/pdirect.ca\/?post_type=product&#038;p=107674"},"modified":"2024-11-25T10:40:42","modified_gmt":"2024-11-25T15:40:42","slug":"im-8209a-60-pouces-b","status":"publish","type":"product","link":"https:\/\/pdirect.ca\/en\/product\/im-8209a-60-pouces-b\/","title":{"rendered":"IM-8209A-60 pouces-B"},"content":{"rendered":"<h4 class=\"product___heading\">Baignoire ronde autoportante noire brillante<\/h4>\n<p>Voici notre baignoire ronde autoportante en noir brillant, un ajout luxueux \u00e0 votre salle de bains. Cette \u00e9tonnante baignoire ronde est dot\u00e9e d&rsquo;une finition noire brillante qui exsude l&rsquo;\u00e9l\u00e9gance moderne et la sophistication. Fabriqu\u00e9e avec des mat\u00e9riaux de haute qualit\u00e9, elle garantit une durabilit\u00e9 et une beaut\u00e9 \u00e0 long terme. Plongez dans un confort et un style ultimes en vous baignant dans cette baignoire spacieuse et accueillante. Am\u00e9liorez votre exp\u00e9rience du bain avec notre baignoire ronde autoportante noir brillant et transformez votre salle de bain en un sanctuaire de d\u00e9tente et de raffinement.<\/p>\n<p>\u200d<\/p>","protected":false},"excerpt":{"rendered":"<h4 class=\"product___heading\">Baignoire ronde autoportante noire brillante<\/h4>\n<p>Voici notre baignoire ronde autoportante en noir brillant, un ajout luxueux \u00e0 votre salle de bains. Cette \u00e9tonnante baignoire ronde est dot\u00e9e d&rsquo;une finition noire brillante qui exsude l&rsquo;\u00e9l\u00e9gance moderne et la sophistication. Fabriqu\u00e9e avec des mat\u00e9riaux de haute qualit\u00e9, elle garantit une durabilit\u00e9 et une beaut\u00e9 \u00e0 long terme. Plongez dans un confort et un style ultimes en vous baignant dans cette baignoire spacieuse et accueillante. Am\u00e9liorez votre exp\u00e9rience du bain avec notre baignoire ronde autoportante noir brillant et transformez votre salle de bain en un sanctuaire de d\u00e9tente et de raffinement.<\/p>\n<p>\u200d<\/p>","protected":false},"featured_media":107675,"comment_status":"closed","ping_status":"closed","template":"","meta":{"rank_math_lock_modified_date":false},"product_cat":[104],"product_tag":[],"class_list":{"0":"post-107674","1":"product","2":"type-product","3":"status-publish","4":"has-post-thumbnail","6":"product_cat-bain","7":"product_shipping_class-palette","9":"first","10":"instock","11":"taxable","12":"shipping-taxable","13":"purchasable","14":"product-type-simple"},"_links":{"self":[{"href":"https:\/\/pdirect.ca\/en\/wp-json\/wp\/v2\/product\/107674"}],"collection":[{"href":"https:\/\/pdirect.ca\/en\/wp-json\/wp\/v2\/product"}],"about":[{"href":"https:\/\/pdirect.ca\/en\/wp-json\/wp\/v2\/types\/product"}],"replies":[{"embeddable":true,"href":"https:\/\/pdirect.ca\/en\/wp-json\/wp\/v2\/comments?post=107674"}],"wp:featuredmedia":[{"embeddable":true,"href":"https:\/\/pdirect.ca\/en\/wp-json\/wp\/v2\/media\/107675"}],"wp:attachment":[{"href":"https:\/\/pdirect.ca\/en\/wp-json\/wp\/v2\/media?parent=107674"}],"wp:term":[{"taxonomy":"product_cat","embeddable":true,"href":"https:\/\/pdirect.ca\/en\/wp-json\/wp\/v2\/product_cat?post=107674"},{"taxonomy":"product_tag","embeddable":true,"href":"https:\/\/pdirect.ca\/en\/wp-json\/wp\/v2\/product_tag?post=107674"}],"curies":[{"name":"wp","href":"https:\/\/api.w.org\/{rel}","templated":true}]}}