{"id":107682,"date":"2023-11-06T20:05:49","date_gmt":"2023-11-06T20:05:49","guid":{"rendered":"https:\/\/pdirect.ca\/?post_type=product&#038;p=107682"},"modified":"2024-11-25T10:40:42","modified_gmt":"2024-11-25T15:40:42","slug":"im-8927-60-pouces","status":"publish","type":"product","link":"https:\/\/pdirect.ca\/en\/product\/im-8927-60-pouces\/","title":{"rendered":"IM-8927-60 pouces"},"content":{"rendered":"<h4 class=\"product___heading\">Baignoire autoportante Blanc Acrylique 60 pouces<\/h4>\n<p>Installez-vous confortablement contre le dossier sur\u00e9lev\u00e9 de cette magnifique baignoire pour une exp\u00e9rience de relaxation ultime ! Parfaite pour les personnes d&rsquo;une taille de 5&rsquo;5 et moins, la profondeur de cette baignoire (19&Prime;) permet de garder tout le corps au chaud.<\/p>","protected":false},"excerpt":{"rendered":"<h4 class=\"product___heading\">Baignoire autoportante Blanc Acrylique 60 pouces<\/h4>\n<p>Installez-vous confortablement contre le dossier sur\u00e9lev\u00e9 de cette magnifique baignoire pour une exp\u00e9rience de relaxation ultime ! Parfaite pour les personnes d&rsquo;une taille de 5&rsquo;5 et moins, la profondeur de cette baignoire (19&Prime;) permet de garder tout le corps au chaud.<\/p>","protected":false},"featured_media":107683,"comment_status":"closed","ping_status":"closed","template":"","meta":{"rank_math_lock_modified_date":false},"product_cat":[104],"product_tag":[],"class_list":{"0":"post-107682","1":"product","2":"type-product","3":"status-publish","4":"has-post-thumbnail","6":"product_cat-bain","7":"product_shipping_class-palette","9":"first","10":"instock","11":"taxable","12":"shipping-taxable","13":"purchasable","14":"product-type-simple"},"_links":{"self":[{"href":"https:\/\/pdirect.ca\/en\/wp-json\/wp\/v2\/product\/107682"}],"collection":[{"href":"https:\/\/pdirect.ca\/en\/wp-json\/wp\/v2\/product"}],"about":[{"href":"https:\/\/pdirect.ca\/en\/wp-json\/wp\/v2\/types\/product"}],"replies":[{"embeddable":true,"href":"https:\/\/pdirect.ca\/en\/wp-json\/wp\/v2\/comments?post=107682"}],"wp:featuredmedia":[{"embeddable":true,"href":"https:\/\/pdirect.ca\/en\/wp-json\/wp\/v2\/media\/107683"}],"wp:attachment":[{"href":"https:\/\/pdirect.ca\/en\/wp-json\/wp\/v2\/media?parent=107682"}],"wp:term":[{"taxonomy":"product_cat","embeddable":true,"href":"https:\/\/pdirect.ca\/en\/wp-json\/wp\/v2\/product_cat?post=107682"},{"taxonomy":"product_tag","embeddable":true,"href":"https:\/\/pdirect.ca\/en\/wp-json\/wp\/v2\/product_tag?post=107682"}],"curies":[{"name":"wp","href":"https:\/\/api.w.org\/{rel}","templated":true}]}}