{"id":107684,"date":"2023-11-06T20:07:43","date_gmt":"2023-11-06T20:07:43","guid":{"rendered":"https:\/\/pdirect.ca\/?post_type=product&#038;p=107684"},"modified":"2024-11-25T10:40:42","modified_gmt":"2024-11-25T15:40:42","slug":"im-8927-63-pouces","status":"publish","type":"product","link":"https:\/\/pdirect.ca\/en\/product\/im-8927-63-pouces\/","title":{"rendered":"IM-8927-63 pouces"},"content":{"rendered":"<p>IM-8927-63<\/p>\n<h4 class=\"product___heading\">Baignoire autoportante Blanc Acrylique<\/h4>\n<p>Installez-vous confortablement contre le dossier sur\u00e9lev\u00e9 de cette magnifique baignoire pour une exp\u00e9rience de relaxation ultime<\/p>","protected":false},"excerpt":{"rendered":"<p>IM-8927-63<\/p>\n<h4 class=\"product___heading\">Baignoire autoportante Blanc Acrylique<\/h4>\n<p>Installez-vous confortablement contre le dossier sur\u00e9lev\u00e9 de cette magnifique baignoire pour une exp\u00e9rience de relaxation ultime<\/p>","protected":false},"featured_media":107683,"comment_status":"closed","ping_status":"closed","template":"","meta":{"rank_math_lock_modified_date":false},"product_cat":[104],"product_tag":[],"class_list":{"0":"post-107684","1":"product","2":"type-product","3":"status-publish","4":"has-post-thumbnail","6":"product_cat-bain","7":"product_shipping_class-palette","9":"first","10":"instock","11":"taxable","12":"shipping-taxable","13":"purchasable","14":"product-type-simple"},"_links":{"self":[{"href":"https:\/\/pdirect.ca\/en\/wp-json\/wp\/v2\/product\/107684"}],"collection":[{"href":"https:\/\/pdirect.ca\/en\/wp-json\/wp\/v2\/product"}],"about":[{"href":"https:\/\/pdirect.ca\/en\/wp-json\/wp\/v2\/types\/product"}],"replies":[{"embeddable":true,"href":"https:\/\/pdirect.ca\/en\/wp-json\/wp\/v2\/comments?post=107684"}],"wp:featuredmedia":[{"embeddable":true,"href":"https:\/\/pdirect.ca\/en\/wp-json\/wp\/v2\/media\/107683"}],"wp:attachment":[{"href":"https:\/\/pdirect.ca\/en\/wp-json\/wp\/v2\/media?parent=107684"}],"wp:term":[{"taxonomy":"product_cat","embeddable":true,"href":"https:\/\/pdirect.ca\/en\/wp-json\/wp\/v2\/product_cat?post=107684"},{"taxonomy":"product_tag","embeddable":true,"href":"https:\/\/pdirect.ca\/en\/wp-json\/wp\/v2\/product_tag?post=107684"}],"curies":[{"name":"wp","href":"https:\/\/api.w.org\/{rel}","templated":true}]}}