{"id":107685,"date":"2023-11-06T20:11:14","date_gmt":"2023-11-06T20:11:14","guid":{"rendered":"https:\/\/pdirect.ca\/?post_type=product&#038;p=107685"},"modified":"2024-11-25T10:40:42","modified_gmt":"2024-11-25T15:40:42","slug":"im-8941-67-pouces","status":"publish","type":"product","link":"https:\/\/pdirect.ca\/en\/product\/im-8941-67-pouces\/","title":{"rendered":"IM-8941-67 pouces"},"content":{"rendered":"<h4 class=\"product___heading\">Baignoire autoportante en acrylique 67 pouces<\/h4>\n<p>Faites l&rsquo;exp\u00e9rience du luxe \u00e0 l&rsquo;\u00e9tat pur avec notre baignoire autoportante en acrylique 67\u00a0\u00bb. Cette baignoire exquise est l&rsquo;incarnation de l&rsquo;\u00e9l\u00e9gance et du confort. Fabriqu\u00e9e en acrylique de haute qualit\u00e9, elle offre une surface lisse et chaude pour un bain vraiment relaxant. Le design autoportant ajoute une touche de modernit\u00e9 \u00e0 votre salle de bains, tandis que la taille spacieuse de 67 pouces offre suffisamment d&rsquo;espace pour une exp\u00e9rience de bain rajeunissante. Plongez dans la tranquillit\u00e9 et le style ultimes avec notre baignoire autoportante en acrylique 67\u00a0\u00bb et transformez votre salle de bain en une oasis priv\u00e9e de s\u00e9r\u00e9nit\u00e9.<\/p>","protected":false},"excerpt":{"rendered":"<h4 class=\"product___heading\">Baignoire autoportante en acrylique 67 pouces<\/h4>\n<p>Faites l&rsquo;exp\u00e9rience du luxe \u00e0 l&rsquo;\u00e9tat pur avec notre baignoire autoportante en acrylique 67\u00a0\u00bb. Cette baignoire exquise est l&rsquo;incarnation de l&rsquo;\u00e9l\u00e9gance et du confort. Fabriqu\u00e9e en acrylique de haute qualit\u00e9, elle offre une surface lisse et chaude pour un bain vraiment relaxant. Le design autoportant ajoute une touche de modernit\u00e9 \u00e0 votre salle de bains, tandis que la taille spacieuse de 67 pouces offre suffisamment d&rsquo;espace pour une exp\u00e9rience de bain rajeunissante. Plongez dans la tranquillit\u00e9 et le style ultimes avec notre baignoire autoportante en acrylique 67\u00a0\u00bb et transformez votre salle de bain en une oasis priv\u00e9e de s\u00e9r\u00e9nit\u00e9.<\/p>","protected":false},"featured_media":107686,"comment_status":"closed","ping_status":"closed","template":"","meta":{"rank_math_lock_modified_date":false},"product_cat":[104],"product_tag":[],"class_list":{"0":"post-107685","1":"product","2":"type-product","3":"status-publish","4":"has-post-thumbnail","6":"product_cat-bain","7":"product_shipping_class-palette","9":"first","10":"instock","11":"taxable","12":"shipping-taxable","13":"purchasable","14":"product-type-simple"},"_links":{"self":[{"href":"https:\/\/pdirect.ca\/en\/wp-json\/wp\/v2\/product\/107685"}],"collection":[{"href":"https:\/\/pdirect.ca\/en\/wp-json\/wp\/v2\/product"}],"about":[{"href":"https:\/\/pdirect.ca\/en\/wp-json\/wp\/v2\/types\/product"}],"replies":[{"embeddable":true,"href":"https:\/\/pdirect.ca\/en\/wp-json\/wp\/v2\/comments?post=107685"}],"wp:featuredmedia":[{"embeddable":true,"href":"https:\/\/pdirect.ca\/en\/wp-json\/wp\/v2\/media\/107686"}],"wp:attachment":[{"href":"https:\/\/pdirect.ca\/en\/wp-json\/wp\/v2\/media?parent=107685"}],"wp:term":[{"taxonomy":"product_cat","embeddable":true,"href":"https:\/\/pdirect.ca\/en\/wp-json\/wp\/v2\/product_cat?post=107685"},{"taxonomy":"product_tag","embeddable":true,"href":"https:\/\/pdirect.ca\/en\/wp-json\/wp\/v2\/product_tag?post=107685"}],"curies":[{"name":"wp","href":"https:\/\/api.w.org\/{rel}","templated":true}]}}