{"id":107729,"date":"2023-11-14T13:01:00","date_gmt":"2023-11-14T18:01:00","guid":{"rendered":"https:\/\/pdirect.ca\/?post_type=product&#038;p=107729"},"modified":"2025-03-07T08:51:28","modified_gmt":"2025-03-07T13:51:28","slug":"goodfellow-lamine-floorpan-elite-xl-devine-flx026-2-59pi2","status":"publish","type":"product","link":"https:\/\/pdirect.ca\/en\/product\/goodfellow-lamine-floorpan-elite-xl-devine-flx026-2-59pi2\/","title":{"rendered":"Goodfellow lamin\u00e9 Floorpan Elite XL Devine Flx026 \u200b"},"content":{"rendered":"<p>Nos nouveaux d\u00e9cors Floorpan Elite XL sont con\u00e7us avec une \u00e9l\u00e9gance simple combinant des teintes naturelles et une surface textur\u00e9e.<\/p>\n<p><strong>Sp\u00e9cifications<\/strong><\/p>\n<ul>\n<li>12 mm x 7-5\/8\u2019\u2019 x 48\u2019\u2019 Plancher lamin\u00e9<\/li>\n<li>Fini authentique<\/li>\n<li>Installation flottante avec syst\u00e8me \u00ab Unifit \u00bb<\/li>\n<li>Installer \u00e0 tous les niveaux<\/li>\n<li>Fabriqu\u00e9 en Turquie<\/li>\n<li>Garantie r\u00e9sidentielle de 25 ans<\/li>\n<li>Garantie commerciale de 15 ans<\/li>\n<li>20,18 pi ca \/ bte<\/li>\n<\/ul>","protected":false},"excerpt":{"rendered":"<p>Nos nouveaux d\u00e9cors Floorpan Elite XL sont con\u00e7us avec une \u00e9l\u00e9gance simple combinant des teintes naturelles et une surface textur\u00e9e.<\/p>\n<p><strong>Sp\u00e9cifications<\/strong><\/p>\n<ul>\n<li>12 mm x 7-5\/8\u2019\u2019 x 48\u2019\u2019 Plancher lamin\u00e9<\/li>\n<li>Fini authentique<\/li>\n<li>Installation flottante avec syst\u00e8me \u00ab Unifit \u00bb<\/li>\n<li>Installer \u00e0 tous les niveaux<\/li>\n<li>Fabriqu\u00e9 en Turquie<\/li>\n<li>Garantie r\u00e9sidentielle de 25 ans<\/li>\n<li>Garantie commerciale de 15 ans<\/li>\n<li>20,18 pi ca \/ bte<\/li>\n<\/ul>","protected":false},"featured_media":107730,"comment_status":"closed","ping_status":"closed","template":"","meta":{"rank_math_lock_modified_date":false},"product_cat":[56],"product_tag":[],"class_list":{"0":"post-107729","1":"product","2":"type-product","3":"status-publish","4":"has-post-thumbnail","6":"product_cat-plancherflottant","7":"product_shipping_class-palette","9":"first","10":"instock","11":"taxable","12":"shipping-taxable","13":"purchasable","14":"product-type-simple"},"_links":{"self":[{"href":"https:\/\/pdirect.ca\/en\/wp-json\/wp\/v2\/product\/107729"}],"collection":[{"href":"https:\/\/pdirect.ca\/en\/wp-json\/wp\/v2\/product"}],"about":[{"href":"https:\/\/pdirect.ca\/en\/wp-json\/wp\/v2\/types\/product"}],"replies":[{"embeddable":true,"href":"https:\/\/pdirect.ca\/en\/wp-json\/wp\/v2\/comments?post=107729"}],"wp:featuredmedia":[{"embeddable":true,"href":"https:\/\/pdirect.ca\/en\/wp-json\/wp\/v2\/media\/107730"}],"wp:attachment":[{"href":"https:\/\/pdirect.ca\/en\/wp-json\/wp\/v2\/media?parent=107729"}],"wp:term":[{"taxonomy":"product_cat","embeddable":true,"href":"https:\/\/pdirect.ca\/en\/wp-json\/wp\/v2\/product_cat?post=107729"},{"taxonomy":"product_tag","embeddable":true,"href":"https:\/\/pdirect.ca\/en\/wp-json\/wp\/v2\/product_tag?post=107729"}],"curies":[{"name":"wp","href":"https:\/\/api.w.org\/{rel}","templated":true}]}}