{"id":107979,"date":"2024-03-13T11:27:07","date_gmt":"2024-03-13T15:27:07","guid":{"rendered":"https:\/\/pdirect.ca\/?post_type=product&#038;p=107979"},"modified":"2024-11-25T10:40:21","modified_gmt":"2024-11-25T15:40:21","slug":"6818-03","status":"publish","type":"product","link":"https:\/\/pdirect.ca\/en\/product\/6818-03\/","title":{"rendered":"6818-03"},"content":{"rendered":"<h4 class=\"product___heading\">Robinet de cuisine avec tirette Black Mat<\/h4>\n<div class=\"product__description w-richtext\">\n<p>C\u00e9l\u00e9brez votre nouvelle cuisine avec ce robinet de cuisine Black Mat. Dot\u00e9 d&rsquo;une fonction d&rsquo;extraction et d&rsquo;une douchette \u00e0 deux fonctions, ce robinet de cuisine offre le meilleur des deux mondes : beaut\u00e9 et praticit\u00e9.<\/p>\n<p>ENTRETIEN R\u00c9GULIER DES PRODUITS \u00c0 FINITION NOIRE MATE<\/p>\n<ul role=\"list\">\n<li>Il suffit d&rsquo;utiliser un chiffon doux en microfibre avec de l&rsquo;eau chaude pour le nettoyer.<\/li>\n<li>\u00c9VITER d&rsquo;utiliser des produits de nettoyage abrasifs, y compris des produits naturels acides sur le produit, tels que le vinaigre, les d\u00e9tergents, le citron\/les citrons verts, etc. Ceci s&rsquo;applique \u00e9galement aux robinets, cr\u00e9pines et douches en noir mat !<\/li>\n<\/ul>\n<\/div>","protected":false},"excerpt":{"rendered":"<h4 class=\"product___heading\">Robinet de cuisine avec tirette Black Mat<\/h4>\n<div class=\"product__description w-richtext\">\n<p>C\u00e9l\u00e9brez votre nouvelle cuisine avec ce robinet de cuisine Black Mat. Dot\u00e9 d&rsquo;une fonction d&rsquo;extraction et d&rsquo;une douchette \u00e0 deux fonctions, ce robinet de cuisine offre le meilleur des deux mondes : beaut\u00e9 et praticit\u00e9.<\/p>\n<p>ENTRETIEN R\u00c9GULIER DES PRODUITS \u00c0 FINITION NOIRE MATE<\/p>\n<ul role=\"list\">\n<li>Il suffit d&rsquo;utiliser un chiffon doux en microfibre avec de l&rsquo;eau chaude pour le nettoyer.<\/li>\n<li>\u00c9VITER d&rsquo;utiliser des produits de nettoyage abrasifs, y compris des produits naturels acides sur le produit, tels que le vinaigre, les d\u00e9tergents, le citron\/les citrons verts, etc. Ceci s&rsquo;applique \u00e9galement aux robinets, cr\u00e9pines et douches en noir mat !<\/li>\n<\/ul>\n<\/div>","protected":false},"featured_media":107980,"comment_status":"closed","ping_status":"closed","template":"","meta":{"rank_math_lock_modified_date":false},"product_cat":[106],"product_tag":[],"class_list":{"0":"post-107979","1":"product","2":"type-product","3":"status-publish","4":"has-post-thumbnail","6":"product_cat-robinet-cuisine","7":"product_shipping_class-palette","9":"first","10":"instock","11":"taxable","12":"shipping-taxable","13":"purchasable","14":"product-type-simple"},"_links":{"self":[{"href":"https:\/\/pdirect.ca\/en\/wp-json\/wp\/v2\/product\/107979"}],"collection":[{"href":"https:\/\/pdirect.ca\/en\/wp-json\/wp\/v2\/product"}],"about":[{"href":"https:\/\/pdirect.ca\/en\/wp-json\/wp\/v2\/types\/product"}],"replies":[{"embeddable":true,"href":"https:\/\/pdirect.ca\/en\/wp-json\/wp\/v2\/comments?post=107979"}],"wp:featuredmedia":[{"embeddable":true,"href":"https:\/\/pdirect.ca\/en\/wp-json\/wp\/v2\/media\/107980"}],"wp:attachment":[{"href":"https:\/\/pdirect.ca\/en\/wp-json\/wp\/v2\/media?parent=107979"}],"wp:term":[{"taxonomy":"product_cat","embeddable":true,"href":"https:\/\/pdirect.ca\/en\/wp-json\/wp\/v2\/product_cat?post=107979"},{"taxonomy":"product_tag","embeddable":true,"href":"https:\/\/pdirect.ca\/en\/wp-json\/wp\/v2\/product_tag?post=107979"}],"curies":[{"name":"wp","href":"https:\/\/api.w.org\/{rel}","templated":true}]}}