{"id":107987,"date":"2024-03-13T12:12:28","date_gmt":"2024-03-13T16:12:28","guid":{"rendered":"https:\/\/pdirect.ca\/?post_type=product&#038;p=107987"},"modified":"2024-11-25T10:40:21","modified_gmt":"2024-11-25T15:40:21","slug":"6833-02","status":"publish","type":"product","link":"https:\/\/pdirect.ca\/en\/product\/6833-02\/","title":{"rendered":"6833-02"},"content":{"rendered":"<h4 class=\"product___heading\">Robinet remplisseur de pot pour la cuisine en nickel bross\u00e9<\/h4>\n<div class=\"product__description w-richtext\">\n<p>Notre robinet de remplissage de casserole \u00e0 montage mural rend le remplissage d&rsquo;eau directement au-dessus de votre cuisini\u00e8re incroyablement pratique. Lorsqu&rsquo;il n&rsquo;est pas utilis\u00e9, le bras peut \u00eatre repli\u00e9, ce qui permet de gagner un espace pr\u00e9cieux dans votre cuisine. Fabriqu\u00e9 en acier inoxydable de haute qualit\u00e9, ce robinet de remplissage de pot de cuisine fonctionnel et facile \u00e0 nettoyer. Il est \u00e9galement certifi\u00e9 cUPC pour une plus grande tranquillit\u00e9 d&rsquo;esprit. \u00c9quip\u00e9 d&rsquo;un a\u00e9rateur europ\u00e9en Neoperl, ce robinet cr\u00e9e un flux a\u00e9r\u00e9 parfait, fonctionnant silencieusement et sans \u00e9claboussures. Il r\u00e9duit \u00e9galement le gaspillage d&rsquo;eau sans compromettre la pression de l&rsquo;eau. L&rsquo;installation de ce robinet remplisseur de casseroles est un jeu d&rsquo;enfant.<\/p>\n<\/div>","protected":false},"excerpt":{"rendered":"<h4 class=\"product___heading\">Robinet remplisseur de pot pour la cuisine en nickel bross\u00e9<\/h4>\n<div class=\"product__description w-richtext\">\n<p>Notre robinet de remplissage de casserole \u00e0 montage mural rend le remplissage d&rsquo;eau directement au-dessus de votre cuisini\u00e8re incroyablement pratique. Lorsqu&rsquo;il n&rsquo;est pas utilis\u00e9, le bras peut \u00eatre repli\u00e9, ce qui permet de gagner un espace pr\u00e9cieux dans votre cuisine. Fabriqu\u00e9 en acier inoxydable de haute qualit\u00e9, ce robinet de remplissage de pot de cuisine fonctionnel et facile \u00e0 nettoyer. Il est \u00e9galement certifi\u00e9 cUPC pour une plus grande tranquillit\u00e9 d&rsquo;esprit. \u00c9quip\u00e9 d&rsquo;un a\u00e9rateur europ\u00e9en Neoperl, ce robinet cr\u00e9e un flux a\u00e9r\u00e9 parfait, fonctionnant silencieusement et sans \u00e9claboussures. Il r\u00e9duit \u00e9galement le gaspillage d&rsquo;eau sans compromettre la pression de l&rsquo;eau. L&rsquo;installation de ce robinet remplisseur de casseroles est un jeu d&rsquo;enfant.<\/p>\n<\/div>","protected":false},"featured_media":107989,"comment_status":"closed","ping_status":"closed","template":"","meta":{"rank_math_lock_modified_date":false},"product_cat":[106],"product_tag":[],"class_list":{"0":"post-107987","1":"product","2":"type-product","3":"status-publish","4":"has-post-thumbnail","6":"product_cat-robinet-cuisine","7":"product_shipping_class-palette","9":"first","10":"instock","11":"taxable","12":"shipping-taxable","13":"purchasable","14":"product-type-simple"},"_links":{"self":[{"href":"https:\/\/pdirect.ca\/en\/wp-json\/wp\/v2\/product\/107987"}],"collection":[{"href":"https:\/\/pdirect.ca\/en\/wp-json\/wp\/v2\/product"}],"about":[{"href":"https:\/\/pdirect.ca\/en\/wp-json\/wp\/v2\/types\/product"}],"replies":[{"embeddable":true,"href":"https:\/\/pdirect.ca\/en\/wp-json\/wp\/v2\/comments?post=107987"}],"wp:featuredmedia":[{"embeddable":true,"href":"https:\/\/pdirect.ca\/en\/wp-json\/wp\/v2\/media\/107989"}],"wp:attachment":[{"href":"https:\/\/pdirect.ca\/en\/wp-json\/wp\/v2\/media?parent=107987"}],"wp:term":[{"taxonomy":"product_cat","embeddable":true,"href":"https:\/\/pdirect.ca\/en\/wp-json\/wp\/v2\/product_cat?post=107987"},{"taxonomy":"product_tag","embeddable":true,"href":"https:\/\/pdirect.ca\/en\/wp-json\/wp\/v2\/product_tag?post=107987"}],"curies":[{"name":"wp","href":"https:\/\/api.w.org\/{rel}","templated":true}]}}