{"id":107991,"date":"2024-03-13T12:44:50","date_gmt":"2024-03-13T16:44:50","guid":{"rendered":"https:\/\/pdirect.ca\/?post_type=product&#038;p=107991"},"modified":"2024-11-25T10:40:21","modified_gmt":"2024-11-25T15:40:21","slug":"6833-03","status":"publish","type":"product","link":"https:\/\/pdirect.ca\/en\/product\/6833-03\/","title":{"rendered":"6833-03"},"content":{"rendered":"<p class=\"product__sku\" data-wf-sku-bindings=\"%5B%7B%22from%22%3A%22f_sku_%22%2C%22to%22%3A%22innerHTML%22%7D%5D\">6833-03<\/p>\n<h4 class=\"product___heading\">Robinet remplisseur de pot pour la cuisine noir<\/h4>\n<div class=\"product__description w-richtext\">\n<p>Notre robinet de remplissage de casserole \u00e0 montage mural rend le remplissage d&rsquo;eau directement au-dessus de votre cuisini\u00e8re incroyablement pratique. Lorsqu&rsquo;il n&rsquo;est pas utilis\u00e9, le bras peut \u00eatre repli\u00e9, ce qui permet de gagner un espace pr\u00e9cieux dans votre cuisine. Fabriqu\u00e9 en acier inoxydable de haute qualit\u00e9<\/p>\n<\/div>","protected":false},"excerpt":{"rendered":"<p class=\"product__sku\" data-wf-sku-bindings=\"%5B%7B%22from%22%3A%22f_sku_%22%2C%22to%22%3A%22innerHTML%22%7D%5D\">6833-03<\/p>\n<h4 class=\"product___heading\">Robinet remplisseur de pot pour la cuisine noir<\/h4>\n<div class=\"product__description w-richtext\">\n<p>Notre robinet de remplissage de casserole \u00e0 montage mural rend le remplissage d&rsquo;eau directement au-dessus de votre cuisini\u00e8re incroyablement pratique. Lorsqu&rsquo;il n&rsquo;est pas utilis\u00e9, le bras peut \u00eatre repli\u00e9, ce qui permet de gagner un espace pr\u00e9cieux dans votre cuisine. Fabriqu\u00e9 en acier inoxydable de haute qualit\u00e9<\/p>\n<\/div>","protected":false},"featured_media":107993,"comment_status":"closed","ping_status":"closed","template":"","meta":{"rank_math_lock_modified_date":false},"product_cat":[106],"product_tag":[],"class_list":{"0":"post-107991","1":"product","2":"type-product","3":"status-publish","4":"has-post-thumbnail","6":"product_cat-robinet-cuisine","7":"product_shipping_class-palette","9":"first","10":"instock","11":"taxable","12":"shipping-taxable","13":"purchasable","14":"product-type-simple"},"_links":{"self":[{"href":"https:\/\/pdirect.ca\/en\/wp-json\/wp\/v2\/product\/107991"}],"collection":[{"href":"https:\/\/pdirect.ca\/en\/wp-json\/wp\/v2\/product"}],"about":[{"href":"https:\/\/pdirect.ca\/en\/wp-json\/wp\/v2\/types\/product"}],"replies":[{"embeddable":true,"href":"https:\/\/pdirect.ca\/en\/wp-json\/wp\/v2\/comments?post=107991"}],"wp:featuredmedia":[{"embeddable":true,"href":"https:\/\/pdirect.ca\/en\/wp-json\/wp\/v2\/media\/107993"}],"wp:attachment":[{"href":"https:\/\/pdirect.ca\/en\/wp-json\/wp\/v2\/media?parent=107991"}],"wp:term":[{"taxonomy":"product_cat","embeddable":true,"href":"https:\/\/pdirect.ca\/en\/wp-json\/wp\/v2\/product_cat?post=107991"},{"taxonomy":"product_tag","embeddable":true,"href":"https:\/\/pdirect.ca\/en\/wp-json\/wp\/v2\/product_tag?post=107991"}],"curies":[{"name":"wp","href":"https:\/\/api.w.org\/{rel}","templated":true}]}}