{"id":108012,"date":"2024-03-16T12:09:50","date_gmt":"2024-03-16T16:09:50","guid":{"rendered":"https:\/\/pdirect.ca\/?post_type=product&#038;p=108012"},"modified":"2024-11-25T10:40:04","modified_gmt":"2024-11-25T15:40:04","slug":"2818-gm-b-evier-de-cuisine-en-inox-noir-28x18","status":"publish","type":"product","link":"https:\/\/pdirect.ca\/en\/product\/2818-gm-b-evier-de-cuisine-en-inox-noir-28x18\/","title":{"rendered":"2818-GM-B  \u00c9vier de cuisine en inox noir 28&#215;18"},"content":{"rendered":"<p>Fabriqu\u00e9s \u00e0 l&rsquo;aide de la nanotechnologie de pointe, ces superbes \u00e9viers noirs sont recouverts d&rsquo;une couche exempte d&rsquo;huile, cr\u00e9ant ainsi une nouvelle d\u00e9finition de l&rsquo;\u00e9l\u00e9gance et de la haute durabilit\u00e9 pour votre cuisine.<\/p>\n<p>Caract\u00e9ristiques des nanotechnologies :<\/p>\n<p>Couche nano antibact\u00e9rienne raffin\u00e9e<br \/>\nAntirouille et anticorrosionR\u00e9sistant aux taches et aux empreintes digitales<br \/>\nHydrofuge et ol\u00e9ofuge<br \/>\nTr\u00e8s facile \u00e0 nettoyer et \u00e0 entretenir, il suffit de l&rsquo;essuyer avec un chiffon humide<\/p>\n<p>La grille et le tamis sont inclus.<\/p>\n<p>*Robinet vendu s\u00e9par\u00e9ment\u200d<\/p>\n<p>L&rsquo;ENTRETIEN R\u00c9GULIER :<\/p>\n<p>Il suffit d&rsquo;utiliser un chiffon doux en microfibre avec de l&rsquo;eau ti\u00e8de pour nettoyer<br \/>\n. EVITEZ d&rsquo;utiliser des produits de nettoyage abrasifs et des d\u00e9tergents sur l&rsquo;\u00e9vier. Le fait de ne pas nettoyer correctement vos produits et de les endommager n&rsquo;est PAS consid\u00e9r\u00e9 comme un d\u00e9faut de fabrication dans le cadre de la garantie du produit.<\/p>","protected":false},"excerpt":{"rendered":"<p>Fabriqu\u00e9s \u00e0 l&rsquo;aide de la nanotechnologie de pointe, ces superbes \u00e9viers noirs sont recouverts d&rsquo;une couche exempte d&rsquo;huile, cr\u00e9ant ainsi une nouvelle d\u00e9finition de l&rsquo;\u00e9l\u00e9gance et de la haute durabilit\u00e9 pour votre cuisine.<\/p>\n<p>Caract\u00e9ristiques des nanotechnologies :<\/p>\n<p>Couche nano antibact\u00e9rienne raffin\u00e9e<br \/>\nAntirouille et anticorrosionR\u00e9sistant aux taches et aux empreintes digitales<br \/>\nHydrofuge et ol\u00e9ofuge<br \/>\nTr\u00e8s facile \u00e0 nettoyer et \u00e0 entretenir, il suffit de l&rsquo;essuyer avec un chiffon humide<\/p>\n<p>La grille et le tamis sont inclus.<\/p>\n<p>*Robinet vendu s\u00e9par\u00e9ment\u200d<\/p>\n<p>L&rsquo;ENTRETIEN R\u00c9GULIER :<\/p>\n<p>Il suffit d&rsquo;utiliser un chiffon doux en microfibre avec de l&rsquo;eau ti\u00e8de pour nettoyer<br \/>\n. EVITEZ d&rsquo;utiliser des produits de nettoyage abrasifs et des d\u00e9tergents sur l&rsquo;\u00e9vier. Le fait de ne pas nettoyer correctement vos produits et de les endommager n&rsquo;est PAS consid\u00e9r\u00e9 comme un d\u00e9faut de fabrication dans le cadre de la garantie du produit.<\/p>","protected":false},"featured_media":108013,"comment_status":"closed","ping_status":"closed","template":"","meta":{"rank_math_lock_modified_date":false},"product_cat":[105],"product_tag":[],"class_list":{"0":"post-108012","1":"product","2":"type-product","3":"status-publish","4":"has-post-thumbnail","6":"product_cat-evier-cuisine","7":"product_shipping_class-palette","9":"first","10":"instock","11":"taxable","12":"shipping-taxable","13":"purchasable","14":"product-type-simple"},"_links":{"self":[{"href":"https:\/\/pdirect.ca\/en\/wp-json\/wp\/v2\/product\/108012"}],"collection":[{"href":"https:\/\/pdirect.ca\/en\/wp-json\/wp\/v2\/product"}],"about":[{"href":"https:\/\/pdirect.ca\/en\/wp-json\/wp\/v2\/types\/product"}],"replies":[{"embeddable":true,"href":"https:\/\/pdirect.ca\/en\/wp-json\/wp\/v2\/comments?post=108012"}],"wp:featuredmedia":[{"embeddable":true,"href":"https:\/\/pdirect.ca\/en\/wp-json\/wp\/v2\/media\/108013"}],"wp:attachment":[{"href":"https:\/\/pdirect.ca\/en\/wp-json\/wp\/v2\/media?parent=108012"}],"wp:term":[{"taxonomy":"product_cat","embeddable":true,"href":"https:\/\/pdirect.ca\/en\/wp-json\/wp\/v2\/product_cat?post=108012"},{"taxonomy":"product_tag","embeddable":true,"href":"https:\/\/pdirect.ca\/en\/wp-json\/wp\/v2\/product_tag?post=108012"}],"curies":[{"name":"wp","href":"https:\/\/api.w.org\/{rel}","templated":true}]}}