{"id":108015,"date":"2024-03-16T12:22:46","date_gmt":"2024-03-16T16:22:46","guid":{"rendered":"https:\/\/pdirect.ca\/?post_type=product&#038;p=108015"},"modified":"2024-11-25T10:40:04","modified_gmt":"2024-11-25T15:40:04","slug":"3018-gm-b-evier-en-acier-inoxydable-noir-de-30-po-avec-grille","status":"publish","type":"product","link":"https:\/\/pdirect.ca\/en\/product\/3018-gm-b-evier-en-acier-inoxydable-noir-de-30-po-avec-grille\/","title":{"rendered":"3018-GM-B  \u00c9vier en acier inoxydable noir de 30 po, avec grille"},"content":{"rendered":"<p>Fabriqu\u00e9s gr\u00e2ce \u00e0 la nanotechnologie de pointe, ces superbes \u00e9viers noirs sont recouverts d&rsquo;une couche exempte d&rsquo;huile,<br \/>\n, cr\u00e9ant une nouvelle d\u00e9finition de l&rsquo;\u00e9l\u00e9gance et de la haute durabilit\u00e9 pour votre cuisine.<\/p>\n<p>Caract\u00e9ristiques de la nanotechnologie :<br \/>\nCouche nano antibact\u00e9rienne raffin\u00e9e<br \/>\nAntirouille et anticorrosion<br \/>\nR\u00e9sistant aux taches et aux traces de doigts<br \/>\nHydrofuge et ol\u00e9ofuge<br \/>\nTr\u00e8s facile \u00e0 nettoyer et \u00e0 entretenir, il suffit d&rsquo;essuyer avec un chiffon humide<br \/>\nLa grille et la cr\u00e9pine sont incluses.<\/p>\n<p>*Le robinet est vendu s\u00e9par\u00e9ment<\/p>\n<p>\u200d<\/p>\n<p>ENTRETIEN R\u00c9GULIER<\/p>\n<ul role=\"list\">\n<li>Il suffit d&rsquo;utiliser un chiffon doux en microfibre avec de l&rsquo;eau chaude pour le nettoyer.<\/li>\n<li>\u00c9VITEZ d&rsquo;utiliser des produits de nettoyage et des d\u00e9tergents abrasifs sur l&rsquo;\u00e9vier. Ceci s&rsquo;applique \u00e9galement aux robinets, cr\u00e9pines et douches en noir mat !<\/li>\n<\/ul>","protected":false},"excerpt":{"rendered":"<p>Fabriqu\u00e9s gr\u00e2ce \u00e0 la nanotechnologie de pointe, ces superbes \u00e9viers noirs sont recouverts d&rsquo;une couche exempte d&rsquo;huile,<br \/>\n, cr\u00e9ant une nouvelle d\u00e9finition de l&rsquo;\u00e9l\u00e9gance et de la haute durabilit\u00e9 pour votre cuisine.<\/p>\n<p>Caract\u00e9ristiques de la nanotechnologie :<br \/>\nCouche nano antibact\u00e9rienne raffin\u00e9e<br \/>\nAntirouille et anticorrosion<br \/>\nR\u00e9sistant aux taches et aux traces de doigts<br \/>\nHydrofuge et ol\u00e9ofuge<br \/>\nTr\u00e8s facile \u00e0 nettoyer et \u00e0 entretenir, il suffit d&rsquo;essuyer avec un chiffon humide<br \/>\nLa grille et la cr\u00e9pine sont incluses.<\/p>\n<p>*Le robinet est vendu s\u00e9par\u00e9ment<\/p>\n<p>\u200d<\/p>\n<p>ENTRETIEN R\u00c9GULIER<\/p>\n<ul role=\"list\">\n<li>Il suffit d&rsquo;utiliser un chiffon doux en microfibre avec de l&rsquo;eau chaude pour le nettoyer.<\/li>\n<li>\u00c9VITEZ d&rsquo;utiliser des produits de nettoyage et des d\u00e9tergents abrasifs sur l&rsquo;\u00e9vier. Ceci s&rsquo;applique \u00e9galement aux robinets, cr\u00e9pines et douches en noir mat !<\/li>\n<\/ul>","protected":false},"featured_media":108016,"comment_status":"closed","ping_status":"closed","template":"","meta":{"rank_math_lock_modified_date":false},"product_cat":[105],"product_tag":[],"class_list":{"0":"post-108015","1":"product","2":"type-product","3":"status-publish","4":"has-post-thumbnail","6":"product_cat-evier-cuisine","7":"product_shipping_class-palette","9":"first","10":"instock","11":"taxable","12":"shipping-taxable","13":"purchasable","14":"product-type-simple"},"_links":{"self":[{"href":"https:\/\/pdirect.ca\/en\/wp-json\/wp\/v2\/product\/108015"}],"collection":[{"href":"https:\/\/pdirect.ca\/en\/wp-json\/wp\/v2\/product"}],"about":[{"href":"https:\/\/pdirect.ca\/en\/wp-json\/wp\/v2\/types\/product"}],"replies":[{"embeddable":true,"href":"https:\/\/pdirect.ca\/en\/wp-json\/wp\/v2\/comments?post=108015"}],"wp:featuredmedia":[{"embeddable":true,"href":"https:\/\/pdirect.ca\/en\/wp-json\/wp\/v2\/media\/108016"}],"wp:attachment":[{"href":"https:\/\/pdirect.ca\/en\/wp-json\/wp\/v2\/media?parent=108015"}],"wp:term":[{"taxonomy":"product_cat","embeddable":true,"href":"https:\/\/pdirect.ca\/en\/wp-json\/wp\/v2\/product_cat?post=108015"},{"taxonomy":"product_tag","embeddable":true,"href":"https:\/\/pdirect.ca\/en\/wp-json\/wp\/v2\/product_tag?post=108015"}],"curies":[{"name":"wp","href":"https:\/\/api.w.org\/{rel}","templated":true}]}}