{"id":108106,"date":"2024-04-24T12:20:28","date_gmt":"2024-04-24T16:20:28","guid":{"rendered":"https:\/\/pdirect.ca\/?post_type=product&#038;p=108106"},"modified":"2024-11-25T10:40:04","modified_gmt":"2024-11-25T15:40:04","slug":"im-9000-cairo-noir-mat","status":"publish","type":"product","link":"https:\/\/pdirect.ca\/en\/product\/im-9000-cairo-noir-mat\/","title":{"rendered":"IM-9000 Cairo noir mat"},"content":{"rendered":"<p>\u00c9levez votre salle de bain avec notre colonne de douche\u00a0<strong>thermostatique\u00a0<\/strong>noir mat. Un design \u00e9l\u00e9gant et moderne pour un contr\u00f4le pr\u00e9cis de la temp\u00e9rature. Fabriqu\u00e9e avec des mat\u00e9riaux de premi\u00e8re qualit\u00e9, elle respire l&rsquo;\u00e9l\u00e9gance tout en garantissant une exp\u00e9rience de douche confortable. Profitez de la beaut\u00e9 du noir mat, de la fiabilit\u00e9 de la technologie thermostatique et du luxe ultime de la douche.<\/p>","protected":false},"excerpt":{"rendered":"<p>\u00c9levez votre salle de bain avec notre colonne de douche\u00a0<strong>thermostatique\u00a0<\/strong>noir mat. Un design \u00e9l\u00e9gant et moderne pour un contr\u00f4le pr\u00e9cis de la temp\u00e9rature. Fabriqu\u00e9e avec des mat\u00e9riaux de premi\u00e8re qualit\u00e9, elle respire l&rsquo;\u00e9l\u00e9gance tout en garantissant une exp\u00e9rience de douche confortable. Profitez de la beaut\u00e9 du noir mat, de la fiabilit\u00e9 de la technologie thermostatique et du luxe ultime de la douche.<\/p>","protected":false},"featured_media":108107,"comment_status":"closed","ping_status":"closed","template":"","meta":{"rank_math_lock_modified_date":false},"product_cat":[99],"product_tag":[],"class_list":{"0":"post-108106","1":"product","2":"type-product","3":"status-publish","4":"has-post-thumbnail","6":"product_cat-colonne-douche","7":"product_shipping_class-palette","9":"first","10":"instock","11":"taxable","12":"shipping-taxable","13":"purchasable","14":"product-type-simple"},"_links":{"self":[{"href":"https:\/\/pdirect.ca\/en\/wp-json\/wp\/v2\/product\/108106"}],"collection":[{"href":"https:\/\/pdirect.ca\/en\/wp-json\/wp\/v2\/product"}],"about":[{"href":"https:\/\/pdirect.ca\/en\/wp-json\/wp\/v2\/types\/product"}],"replies":[{"embeddable":true,"href":"https:\/\/pdirect.ca\/en\/wp-json\/wp\/v2\/comments?post=108106"}],"wp:featuredmedia":[{"embeddable":true,"href":"https:\/\/pdirect.ca\/en\/wp-json\/wp\/v2\/media\/108107"}],"wp:attachment":[{"href":"https:\/\/pdirect.ca\/en\/wp-json\/wp\/v2\/media?parent=108106"}],"wp:term":[{"taxonomy":"product_cat","embeddable":true,"href":"https:\/\/pdirect.ca\/en\/wp-json\/wp\/v2\/product_cat?post=108106"},{"taxonomy":"product_tag","embeddable":true,"href":"https:\/\/pdirect.ca\/en\/wp-json\/wp\/v2\/product_tag?post=108106"}],"curies":[{"name":"wp","href":"https:\/\/api.w.org\/{rel}","templated":true}]}}