{"id":108108,"date":"2024-04-24T12:23:23","date_gmt":"2024-04-24T16:23:23","guid":{"rendered":"https:\/\/pdirect.ca\/?post_type=product&#038;p=108108"},"modified":"2024-11-25T10:40:04","modified_gmt":"2024-11-25T15:40:04","slug":"onyx-noir-mat-im-9732","status":"publish","type":"product","link":"https:\/\/pdirect.ca\/en\/product\/onyx-noir-mat-im-9732\/","title":{"rendered":"Onyx noir mat IM-9732"},"content":{"rendered":"<h4 class=\"product___heading\">Panneau de douche Onyx noir mat<\/h4>\n<div class=\"product__description w-richtext\">\n<p>\u00c9vadez-vous dans une oasis de d\u00e9tente en quelques secondes, dans le confort de votre maison. Cette colonne de douche vous offre une exp\u00e9rience sensorielle exceptionnelle gr\u00e2ce \u00e0 ses jets de massage optimaux pour le corps.<\/p>\n<ul role=\"list\">\n<li>Pomme de douche<\/li>\n<li>4 jets de massage pour le corps<\/li>\n<li>Douche \u00e0 main et piste de vitesse<\/li>\n<li>Cartouche en c\u00e9ramique<\/li>\n<li>Vanne thermostatique avec r\u00e9glage de la temp\u00e9rature<\/li>\n<li>D\u00e9bit maximal : 15-16L par minute<\/li>\n<\/ul>\n<\/div>","protected":false},"excerpt":{"rendered":"<h4 class=\"product___heading\">Panneau de douche Onyx noir mat<\/h4>\n<div class=\"product__description w-richtext\">\n<p>\u00c9vadez-vous dans une oasis de d\u00e9tente en quelques secondes, dans le confort de votre maison. Cette colonne de douche vous offre une exp\u00e9rience sensorielle exceptionnelle gr\u00e2ce \u00e0 ses jets de massage optimaux pour le corps.<\/p>\n<ul role=\"list\">\n<li>Pomme de douche<\/li>\n<li>4 jets de massage pour le corps<\/li>\n<li>Douche \u00e0 main et piste de vitesse<\/li>\n<li>Cartouche en c\u00e9ramique<\/li>\n<li>Vanne thermostatique avec r\u00e9glage de la temp\u00e9rature<\/li>\n<li>D\u00e9bit maximal : 15-16L par minute<\/li>\n<\/ul>\n<\/div>","protected":false},"featured_media":108109,"comment_status":"closed","ping_status":"closed","template":"","meta":{"rank_math_lock_modified_date":false},"product_cat":[99],"product_tag":[],"class_list":{"0":"post-108108","1":"product","2":"type-product","3":"status-publish","4":"has-post-thumbnail","6":"product_cat-colonne-douche","7":"product_shipping_class-palette","9":"first","10":"instock","11":"taxable","12":"shipping-taxable","13":"purchasable","14":"product-type-simple"},"_links":{"self":[{"href":"https:\/\/pdirect.ca\/en\/wp-json\/wp\/v2\/product\/108108"}],"collection":[{"href":"https:\/\/pdirect.ca\/en\/wp-json\/wp\/v2\/product"}],"about":[{"href":"https:\/\/pdirect.ca\/en\/wp-json\/wp\/v2\/types\/product"}],"replies":[{"embeddable":true,"href":"https:\/\/pdirect.ca\/en\/wp-json\/wp\/v2\/comments?post=108108"}],"wp:featuredmedia":[{"embeddable":true,"href":"https:\/\/pdirect.ca\/en\/wp-json\/wp\/v2\/media\/108109"}],"wp:attachment":[{"href":"https:\/\/pdirect.ca\/en\/wp-json\/wp\/v2\/media?parent=108108"}],"wp:term":[{"taxonomy":"product_cat","embeddable":true,"href":"https:\/\/pdirect.ca\/en\/wp-json\/wp\/v2\/product_cat?post=108108"},{"taxonomy":"product_tag","embeddable":true,"href":"https:\/\/pdirect.ca\/en\/wp-json\/wp\/v2\/product_tag?post=108108"}],"curies":[{"name":"wp","href":"https:\/\/api.w.org\/{rel}","templated":true}]}}