{"id":108112,"date":"2024-04-24T12:29:17","date_gmt":"2024-04-24T16:29:17","guid":{"rendered":"https:\/\/pdirect.ca\/?post_type=product&#038;p=108112"},"modified":"2024-11-25T10:40:04","modified_gmt":"2024-11-25T15:40:04","slug":"im-9821a","status":"publish","type":"product","link":"https:\/\/pdirect.ca\/en\/product\/im-9821a\/","title":{"rendered":"IM-9821A"},"content":{"rendered":"<p>\u00c9vadez-vous dans une oasis de d\u00e9tente en quelques secondes, dans le confort de votre maison. Cette colonne de douche vous offre une exp\u00e9rience sensorielle exceptionnelle gr\u00e2ce \u00e0 ses jets de massage optimaux et \u00e0 l&rsquo;effet de cascade de la pomme de douche.<\/p>\n<ul role=\"list\">\n<li>Pomme de douche<\/li>\n<li>Effet de cascade sur la pomme de douche<\/li>\n<li>6 jets de massage pour le corps<\/li>\n<li>Douche \u00e0 main et piste de vitesse<\/li>\n<li>Cartouche en c\u00e9ramique<\/li>\n<li>Vanne thermostatique avec r\u00e9glage de la temp\u00e9rature<\/li>\n<li>D\u00e9bit maximal : 15-16 par minute<\/li>\n<\/ul>\n<p>\u200d<\/p>","protected":false},"excerpt":{"rendered":"<p>\u00c9vadez-vous dans une oasis de d\u00e9tente en quelques secondes, dans le confort de votre maison. Cette colonne de douche vous offre une exp\u00e9rience sensorielle exceptionnelle gr\u00e2ce \u00e0 ses jets de massage optimaux et \u00e0 l&rsquo;effet de cascade de la pomme de douche.<\/p>\n<ul role=\"list\">\n<li>Pomme de douche<\/li>\n<li>Effet de cascade sur la pomme de douche<\/li>\n<li>6 jets de massage pour le corps<\/li>\n<li>Douche \u00e0 main et piste de vitesse<\/li>\n<li>Cartouche en c\u00e9ramique<\/li>\n<li>Vanne thermostatique avec r\u00e9glage de la temp\u00e9rature<\/li>\n<li>D\u00e9bit maximal : 15-16 par minute<\/li>\n<\/ul>\n<p>\u200d<\/p>","protected":false},"featured_media":108113,"comment_status":"closed","ping_status":"closed","template":"","meta":{"rank_math_lock_modified_date":false},"product_cat":[99],"product_tag":[],"class_list":{"0":"post-108112","1":"product","2":"type-product","3":"status-publish","4":"has-post-thumbnail","6":"product_cat-colonne-douche","7":"product_shipping_class-palette","9":"first","10":"instock","11":"taxable","12":"shipping-taxable","13":"purchasable","14":"product-type-simple"},"_links":{"self":[{"href":"https:\/\/pdirect.ca\/en\/wp-json\/wp\/v2\/product\/108112"}],"collection":[{"href":"https:\/\/pdirect.ca\/en\/wp-json\/wp\/v2\/product"}],"about":[{"href":"https:\/\/pdirect.ca\/en\/wp-json\/wp\/v2\/types\/product"}],"replies":[{"embeddable":true,"href":"https:\/\/pdirect.ca\/en\/wp-json\/wp\/v2\/comments?post=108112"}],"wp:featuredmedia":[{"embeddable":true,"href":"https:\/\/pdirect.ca\/en\/wp-json\/wp\/v2\/media\/108113"}],"wp:attachment":[{"href":"https:\/\/pdirect.ca\/en\/wp-json\/wp\/v2\/media?parent=108112"}],"wp:term":[{"taxonomy":"product_cat","embeddable":true,"href":"https:\/\/pdirect.ca\/en\/wp-json\/wp\/v2\/product_cat?post=108112"},{"taxonomy":"product_tag","embeddable":true,"href":"https:\/\/pdirect.ca\/en\/wp-json\/wp\/v2\/product_tag?post=108112"}],"curies":[{"name":"wp","href":"https:\/\/api.w.org\/{rel}","templated":true}]}}