{"id":108118,"date":"2024-04-24T12:36:12","date_gmt":"2024-04-24T16:36:12","guid":{"rendered":"https:\/\/pdirect.ca\/?post_type=product&#038;p=108118"},"modified":"2024-11-25T10:40:03","modified_gmt":"2024-11-25T15:40:03","slug":"im-9888-thermostatique-sicily-en-chrome","status":"publish","type":"product","link":"https:\/\/pdirect.ca\/en\/product\/im-9888-thermostatique-sicily-en-chrome\/","title":{"rendered":"IM-9888 thermostatique Sicily en chrome"},"content":{"rendered":"<h4 class=\"product___heading\">thermostatique Sicily en chrome<\/h4>\n<p>Le panneau de douche thermostatique Sicily en chrome rehausse votre exp\u00e9rience de la douche. Ce design \u00e9l\u00e9gant et moderne ajoute non seulement une touche de luxe \u00e0 votre salle de bains, mais permet \u00e9galement un contr\u00f4le pr\u00e9cis de la temp\u00e9rature. Fabriqu\u00e9e avec des mat\u00e9riaux de haute qualit\u00e9, elle assure \u00e0 la fois style et fonctionnalit\u00e9, faisant de votre douche quotidienne un v\u00e9ritable plaisir.<\/p>","protected":false},"excerpt":{"rendered":"<h4 class=\"product___heading\">thermostatique Sicily en chrome<\/h4>\n<p>Le panneau de douche thermostatique Sicily en chrome rehausse votre exp\u00e9rience de la douche. Ce design \u00e9l\u00e9gant et moderne ajoute non seulement une touche de luxe \u00e0 votre salle de bains, mais permet \u00e9galement un contr\u00f4le pr\u00e9cis de la temp\u00e9rature. Fabriqu\u00e9e avec des mat\u00e9riaux de haute qualit\u00e9, elle assure \u00e0 la fois style et fonctionnalit\u00e9, faisant de votre douche quotidienne un v\u00e9ritable plaisir.<\/p>","protected":false},"featured_media":108119,"comment_status":"closed","ping_status":"closed","template":"","meta":{"rank_math_lock_modified_date":false},"product_cat":[99],"product_tag":[],"class_list":{"0":"post-108118","1":"product","2":"type-product","3":"status-publish","4":"has-post-thumbnail","6":"product_cat-colonne-douche","7":"product_shipping_class-palette","9":"first","10":"instock","11":"taxable","12":"shipping-taxable","13":"purchasable","14":"product-type-simple"},"_links":{"self":[{"href":"https:\/\/pdirect.ca\/en\/wp-json\/wp\/v2\/product\/108118"}],"collection":[{"href":"https:\/\/pdirect.ca\/en\/wp-json\/wp\/v2\/product"}],"about":[{"href":"https:\/\/pdirect.ca\/en\/wp-json\/wp\/v2\/types\/product"}],"replies":[{"embeddable":true,"href":"https:\/\/pdirect.ca\/en\/wp-json\/wp\/v2\/comments?post=108118"}],"wp:featuredmedia":[{"embeddable":true,"href":"https:\/\/pdirect.ca\/en\/wp-json\/wp\/v2\/media\/108119"}],"wp:attachment":[{"href":"https:\/\/pdirect.ca\/en\/wp-json\/wp\/v2\/media?parent=108118"}],"wp:term":[{"taxonomy":"product_cat","embeddable":true,"href":"https:\/\/pdirect.ca\/en\/wp-json\/wp\/v2\/product_cat?post=108118"},{"taxonomy":"product_tag","embeddable":true,"href":"https:\/\/pdirect.ca\/en\/wp-json\/wp\/v2\/product_tag?post=108118"}],"curies":[{"name":"wp","href":"https:\/\/api.w.org\/{rel}","templated":true}]}}