{"id":108126,"date":"2024-04-24T13:30:52","date_gmt":"2024-04-24T17:30:52","guid":{"rendered":"https:\/\/pdirect.ca\/?post_type=product&#038;p=108126"},"modified":"2024-11-25T10:39:47","modified_gmt":"2024-11-25T15:39:47","slug":"porte-de-douche-carree-de-36-pouces-ly8105-pc","status":"publish","type":"product","link":"https:\/\/pdirect.ca\/en\/product\/porte-de-douche-carree-de-36-pouces-ly8105-pc\/","title":{"rendered":"Porte de douche carr\u00e9e de 36 pouces LY8105-PC"},"content":{"rendered":"<p>D\u00e9couvrez notre porte de douche d&rsquo;angle carr\u00e9e de 36 pouces, dot\u00e9e d&rsquo;un design astucieux avec deux portes qui s&rsquo;ouvrent pour faciliter l&rsquo;acc\u00e8s. Moderne et pratique, cette porte de douche s&rsquo;int\u00e8gre parfaitement dans les angles de votre douche, optimisant ainsi l&rsquo;espace de votre salle de bain. Fabriqu\u00e9e avec des mat\u00e9riaux de haute qualit\u00e9, elle allie durabilit\u00e9 et esth\u00e9tique. Am\u00e9liorez votre exp\u00e9rience du bain avec notre porte de douche carr\u00e9e d&rsquo;angle de 36 pouces et profitez de la commodit\u00e9 de deux portes pour entrer et sortir sans effort. Transformez votre salle de bain en une oasis \u00e9l\u00e9gante et fonctionnelle d\u00e8s aujourd&rsquo;hui.<\/p>","protected":false},"excerpt":{"rendered":"<p>D\u00e9couvrez notre porte de douche d&rsquo;angle carr\u00e9e de 36 pouces, dot\u00e9e d&rsquo;un design astucieux avec deux portes qui s&rsquo;ouvrent pour faciliter l&rsquo;acc\u00e8s. Moderne et pratique, cette porte de douche s&rsquo;int\u00e8gre parfaitement dans les angles de votre douche, optimisant ainsi l&rsquo;espace de votre salle de bain. Fabriqu\u00e9e avec des mat\u00e9riaux de haute qualit\u00e9, elle allie durabilit\u00e9 et esth\u00e9tique. Am\u00e9liorez votre exp\u00e9rience du bain avec notre porte de douche carr\u00e9e d&rsquo;angle de 36 pouces et profitez de la commodit\u00e9 de deux portes pour entrer et sortir sans effort. Transformez votre salle de bain en une oasis \u00e9l\u00e9gante et fonctionnelle d\u00e8s aujourd&rsquo;hui.<\/p>","protected":false},"featured_media":108127,"comment_status":"closed","ping_status":"closed","template":"","meta":{"rank_math_lock_modified_date":false},"product_cat":[103],"product_tag":[],"class_list":{"0":"post-108126","1":"product","2":"type-product","3":"status-publish","4":"has-post-thumbnail","6":"product_cat-douche-en-verre","7":"product_shipping_class-palette","9":"first","10":"instock","11":"taxable","12":"shipping-taxable","13":"purchasable","14":"product-type-simple"},"_links":{"self":[{"href":"https:\/\/pdirect.ca\/en\/wp-json\/wp\/v2\/product\/108126"}],"collection":[{"href":"https:\/\/pdirect.ca\/en\/wp-json\/wp\/v2\/product"}],"about":[{"href":"https:\/\/pdirect.ca\/en\/wp-json\/wp\/v2\/types\/product"}],"replies":[{"embeddable":true,"href":"https:\/\/pdirect.ca\/en\/wp-json\/wp\/v2\/comments?post=108126"}],"wp:featuredmedia":[{"embeddable":true,"href":"https:\/\/pdirect.ca\/en\/wp-json\/wp\/v2\/media\/108127"}],"wp:attachment":[{"href":"https:\/\/pdirect.ca\/en\/wp-json\/wp\/v2\/media?parent=108126"}],"wp:term":[{"taxonomy":"product_cat","embeddable":true,"href":"https:\/\/pdirect.ca\/en\/wp-json\/wp\/v2\/product_cat?post=108126"},{"taxonomy":"product_tag","embeddable":true,"href":"https:\/\/pdirect.ca\/en\/wp-json\/wp\/v2\/product_tag?post=108126"}],"curies":[{"name":"wp","href":"https:\/\/api.w.org\/{rel}","templated":true}]}}