{"id":108128,"date":"2024-04-24T13:35:08","date_gmt":"2024-04-24T17:35:08","guid":{"rendered":"https:\/\/pdirect.ca\/?post_type=product&#038;p=108128"},"modified":"2024-11-25T10:39:47","modified_gmt":"2024-11-25T15:39:47","slug":"porte-de-douche-dangle-ronde-de-36-pouces-cq2142","status":"publish","type":"product","link":"https:\/\/pdirect.ca\/en\/product\/porte-de-douche-dangle-ronde-de-36-pouces-cq2142\/","title":{"rendered":"Porte de douche d&rsquo;angle ronde de 36 pouces CQ2142"},"content":{"rendered":"<p>D\u00e9couvrez notre porte de douche ronde d&rsquo;angle de 36 pouces, un choix \u00e9l\u00e9gant pour votre salle de bain. Cette porte de douche ronde de haute qualit\u00e9 ajoute une touche de modernit\u00e9 \u00e0 votre espace de baignade tout en optimisant son agencement. Gr\u00e2ce \u00e0 sa construction robuste et \u00e0 son design esth\u00e9tique, elle offre une exp\u00e9rience de douche exceptionnelle. Optez d\u00e8s maintenant pour notre porte de douche d&rsquo;angle ronde de 36 pouces et transformez votre salle de bain en un sanctuaire relaxant et r\u00e9g\u00e9n\u00e9rant.<\/p>","protected":false},"excerpt":{"rendered":"<p>D\u00e9couvrez notre porte de douche ronde d&rsquo;angle de 36 pouces, un choix \u00e9l\u00e9gant pour votre salle de bain. Cette porte de douche ronde de haute qualit\u00e9 ajoute une touche de modernit\u00e9 \u00e0 votre espace de baignade tout en optimisant son agencement. Gr\u00e2ce \u00e0 sa construction robuste et \u00e0 son design esth\u00e9tique, elle offre une exp\u00e9rience de douche exceptionnelle. Optez d\u00e8s maintenant pour notre porte de douche d&rsquo;angle ronde de 36 pouces et transformez votre salle de bain en un sanctuaire relaxant et r\u00e9g\u00e9n\u00e9rant.<\/p>","protected":false},"featured_media":108129,"comment_status":"closed","ping_status":"closed","template":"","meta":{"rank_math_lock_modified_date":false},"product_cat":[103],"product_tag":[],"class_list":{"0":"post-108128","1":"product","2":"type-product","3":"status-publish","4":"has-post-thumbnail","6":"product_cat-douche-en-verre","7":"product_shipping_class-palette","9":"first","10":"instock","11":"taxable","12":"shipping-taxable","13":"purchasable","14":"product-type-simple"},"_links":{"self":[{"href":"https:\/\/pdirect.ca\/en\/wp-json\/wp\/v2\/product\/108128"}],"collection":[{"href":"https:\/\/pdirect.ca\/en\/wp-json\/wp\/v2\/product"}],"about":[{"href":"https:\/\/pdirect.ca\/en\/wp-json\/wp\/v2\/types\/product"}],"replies":[{"embeddable":true,"href":"https:\/\/pdirect.ca\/en\/wp-json\/wp\/v2\/comments?post=108128"}],"wp:featuredmedia":[{"embeddable":true,"href":"https:\/\/pdirect.ca\/en\/wp-json\/wp\/v2\/media\/108129"}],"wp:attachment":[{"href":"https:\/\/pdirect.ca\/en\/wp-json\/wp\/v2\/media?parent=108128"}],"wp:term":[{"taxonomy":"product_cat","embeddable":true,"href":"https:\/\/pdirect.ca\/en\/wp-json\/wp\/v2\/product_cat?post=108128"},{"taxonomy":"product_tag","embeddable":true,"href":"https:\/\/pdirect.ca\/en\/wp-json\/wp\/v2\/product_tag?post=108128"}],"curies":[{"name":"wp","href":"https:\/\/api.w.org\/{rel}","templated":true}]}}