{"id":108134,"date":"2024-04-24T13:44:07","date_gmt":"2024-04-24T17:44:07","guid":{"rendered":"https:\/\/pdirect.ca\/?post_type=product&#038;p=108134"},"modified":"2024-11-25T10:39:46","modified_gmt":"2024-11-25T15:39:46","slug":"rebel-36-po-x-75-po-porte-de-douche-pivotante-en-chrome-rs-il-3675csc8","status":"publish","type":"product","link":"https:\/\/pdirect.ca\/en\/product\/rebel-36-po-x-75-po-porte-de-douche-pivotante-en-chrome-rs-il-3675csc8\/","title":{"rendered":"Rebel 36 po x 75 po Porte de douche pivotante en chrome RS-IL-3675CSC8"},"content":{"rendered":"<h4 class=\"product___heading\">Rebel 36 po x 75 po Porte de douche pivotante en chrome<\/h4>\n<div class=\"product__description w-richtext\">\n<p>Ce mod\u00e8le est id\u00e9al pour ceux qui souhaitent cr\u00e9er leur propre base de douche tout en b\u00e9n\u00e9ficiant d&rsquo;une porte de douche dans un espace restreint ou avec un budget limit\u00e9 ! Compatible uniquement avec les receveurs de douche sur mesure.<\/p>\n<\/div>\n<div class=\"add-to-cart\">\n<div role=\"group\" data-wf-sku-bindings=\"%5B%7B%22from%22%3A%22f_sku_values_3dr%22%2C%22to%22%3A%22optionValues%22%7D%5D\" data-commerce-product-sku-values=\"%7B%2277e388b799a1b5a3ef0b3c10d459561e%22%3A%2232d851918d1141515dce157e2b548742%22%7D\" data-node-type=\"commerce-add-to-cart-option-list\" data-commerce-product-id=\"6111361d86efb813d35fd53c\" data-preselect-default-variant=\"true\">\n<div role=\"group\">\n<div id=\"option-set-77e388b799a1b5a3ef0b3c10d459561e\" class=\"w-commerce-commerceaddtocartoptionpillgroup button-group\" role=\"radiogroup\" data-node-type=\"commerce-add-to-cart-pill-group\" data-commerce-option-set-id=\"77e388b799a1b5a3ef0b3c10d459561e\" aria-label=\"Shower Base\">\n<div class=\"w-commerce-commerceaddtocartoptionpill variant__button w--ecommerce-pill-selected\" role=\"radio\" data-node-type=\"commerce-add-to-cart-pill\" data-option-id=\"32d851918d1141515dce157e2b548742\">\n<div data-wf-bindings=\"%5B%7B%22innerHTML%22%3A%7B%22type%22%3A%22PlainText%22%2C%22filter%22%3A%7B%22type%22%3A%22identity%22%2C%22params%22%3A%5B%5D%7D%2C%22dataPath%22%3A%22name%22%7D%7D%5D\">Receveur de douche en c\u00e9ramique<\/div>\n<\/div>\n<\/div>\n<\/div>\n<\/div>\n<\/div>","protected":false},"excerpt":{"rendered":"<h4 class=\"product___heading\">Rebel 36 po x 75 po Porte de douche pivotante en chrome<\/h4>\n<div class=\"product__description w-richtext\">\n<p>Ce mod\u00e8le est id\u00e9al pour ceux qui souhaitent cr\u00e9er leur propre base de douche tout en b\u00e9n\u00e9ficiant d&rsquo;une porte de douche dans un espace restreint ou avec un budget limit\u00e9 ! Compatible uniquement avec les receveurs de douche sur mesure.<\/p>\n<\/div>\n<div class=\"add-to-cart\">\n<div role=\"group\" data-wf-sku-bindings=\"%5B%7B%22from%22%3A%22f_sku_values_3dr%22%2C%22to%22%3A%22optionValues%22%7D%5D\" data-commerce-product-sku-values=\"%7B%2277e388b799a1b5a3ef0b3c10d459561e%22%3A%2232d851918d1141515dce157e2b548742%22%7D\" data-node-type=\"commerce-add-to-cart-option-list\" data-commerce-product-id=\"6111361d86efb813d35fd53c\" data-preselect-default-variant=\"true\">\n<div role=\"group\">\n<div id=\"option-set-77e388b799a1b5a3ef0b3c10d459561e\" class=\"w-commerce-commerceaddtocartoptionpillgroup button-group\" role=\"radiogroup\" data-node-type=\"commerce-add-to-cart-pill-group\" data-commerce-option-set-id=\"77e388b799a1b5a3ef0b3c10d459561e\" aria-label=\"Shower Base\">\n<div class=\"w-commerce-commerceaddtocartoptionpill variant__button w--ecommerce-pill-selected\" role=\"radio\" data-node-type=\"commerce-add-to-cart-pill\" data-option-id=\"32d851918d1141515dce157e2b548742\">\n<div data-wf-bindings=\"%5B%7B%22innerHTML%22%3A%7B%22type%22%3A%22PlainText%22%2C%22filter%22%3A%7B%22type%22%3A%22identity%22%2C%22params%22%3A%5B%5D%7D%2C%22dataPath%22%3A%22name%22%7D%7D%5D\">Receveur de douche en c\u00e9ramique<\/div>\n<\/div>\n<\/div>\n<\/div>\n<\/div>\n<\/div>","protected":false},"featured_media":108135,"comment_status":"closed","ping_status":"closed","template":"","meta":{"rank_math_lock_modified_date":false},"product_cat":[103],"product_tag":[],"class_list":{"0":"post-108134","1":"product","2":"type-product","3":"status-publish","4":"has-post-thumbnail","6":"product_cat-douche-en-verre","7":"product_shipping_class-palette","9":"first","10":"instock","11":"taxable","12":"shipping-taxable","13":"purchasable","14":"product-type-simple"},"_links":{"self":[{"href":"https:\/\/pdirect.ca\/en\/wp-json\/wp\/v2\/product\/108134"}],"collection":[{"href":"https:\/\/pdirect.ca\/en\/wp-json\/wp\/v2\/product"}],"about":[{"href":"https:\/\/pdirect.ca\/en\/wp-json\/wp\/v2\/types\/product"}],"replies":[{"embeddable":true,"href":"https:\/\/pdirect.ca\/en\/wp-json\/wp\/v2\/comments?post=108134"}],"wp:featuredmedia":[{"embeddable":true,"href":"https:\/\/pdirect.ca\/en\/wp-json\/wp\/v2\/media\/108135"}],"wp:attachment":[{"href":"https:\/\/pdirect.ca\/en\/wp-json\/wp\/v2\/media?parent=108134"}],"wp:term":[{"taxonomy":"product_cat","embeddable":true,"href":"https:\/\/pdirect.ca\/en\/wp-json\/wp\/v2\/product_cat?post=108134"},{"taxonomy":"product_tag","embeddable":true,"href":"https:\/\/pdirect.ca\/en\/wp-json\/wp\/v2\/product_tag?post=108134"}],"curies":[{"name":"wp","href":"https:\/\/api.w.org\/{rel}","templated":true}]}}