{"id":108136,"date":"2024-04-24T13:47:41","date_gmt":"2024-04-24T17:47:41","guid":{"rendered":"https:\/\/pdirect.ca\/?post_type=product&#038;p=108136"},"modified":"2024-11-25T10:39:46","modified_gmt":"2024-11-25T15:39:46","slug":"48lx75h-porte-de-douche-coulissante-royal-48-01-hc420","status":"publish","type":"product","link":"https:\/\/pdirect.ca\/en\/product\/48lx75h-porte-de-douche-coulissante-royal-48-01-hc420\/","title":{"rendered":"48Lx75H Porte de douche coulissante ROYAL-48-01 (HC420)"},"content":{"rendered":"<p>D\u00e9couvrez notre porte de douche coulissante en chrome avec verre transparent, une solution \u00e9l\u00e9gante et pratique pour votre salle de bains. Cette porte de douche coulissante chrom\u00e9e avec verre transparent apporte une touche de modernit\u00e9 et de luminosit\u00e9 \u00e0 votre espace de bain. Avec son design astucieux et sa finition chrom\u00e9e \u00e9tincelante, elle offre une exp\u00e9rience de douche exceptionnelle. Choisissez d\u00e8s maintenant notre porte de douche coulissante en chrome avec verre transparent et transformez votre salle de bains en un havre de d\u00e9tente et de raffinement. Cette porte de douche est en verre tremp\u00e9 et b\u00e9n\u00e9ficie d&rsquo;une couche de nano-protection !<\/p>","protected":false},"excerpt":{"rendered":"<p>D\u00e9couvrez notre porte de douche coulissante en chrome avec verre transparent, une solution \u00e9l\u00e9gante et pratique pour votre salle de bains. Cette porte de douche coulissante chrom\u00e9e avec verre transparent apporte une touche de modernit\u00e9 et de luminosit\u00e9 \u00e0 votre espace de bain. Avec son design astucieux et sa finition chrom\u00e9e \u00e9tincelante, elle offre une exp\u00e9rience de douche exceptionnelle. Choisissez d\u00e8s maintenant notre porte de douche coulissante en chrome avec verre transparent et transformez votre salle de bains en un havre de d\u00e9tente et de raffinement. Cette porte de douche est en verre tremp\u00e9 et b\u00e9n\u00e9ficie d&rsquo;une couche de nano-protection !<\/p>","protected":false},"featured_media":108137,"comment_status":"closed","ping_status":"closed","template":"","meta":{"rank_math_lock_modified_date":false},"product_cat":[103],"product_tag":[],"class_list":{"0":"post-108136","1":"product","2":"type-product","3":"status-publish","4":"has-post-thumbnail","6":"product_cat-douche-en-verre","7":"product_shipping_class-palette","9":"first","10":"instock","11":"taxable","12":"shipping-taxable","13":"purchasable","14":"product-type-simple"},"_links":{"self":[{"href":"https:\/\/pdirect.ca\/en\/wp-json\/wp\/v2\/product\/108136"}],"collection":[{"href":"https:\/\/pdirect.ca\/en\/wp-json\/wp\/v2\/product"}],"about":[{"href":"https:\/\/pdirect.ca\/en\/wp-json\/wp\/v2\/types\/product"}],"replies":[{"embeddable":true,"href":"https:\/\/pdirect.ca\/en\/wp-json\/wp\/v2\/comments?post=108136"}],"wp:featuredmedia":[{"embeddable":true,"href":"https:\/\/pdirect.ca\/en\/wp-json\/wp\/v2\/media\/108137"}],"wp:attachment":[{"href":"https:\/\/pdirect.ca\/en\/wp-json\/wp\/v2\/media?parent=108136"}],"wp:term":[{"taxonomy":"product_cat","embeddable":true,"href":"https:\/\/pdirect.ca\/en\/wp-json\/wp\/v2\/product_cat?post=108136"},{"taxonomy":"product_tag","embeddable":true,"href":"https:\/\/pdirect.ca\/en\/wp-json\/wp\/v2\/product_tag?post=108136"}],"curies":[{"name":"wp","href":"https:\/\/api.w.org\/{rel}","templated":true}]}}