{"id":108138,"date":"2024-04-24T13:50:38","date_gmt":"2024-04-24T17:50:38","guid":{"rendered":"https:\/\/pdirect.ca\/?post_type=product&#038;p=108138"},"modified":"2024-11-25T10:39:46","modified_gmt":"2024-11-25T15:39:46","slug":"48lx75h-porte-de-douche-coulissante-noir-mat-royal-48-03-hc420-b","status":"publish","type":"product","link":"https:\/\/pdirect.ca\/en\/product\/48lx75h-porte-de-douche-coulissante-noir-mat-royal-48-03-hc420-b\/","title":{"rendered":"48Lx75H Porte de douche coulissante noir mat ROYAL-48-03 (HC420-B)"},"content":{"rendered":"<h4 class=\"product___heading\">Porte de douche coulissante ROYAL noir mat avec verre transparent<\/h4>\n<div class=\"product__description w-richtext\">\n<p>D\u00e9couvrez notre porte de douche coulissante noire avec verre transparent, une solution \u00e9l\u00e9gante et pratique pour votre salle de bain. Cette porte de douche coulissante noire avec verre transparent apporte une touche de modernit\u00e9 et de luminosit\u00e9 \u00e0 votre espace de bain. Avec son design astucieux et sa finition noire, elle offre une exp\u00e9rience de douche exceptionnelle. Choisissez d\u00e8s maintenant notre porte de douche coulissante noire avec verre transparent et transformez votre salle de bain en un havre de d\u00e9tente et de raffinement. Cette porte de douche est en verre tremp\u00e9 et b\u00e9n\u00e9ficie d&rsquo;une couche de nano-protection !<\/p>\n<p>\u200d<\/p>\n<\/div>","protected":false},"excerpt":{"rendered":"<h4 class=\"product___heading\">Porte de douche coulissante ROYAL noir mat avec verre transparent<\/h4>\n<div class=\"product__description w-richtext\">\n<p>D\u00e9couvrez notre porte de douche coulissante noire avec verre transparent, une solution \u00e9l\u00e9gante et pratique pour votre salle de bain. Cette porte de douche coulissante noire avec verre transparent apporte une touche de modernit\u00e9 et de luminosit\u00e9 \u00e0 votre espace de bain. Avec son design astucieux et sa finition noire, elle offre une exp\u00e9rience de douche exceptionnelle. Choisissez d\u00e8s maintenant notre porte de douche coulissante noire avec verre transparent et transformez votre salle de bain en un havre de d\u00e9tente et de raffinement. Cette porte de douche est en verre tremp\u00e9 et b\u00e9n\u00e9ficie d&rsquo;une couche de nano-protection !<\/p>\n<p>\u200d<\/p>\n<\/div>","protected":false},"featured_media":108139,"comment_status":"closed","ping_status":"closed","template":"","meta":{"rank_math_lock_modified_date":false},"product_cat":[103],"product_tag":[],"class_list":{"0":"post-108138","1":"product","2":"type-product","3":"status-publish","4":"has-post-thumbnail","6":"product_cat-douche-en-verre","7":"product_shipping_class-palette","9":"first","10":"instock","11":"taxable","12":"shipping-taxable","13":"purchasable","14":"product-type-simple"},"_links":{"self":[{"href":"https:\/\/pdirect.ca\/en\/wp-json\/wp\/v2\/product\/108138"}],"collection":[{"href":"https:\/\/pdirect.ca\/en\/wp-json\/wp\/v2\/product"}],"about":[{"href":"https:\/\/pdirect.ca\/en\/wp-json\/wp\/v2\/types\/product"}],"replies":[{"embeddable":true,"href":"https:\/\/pdirect.ca\/en\/wp-json\/wp\/v2\/comments?post=108138"}],"wp:featuredmedia":[{"embeddable":true,"href":"https:\/\/pdirect.ca\/en\/wp-json\/wp\/v2\/media\/108139"}],"wp:attachment":[{"href":"https:\/\/pdirect.ca\/en\/wp-json\/wp\/v2\/media?parent=108138"}],"wp:term":[{"taxonomy":"product_cat","embeddable":true,"href":"https:\/\/pdirect.ca\/en\/wp-json\/wp\/v2\/product_cat?post=108138"},{"taxonomy":"product_tag","embeddable":true,"href":"https:\/\/pdirect.ca\/en\/wp-json\/wp\/v2\/product_tag?post=108138"}],"curies":[{"name":"wp","href":"https:\/\/api.w.org\/{rel}","templated":true}]}}