{"id":108143,"date":"2024-04-25T11:30:11","date_gmt":"2024-04-25T15:30:11","guid":{"rendered":"https:\/\/pdirect.ca\/?post_type=product&#038;p=108143"},"modified":"2024-11-25T10:39:46","modified_gmt":"2024-11-25T15:39:46","slug":"ly3401-02-pc-48x75","status":"publish","type":"product","link":"https:\/\/pdirect.ca\/en\/product\/ly3401-02-pc-48x75\/","title":{"rendered":"LY3401-02-PC 48&#215;75"},"content":{"rendered":"<h4 class=\"product___heading\">Porte de douche coulissante double en verre transparent avec poign\u00e9es chrom\u00e9es<\/h4>\n<div class=\"product__description w-richtext\">\n<p>Cette porte de douche est l&rsquo;ultime exp\u00e9rience de luxe avec son contour \u00e9l\u00e9gant. Gr\u00e2ce \u00e0 ses portes bidirectionnelles, vous pouvez r\u00e9gler la temp\u00e9rature de votre eau sans m\u00eame entrer dans votre douche. De plus, le design de ces portes de douche permet un glissement doux et sans effort, presque silencieux !<\/p>\n<\/div>\n<div class=\"add-to-cart\">\n<div role=\"group\" data-wf-sku-bindings=\"%5B%7B%22from%22%3A%22f_sku_values_3dr%22%2C%22to%22%3A%22optionValues%22%7D%5D\" data-commerce-product-sku-values=\"%7B%225f36209b16e501bfee5bb885a54b83f9%22%3A%22149a4ab54946eac6f37bec11ca3c3311%22%7D\" data-node-type=\"commerce-add-to-cart-option-list\" data-commerce-product-id=\"60250841737a4746821490cf\" data-preselect-default-variant=\"true\">\n<div role=\"group\">\n<div id=\"option-set-5f36209b16e501bfee5bb885a54b83f9\" class=\"w-commerce-commerceaddtocartoptionpillgroup button-group\" role=\"radiogroup\" data-node-type=\"commerce-add-to-cart-pill-group\" data-commerce-option-set-id=\"5f36209b16e501bfee5bb885a54b83f9\" aria-label=\"size\">\n<div class=\"w-commerce-commerceaddtocartoptionpill variant__button\" role=\"radio\" data-node-type=\"commerce-add-to-cart-pill\" data-option-id=\"149a4ab54946eac6f37bec11ca3c3311\">\n<div data-wf-bindings=\"%5B%7B%22innerHTML%22%3A%7B%22type%22%3A%22PlainText%22%2C%22filter%22%3A%7B%22type%22%3A%22identity%22%2C%22params%22%3A%5B%5D%7D%2C%22dataPath%22%3A%22name%22%7D%7D%5D\"><\/div>\n<\/div>\n<div class=\"w-commerce-commerceaddtocartoptionpill variant__button w--ecommerce-pill-selected\" role=\"radio\" data-node-type=\"commerce-add-to-cart-pill\" data-option-id=\"13c7f668600952f09ea04095d78cf8f4\">\n<div data-wf-bindings=\"%5B%7B%22innerHTML%22%3A%7B%22type%22%3A%22PlainText%22%2C%22filter%22%3A%7B%22type%22%3A%22identity%22%2C%22params%22%3A%5B%5D%7D%2C%22dataPath%22%3A%22name%22%7D%7D%5D\">48&#215;75 pouces<\/div>\n<\/div>\n<\/div>\n<\/div>\n<\/div>\n<\/div>","protected":false},"excerpt":{"rendered":"<h4 class=\"product___heading\">Porte de douche coulissante double en verre transparent avec poign\u00e9es chrom\u00e9es<\/h4>\n<div class=\"product__description w-richtext\">\n<p>Cette porte de douche est l&rsquo;ultime exp\u00e9rience de luxe avec son contour \u00e9l\u00e9gant. Gr\u00e2ce \u00e0 ses portes bidirectionnelles, vous pouvez r\u00e9gler la temp\u00e9rature de votre eau sans m\u00eame entrer dans votre douche. De plus, le design de ces portes de douche permet un glissement doux et sans effort, presque silencieux !<\/p>\n<\/div>\n<div class=\"add-to-cart\">\n<div role=\"group\" data-wf-sku-bindings=\"%5B%7B%22from%22%3A%22f_sku_values_3dr%22%2C%22to%22%3A%22optionValues%22%7D%5D\" data-commerce-product-sku-values=\"%7B%225f36209b16e501bfee5bb885a54b83f9%22%3A%22149a4ab54946eac6f37bec11ca3c3311%22%7D\" data-node-type=\"commerce-add-to-cart-option-list\" data-commerce-product-id=\"60250841737a4746821490cf\" data-preselect-default-variant=\"true\">\n<div role=\"group\">\n<div id=\"option-set-5f36209b16e501bfee5bb885a54b83f9\" class=\"w-commerce-commerceaddtocartoptionpillgroup button-group\" role=\"radiogroup\" data-node-type=\"commerce-add-to-cart-pill-group\" data-commerce-option-set-id=\"5f36209b16e501bfee5bb885a54b83f9\" aria-label=\"size\">\n<div class=\"w-commerce-commerceaddtocartoptionpill variant__button\" role=\"radio\" data-node-type=\"commerce-add-to-cart-pill\" data-option-id=\"149a4ab54946eac6f37bec11ca3c3311\">\n<div data-wf-bindings=\"%5B%7B%22innerHTML%22%3A%7B%22type%22%3A%22PlainText%22%2C%22filter%22%3A%7B%22type%22%3A%22identity%22%2C%22params%22%3A%5B%5D%7D%2C%22dataPath%22%3A%22name%22%7D%7D%5D\"><\/div>\n<\/div>\n<div class=\"w-commerce-commerceaddtocartoptionpill variant__button w--ecommerce-pill-selected\" role=\"radio\" data-node-type=\"commerce-add-to-cart-pill\" data-option-id=\"13c7f668600952f09ea04095d78cf8f4\">\n<div data-wf-bindings=\"%5B%7B%22innerHTML%22%3A%7B%22type%22%3A%22PlainText%22%2C%22filter%22%3A%7B%22type%22%3A%22identity%22%2C%22params%22%3A%5B%5D%7D%2C%22dataPath%22%3A%22name%22%7D%7D%5D\">48&#215;75 pouces<\/div>\n<\/div>\n<\/div>\n<\/div>\n<\/div>\n<\/div>","protected":false},"featured_media":108144,"comment_status":"closed","ping_status":"closed","template":"","meta":{"rank_math_lock_modified_date":false},"product_cat":[103],"product_tag":[],"class_list":{"0":"post-108143","1":"product","2":"type-product","3":"status-publish","4":"has-post-thumbnail","6":"product_cat-douche-en-verre","7":"product_shipping_class-palette","9":"first","10":"instock","11":"taxable","12":"shipping-taxable","13":"purchasable","14":"product-type-simple"},"_links":{"self":[{"href":"https:\/\/pdirect.ca\/en\/wp-json\/wp\/v2\/product\/108143"}],"collection":[{"href":"https:\/\/pdirect.ca\/en\/wp-json\/wp\/v2\/product"}],"about":[{"href":"https:\/\/pdirect.ca\/en\/wp-json\/wp\/v2\/types\/product"}],"replies":[{"embeddable":true,"href":"https:\/\/pdirect.ca\/en\/wp-json\/wp\/v2\/comments?post=108143"}],"wp:featuredmedia":[{"embeddable":true,"href":"https:\/\/pdirect.ca\/en\/wp-json\/wp\/v2\/media\/108144"}],"wp:attachment":[{"href":"https:\/\/pdirect.ca\/en\/wp-json\/wp\/v2\/media?parent=108143"}],"wp:term":[{"taxonomy":"product_cat","embeddable":true,"href":"https:\/\/pdirect.ca\/en\/wp-json\/wp\/v2\/product_cat?post=108143"},{"taxonomy":"product_tag","embeddable":true,"href":"https:\/\/pdirect.ca\/en\/wp-json\/wp\/v2\/product_tag?post=108143"}],"curies":[{"name":"wp","href":"https:\/\/api.w.org\/{rel}","templated":true}]}}