{"id":108145,"date":"2024-04-25T11:34:34","date_gmt":"2024-04-25T15:34:34","guid":{"rendered":"https:\/\/pdirect.ca\/?post_type=product&#038;p=108145"},"modified":"2024-11-25T10:39:46","modified_gmt":"2024-11-25T15:39:46","slug":"ly9201-pc-48x75","status":"publish","type":"product","link":"https:\/\/pdirect.ca\/en\/product\/ly9201-pc-48x75\/","title":{"rendered":"LY9201-PC 48\u00d775"},"content":{"rendered":"<h4 class=\"product___heading\">Porte de douche coulissante en chrome avec verre transparent<\/h4>\n<div class=\"product__description w-richtext\">\n<p>D\u00e9couvrez notre porte de douche coulissante en chrome avec verre transparent, une solution \u00e9l\u00e9gante et pratique pour votre salle de bain. Cette porte de douche coulissante chrom\u00e9e avec verre transparent apporte une touche de modernit\u00e9 et de luminosit\u00e9 \u00e0 votre espace de bain. Avec son design astucieux et sa finition chrom\u00e9e \u00e9tincelante, elle offre une exp\u00e9rience de douche exceptionnelle. Choisissez d\u00e8s maintenant notre porte de douche coulissante en chrome avec verre transparent et transformez votre salle de bains en un havre de d\u00e9tente et de raffinement.<\/p>\n<\/div>\n<div class=\"add-to-cart\">\n<div role=\"group\" data-wf-sku-bindings=\"%5B%7B%22from%22%3A%22f_sku_values_3dr%22%2C%22to%22%3A%22optionValues%22%7D%5D\" data-commerce-product-sku-values=\"%7B%22236807735ced02e939fc1a5a3cf0d7ec%22%3A%22405f3dd4e9abbef2def3000b2f9281a9%22%7D\" data-node-type=\"commerce-add-to-cart-option-list\" data-commerce-product-id=\"6025046937d98cd6401ba58d\" data-preselect-default-variant=\"true\">\n<div role=\"group\">\n<div id=\"option-set-236807735ced02e939fc1a5a3cf0d7ec\" class=\"w-commerce-commerceaddtocartoptionpillgroup button-group\" role=\"radiogroup\" data-node-type=\"commerce-add-to-cart-pill-group\" data-commerce-option-set-id=\"236807735ced02e939fc1a5a3cf0d7ec\" aria-label=\"Size\">\n<div class=\"w-commerce-commerceaddtocartoptionpill variant__button w--ecommerce-pill-selected\" role=\"radio\" data-node-type=\"commerce-add-to-cart-pill\" data-option-id=\"405f3dd4e9abbef2def3000b2f9281a9\">\n<div data-wf-bindings=\"%5B%7B%22innerHTML%22%3A%7B%22type%22%3A%22PlainText%22%2C%22filter%22%3A%7B%22type%22%3A%22identity%22%2C%22params%22%3A%5B%5D%7D%2C%22dataPath%22%3A%22name%22%7D%7D%5D\">48\u00d775 in<\/div>\n<\/div>\n<\/div>\n<\/div>\n<\/div>\n<\/div>","protected":false},"excerpt":{"rendered":"<h4 class=\"product___heading\">Porte de douche coulissante en chrome avec verre transparent<\/h4>\n<div class=\"product__description w-richtext\">\n<p>D\u00e9couvrez notre porte de douche coulissante en chrome avec verre transparent, une solution \u00e9l\u00e9gante et pratique pour votre salle de bain. Cette porte de douche coulissante chrom\u00e9e avec verre transparent apporte une touche de modernit\u00e9 et de luminosit\u00e9 \u00e0 votre espace de bain. Avec son design astucieux et sa finition chrom\u00e9e \u00e9tincelante, elle offre une exp\u00e9rience de douche exceptionnelle. Choisissez d\u00e8s maintenant notre porte de douche coulissante en chrome avec verre transparent et transformez votre salle de bains en un havre de d\u00e9tente et de raffinement.<\/p>\n<\/div>\n<div class=\"add-to-cart\">\n<div role=\"group\" data-wf-sku-bindings=\"%5B%7B%22from%22%3A%22f_sku_values_3dr%22%2C%22to%22%3A%22optionValues%22%7D%5D\" data-commerce-product-sku-values=\"%7B%22236807735ced02e939fc1a5a3cf0d7ec%22%3A%22405f3dd4e9abbef2def3000b2f9281a9%22%7D\" data-node-type=\"commerce-add-to-cart-option-list\" data-commerce-product-id=\"6025046937d98cd6401ba58d\" data-preselect-default-variant=\"true\">\n<div role=\"group\">\n<div id=\"option-set-236807735ced02e939fc1a5a3cf0d7ec\" class=\"w-commerce-commerceaddtocartoptionpillgroup button-group\" role=\"radiogroup\" data-node-type=\"commerce-add-to-cart-pill-group\" data-commerce-option-set-id=\"236807735ced02e939fc1a5a3cf0d7ec\" aria-label=\"Size\">\n<div class=\"w-commerce-commerceaddtocartoptionpill variant__button w--ecommerce-pill-selected\" role=\"radio\" data-node-type=\"commerce-add-to-cart-pill\" data-option-id=\"405f3dd4e9abbef2def3000b2f9281a9\">\n<div data-wf-bindings=\"%5B%7B%22innerHTML%22%3A%7B%22type%22%3A%22PlainText%22%2C%22filter%22%3A%7B%22type%22%3A%22identity%22%2C%22params%22%3A%5B%5D%7D%2C%22dataPath%22%3A%22name%22%7D%7D%5D\">48\u00d775 in<\/div>\n<\/div>\n<\/div>\n<\/div>\n<\/div>\n<\/div>","protected":false},"featured_media":108146,"comment_status":"closed","ping_status":"closed","template":"","meta":{"rank_math_lock_modified_date":false},"product_cat":[103],"product_tag":[],"class_list":{"0":"post-108145","1":"product","2":"type-product","3":"status-publish","4":"has-post-thumbnail","6":"product_cat-douche-en-verre","7":"product_shipping_class-palette","9":"first","10":"instock","11":"taxable","12":"shipping-taxable","13":"purchasable","14":"product-type-simple"},"_links":{"self":[{"href":"https:\/\/pdirect.ca\/en\/wp-json\/wp\/v2\/product\/108145"}],"collection":[{"href":"https:\/\/pdirect.ca\/en\/wp-json\/wp\/v2\/product"}],"about":[{"href":"https:\/\/pdirect.ca\/en\/wp-json\/wp\/v2\/types\/product"}],"replies":[{"embeddable":true,"href":"https:\/\/pdirect.ca\/en\/wp-json\/wp\/v2\/comments?post=108145"}],"wp:featuredmedia":[{"embeddable":true,"href":"https:\/\/pdirect.ca\/en\/wp-json\/wp\/v2\/media\/108146"}],"wp:attachment":[{"href":"https:\/\/pdirect.ca\/en\/wp-json\/wp\/v2\/media?parent=108145"}],"wp:term":[{"taxonomy":"product_cat","embeddable":true,"href":"https:\/\/pdirect.ca\/en\/wp-json\/wp\/v2\/product_cat?post=108145"},{"taxonomy":"product_tag","embeddable":true,"href":"https:\/\/pdirect.ca\/en\/wp-json\/wp\/v2\/product_tag?post=108145"}],"curies":[{"name":"wp","href":"https:\/\/api.w.org\/{rel}","templated":true}]}}