{"id":108151,"date":"2024-04-25T12:03:14","date_gmt":"2024-04-25T16:03:14","guid":{"rendered":"https:\/\/pdirect.ca\/?post_type=product&#038;p=108151"},"modified":"2024-11-25T10:39:46","modified_gmt":"2024-11-25T15:39:46","slug":"ly3301-mb-60x75","status":"publish","type":"product","link":"https:\/\/pdirect.ca\/en\/product\/ly3301-mb-60x75\/","title":{"rendered":"LY3301-MB 60&#215;75"},"content":{"rendered":"<h4 class=\"product___heading\">Porte de douche coulissante avec cadre en noir mat<\/h4>\n<div class=\"product__description w-richtext\">\n<p>D\u00e9couvrez notre porte de douche coulissante avec cadre en noir mat, une solution \u00e9l\u00e9gante et moderne pour votre salle de bains. Cette porte de douche coulissante avec cadre noir mat ajoute une touche de sophistication et de style contemporain \u00e0 votre espace de bain. Avec son design pratique et sa finition raffin\u00e9e en noir mat, elle offre une exp\u00e9rience de douche exceptionnelle. Choisissez d\u00e8s maintenant notre porte de douche coulissante avec cadre en noir mat et transformez votre salle de bains en un havre de d\u00e9tente et de raffinement.<\/p>\n<\/div>\n<div class=\"add-to-cart\">\n<div role=\"group\" data-wf-sku-bindings=\"%5B%7B%22from%22%3A%22f_sku_values_3dr%22%2C%22to%22%3A%22optionValues%22%7D%5D\" data-commerce-product-sku-values=\"%7B%22d65fd5c564853c33b5eb17e348d36407%22%3A%22536851d90c9e11ed470bd7228446ded9%22%7D\" data-node-type=\"commerce-add-to-cart-option-list\" data-commerce-product-id=\"60250a161139a0798dce89e9\" data-preselect-default-variant=\"true\">\n<div role=\"group\">\n<div id=\"option-set-d65fd5c564853c33b5eb17e348d36407\" class=\"w-commerce-commerceaddtocartoptionpillgroup button-group\" role=\"radiogroup\" data-node-type=\"commerce-add-to-cart-pill-group\" data-commerce-option-set-id=\"d65fd5c564853c33b5eb17e348d36407\" aria-label=\"Size\">\n<div class=\"w-commerce-commerceaddtocartoptionpill variant__button w--ecommerce-pill-selected\" role=\"radio\" data-node-type=\"commerce-add-to-cart-pill\" data-option-id=\"536851d90c9e11ed470bd7228446ded9\">\n<div data-wf-bindings=\"%5B%7B%22innerHTML%22%3A%7B%22type%22%3A%22PlainText%22%2C%22filter%22%3A%7B%22type%22%3A%22identity%22%2C%22params%22%3A%5B%5D%7D%2C%22dataPath%22%3A%22name%22%7D%7D%5D\">60\u00d775 in<\/div>\n<\/div>\n<\/div>\n<\/div>\n<\/div>\n<\/div>","protected":false},"excerpt":{"rendered":"<h4 class=\"product___heading\">Porte de douche coulissante avec cadre en noir mat<\/h4>\n<div class=\"product__description w-richtext\">\n<p>D\u00e9couvrez notre porte de douche coulissante avec cadre en noir mat, une solution \u00e9l\u00e9gante et moderne pour votre salle de bains. Cette porte de douche coulissante avec cadre noir mat ajoute une touche de sophistication et de style contemporain \u00e0 votre espace de bain. Avec son design pratique et sa finition raffin\u00e9e en noir mat, elle offre une exp\u00e9rience de douche exceptionnelle. Choisissez d\u00e8s maintenant notre porte de douche coulissante avec cadre en noir mat et transformez votre salle de bains en un havre de d\u00e9tente et de raffinement.<\/p>\n<\/div>\n<div class=\"add-to-cart\">\n<div role=\"group\" data-wf-sku-bindings=\"%5B%7B%22from%22%3A%22f_sku_values_3dr%22%2C%22to%22%3A%22optionValues%22%7D%5D\" data-commerce-product-sku-values=\"%7B%22d65fd5c564853c33b5eb17e348d36407%22%3A%22536851d90c9e11ed470bd7228446ded9%22%7D\" data-node-type=\"commerce-add-to-cart-option-list\" data-commerce-product-id=\"60250a161139a0798dce89e9\" data-preselect-default-variant=\"true\">\n<div role=\"group\">\n<div id=\"option-set-d65fd5c564853c33b5eb17e348d36407\" class=\"w-commerce-commerceaddtocartoptionpillgroup button-group\" role=\"radiogroup\" data-node-type=\"commerce-add-to-cart-pill-group\" data-commerce-option-set-id=\"d65fd5c564853c33b5eb17e348d36407\" aria-label=\"Size\">\n<div class=\"w-commerce-commerceaddtocartoptionpill variant__button w--ecommerce-pill-selected\" role=\"radio\" data-node-type=\"commerce-add-to-cart-pill\" data-option-id=\"536851d90c9e11ed470bd7228446ded9\">\n<div data-wf-bindings=\"%5B%7B%22innerHTML%22%3A%7B%22type%22%3A%22PlainText%22%2C%22filter%22%3A%7B%22type%22%3A%22identity%22%2C%22params%22%3A%5B%5D%7D%2C%22dataPath%22%3A%22name%22%7D%7D%5D\">60\u00d775 in<\/div>\n<\/div>\n<\/div>\n<\/div>\n<\/div>\n<\/div>","protected":false},"featured_media":108152,"comment_status":"closed","ping_status":"closed","template":"","meta":{"rank_math_lock_modified_date":false},"product_cat":[103],"product_tag":[],"class_list":{"0":"post-108151","1":"product","2":"type-product","3":"status-publish","4":"has-post-thumbnail","6":"product_cat-douche-en-verre","7":"product_shipping_class-palette","9":"first","10":"instock","11":"taxable","12":"shipping-taxable","13":"purchasable","14":"product-type-simple"},"_links":{"self":[{"href":"https:\/\/pdirect.ca\/en\/wp-json\/wp\/v2\/product\/108151"}],"collection":[{"href":"https:\/\/pdirect.ca\/en\/wp-json\/wp\/v2\/product"}],"about":[{"href":"https:\/\/pdirect.ca\/en\/wp-json\/wp\/v2\/types\/product"}],"replies":[{"embeddable":true,"href":"https:\/\/pdirect.ca\/en\/wp-json\/wp\/v2\/comments?post=108151"}],"wp:featuredmedia":[{"embeddable":true,"href":"https:\/\/pdirect.ca\/en\/wp-json\/wp\/v2\/media\/108152"}],"wp:attachment":[{"href":"https:\/\/pdirect.ca\/en\/wp-json\/wp\/v2\/media?parent=108151"}],"wp:term":[{"taxonomy":"product_cat","embeddable":true,"href":"https:\/\/pdirect.ca\/en\/wp-json\/wp\/v2\/product_cat?post=108151"},{"taxonomy":"product_tag","embeddable":true,"href":"https:\/\/pdirect.ca\/en\/wp-json\/wp\/v2\/product_tag?post=108151"}],"curies":[{"name":"wp","href":"https:\/\/api.w.org\/{rel}","templated":true}]}}