{"id":108159,"date":"2024-04-25T12:25:44","date_gmt":"2024-04-25T16:25:44","guid":{"rendered":"https:\/\/pdirect.ca\/?post_type=product&#038;p=108159"},"modified":"2024-11-25T10:39:46","modified_gmt":"2024-11-25T15:39:46","slug":"ruse-60-03-bhc420-b-6mm","status":"publish","type":"product","link":"https:\/\/pdirect.ca\/en\/product\/ruse-60-03-bhc420-b-6mm\/","title":{"rendered":"RUSE-60-03 (BHC420-B 6MM)"},"content":{"rendered":"<p>Cette magnifique porte de baignoire-douche 60&#215;57 est con\u00e7ue pour \u00eatre solide, durable, pratique et extr\u00eamement facile \u00e0 nettoyer.<\/p>\n<ul role=\"list\">\n<li>4 roues pour un glissement en douceur<\/li>\n<li>Double poign\u00e9e \u00e0 l&rsquo;int\u00e9rieur et \u00e0 l&rsquo;ext\u00e9rieur de la douche<\/li>\n<li>Verre \u00e0 rev\u00eatement nano facile \u00e0 nettoyer sur les deux faces : repousse l&rsquo;eau, le calcaire et les r\u00e9sidus de savon.<\/li>\n<li>Il suffit d&rsquo;utiliser une raclette ou un chiffon pour l&rsquo;essuyer.<\/li>\n<\/ul>\n<p>\u200d<\/p>","protected":false},"excerpt":{"rendered":"<p>Cette magnifique porte de baignoire-douche 60&#215;57 est con\u00e7ue pour \u00eatre solide, durable, pratique et extr\u00eamement facile \u00e0 nettoyer.<\/p>\n<ul role=\"list\">\n<li>4 roues pour un glissement en douceur<\/li>\n<li>Double poign\u00e9e \u00e0 l&rsquo;int\u00e9rieur et \u00e0 l&rsquo;ext\u00e9rieur de la douche<\/li>\n<li>Verre \u00e0 rev\u00eatement nano facile \u00e0 nettoyer sur les deux faces : repousse l&rsquo;eau, le calcaire et les r\u00e9sidus de savon.<\/li>\n<li>Il suffit d&rsquo;utiliser une raclette ou un chiffon pour l&rsquo;essuyer.<\/li>\n<\/ul>\n<p>\u200d<\/p>","protected":false},"featured_media":108160,"comment_status":"closed","ping_status":"closed","template":"","meta":{"rank_math_lock_modified_date":false},"product_cat":[103],"product_tag":[],"class_list":{"0":"post-108159","1":"product","2":"type-product","3":"status-publish","4":"has-post-thumbnail","6":"product_cat-douche-en-verre","7":"product_shipping_class-palette","9":"first","10":"instock","11":"taxable","12":"shipping-taxable","13":"purchasable","14":"product-type-simple"},"_links":{"self":[{"href":"https:\/\/pdirect.ca\/en\/wp-json\/wp\/v2\/product\/108159"}],"collection":[{"href":"https:\/\/pdirect.ca\/en\/wp-json\/wp\/v2\/product"}],"about":[{"href":"https:\/\/pdirect.ca\/en\/wp-json\/wp\/v2\/types\/product"}],"replies":[{"embeddable":true,"href":"https:\/\/pdirect.ca\/en\/wp-json\/wp\/v2\/comments?post=108159"}],"wp:featuredmedia":[{"embeddable":true,"href":"https:\/\/pdirect.ca\/en\/wp-json\/wp\/v2\/media\/108160"}],"wp:attachment":[{"href":"https:\/\/pdirect.ca\/en\/wp-json\/wp\/v2\/media?parent=108159"}],"wp:term":[{"taxonomy":"product_cat","embeddable":true,"href":"https:\/\/pdirect.ca\/en\/wp-json\/wp\/v2\/product_cat?post=108159"},{"taxonomy":"product_tag","embeddable":true,"href":"https:\/\/pdirect.ca\/en\/wp-json\/wp\/v2\/product_tag?post=108159"}],"curies":[{"name":"wp","href":"https:\/\/api.w.org\/{rel}","templated":true}]}}