{"id":108161,"date":"2024-04-25T12:29:51","date_gmt":"2024-04-25T16:29:51","guid":{"rendered":"https:\/\/pdirect.ca\/?post_type=product&#038;p=108161"},"modified":"2024-11-25T10:39:45","modified_gmt":"2024-11-25T15:39:45","slug":"ly3405l-12pc-48x36x75","status":"publish","type":"product","link":"https:\/\/pdirect.ca\/en\/product\/ly3405l-12pc-48x36x75\/","title":{"rendered":"LY3405L-12PC 48&Prime;\u00d736&Prime;\u00d775&Prime;"},"content":{"rendered":"<h4 class=\"product___heading\">Porte de douche double coulissante Poign\u00e9es chrom\u00e9es avec panneau lat\u00e9ral \u00e0 droite<\/h4>\n<div class=\"product__description w-richtext\">\n<p>Cette porte de douche est l&rsquo;ultime exp\u00e9rience de luxe avec son contour \u00e9l\u00e9gant. Gr\u00e2ce \u00e0 ses portes bidirectionnelles, vous pouvez r\u00e9gler la temp\u00e9rature de votre eau sans m\u00eame entrer dans votre douche. De plus, le design de ces portes de douche permet un glissement doux et sans effort qui est presque silencieux ! Cet article est livr\u00e9 en 2 bo\u00eetes.<\/p>\n<p>\u200d<\/p>\n<p>Panneau lat\u00e9ral \u00e0 droite et mur de la salle de bains \u00e0 gauche<\/p>\n<\/div>","protected":false},"excerpt":{"rendered":"<h4 class=\"product___heading\">Porte de douche double coulissante Poign\u00e9es chrom\u00e9es avec panneau lat\u00e9ral \u00e0 droite<\/h4>\n<div class=\"product__description w-richtext\">\n<p>Cette porte de douche est l&rsquo;ultime exp\u00e9rience de luxe avec son contour \u00e9l\u00e9gant. Gr\u00e2ce \u00e0 ses portes bidirectionnelles, vous pouvez r\u00e9gler la temp\u00e9rature de votre eau sans m\u00eame entrer dans votre douche. De plus, le design de ces portes de douche permet un glissement doux et sans effort qui est presque silencieux ! Cet article est livr\u00e9 en 2 bo\u00eetes.<\/p>\n<p>\u200d<\/p>\n<p>Panneau lat\u00e9ral \u00e0 droite et mur de la salle de bains \u00e0 gauche<\/p>\n<\/div>","protected":false},"featured_media":108162,"comment_status":"closed","ping_status":"closed","template":"","meta":{"rank_math_lock_modified_date":false},"product_cat":[103],"product_tag":[],"class_list":{"0":"post-108161","1":"product","2":"type-product","3":"status-publish","4":"has-post-thumbnail","6":"product_cat-douche-en-verre","7":"product_shipping_class-palette","9":"first","10":"instock","11":"taxable","12":"shipping-taxable","13":"purchasable","14":"product-type-simple"},"_links":{"self":[{"href":"https:\/\/pdirect.ca\/en\/wp-json\/wp\/v2\/product\/108161"}],"collection":[{"href":"https:\/\/pdirect.ca\/en\/wp-json\/wp\/v2\/product"}],"about":[{"href":"https:\/\/pdirect.ca\/en\/wp-json\/wp\/v2\/types\/product"}],"replies":[{"embeddable":true,"href":"https:\/\/pdirect.ca\/en\/wp-json\/wp\/v2\/comments?post=108161"}],"wp:featuredmedia":[{"embeddable":true,"href":"https:\/\/pdirect.ca\/en\/wp-json\/wp\/v2\/media\/108162"}],"wp:attachment":[{"href":"https:\/\/pdirect.ca\/en\/wp-json\/wp\/v2\/media?parent=108161"}],"wp:term":[{"taxonomy":"product_cat","embeddable":true,"href":"https:\/\/pdirect.ca\/en\/wp-json\/wp\/v2\/product_cat?post=108161"},{"taxonomy":"product_tag","embeddable":true,"href":"https:\/\/pdirect.ca\/en\/wp-json\/wp\/v2\/product_tag?post=108161"}],"curies":[{"name":"wp","href":"https:\/\/api.w.org\/{rel}","templated":true}]}}