{"id":108180,"date":"2024-05-06T15:31:24","date_gmt":"2024-05-06T19:31:24","guid":{"rendered":"https:\/\/pdirect.ca\/?post_type=product&#038;p=108180"},"modified":"2025-03-31T10:16:25","modified_gmt":"2025-03-31T14:16:25","slug":"panneau-de-douche-4x8-sahara","status":"publish","type":"product","link":"https:\/\/pdirect.ca\/en\/product\/panneau-de-douche-4x8-sahara\/","title":{"rendered":"panneau de douche 4&#215;8 Sahara"},"content":{"rendered":"<p>Feuille de PVC de 4*8, 4 mm d&rsquo;\u00e9paisseur<\/p>\n<p>24.8 kg \/ Feuille.<\/p>\n<p>Id\u00e9al pour la douche et mur de la salle de bain.<\/p>\n<p>Aucun ciment-colle et coulis requis.<\/p>\n<p>Trait\u00e9s aux UV, les panneaux se nettoient facilement.<\/p>\n<p>Facile d&rsquo;installation avec de la colle \u00e0 construction.<\/p>\n<p>Peuvent \u00eatre install\u00e9 c\u00f4te \u00e0 c\u00f4te pour les surfaces plus grandes.<\/p>\n<p>Peuvent \u00eatre coup\u00e9s au besoin<\/p>","protected":false},"excerpt":{"rendered":"<p>Feuille de PVC de 4*8, 4 mm d&rsquo;\u00e9paisseur<\/p>\n<p>24.8 kg \/ Feuille.<\/p>\n<p>Id\u00e9al pour la douche et mur de la salle de bain.<\/p>\n<p>Aucun ciment-colle et coulis requis.<\/p>\n<p>Trait\u00e9s aux UV, les panneaux se nettoient facilement.<\/p>\n<p>Facile d&rsquo;installation avec de la colle \u00e0 construction.<\/p>\n<p>Peuvent \u00eatre install\u00e9 c\u00f4te \u00e0 c\u00f4te pour les surfaces plus grandes.<\/p>\n<p>Peuvent \u00eatre coup\u00e9s au besoin<\/p>","protected":false},"featured_media":108181,"comment_status":"closed","ping_status":"closed","template":"","meta":{"rank_math_lock_modified_date":false},"product_cat":[129],"product_tag":[],"class_list":{"0":"post-108180","1":"product","2":"type-product","3":"status-publish","4":"has-post-thumbnail","6":"product_cat-murdedouche","7":"product_shipping_class-palette","9":"first","10":"instock","11":"taxable","12":"shipping-taxable","13":"purchasable","14":"product-type-simple"},"_links":{"self":[{"href":"https:\/\/pdirect.ca\/en\/wp-json\/wp\/v2\/product\/108180"}],"collection":[{"href":"https:\/\/pdirect.ca\/en\/wp-json\/wp\/v2\/product"}],"about":[{"href":"https:\/\/pdirect.ca\/en\/wp-json\/wp\/v2\/types\/product"}],"replies":[{"embeddable":true,"href":"https:\/\/pdirect.ca\/en\/wp-json\/wp\/v2\/comments?post=108180"}],"wp:featuredmedia":[{"embeddable":true,"href":"https:\/\/pdirect.ca\/en\/wp-json\/wp\/v2\/media\/108181"}],"wp:attachment":[{"href":"https:\/\/pdirect.ca\/en\/wp-json\/wp\/v2\/media?parent=108180"}],"wp:term":[{"taxonomy":"product_cat","embeddable":true,"href":"https:\/\/pdirect.ca\/en\/wp-json\/wp\/v2\/product_cat?post=108180"},{"taxonomy":"product_tag","embeddable":true,"href":"https:\/\/pdirect.ca\/en\/wp-json\/wp\/v2\/product_tag?post=108180"}],"curies":[{"name":"wp","href":"https:\/\/api.w.org\/{rel}","templated":true}]}}