{"id":108514,"date":"2024-07-08T11:02:13","date_gmt":"2024-07-08T15:02:13","guid":{"rendered":"https:\/\/pdirect.ca\/?post_type=product&#038;p=108514"},"modified":"2024-11-27T06:27:45","modified_gmt":"2024-11-27T11:27:45","slug":"flottant-hydrasafe-12mm-celtic-8153-2-60pi2","status":"publish","type":"product","link":"https:\/\/pdirect.ca\/en\/product\/flottant-hydrasafe-12mm-celtic-8153-2-60pi2\/","title":{"rendered":"Flottant HydraSafe 12mm Celtic 8153"},"content":{"rendered":"<p><strong>SP\u00c9CIFICATIONS<\/strong><\/p>\n<ul>\n<li>Plancher lamin\u00e9 r\u00e9sistant \u00e0 l\u2019eau de 12 mm x 6,5\u201d x 48\u201d<\/li>\n<li>Fini synchro<\/li>\n<li>AC4<\/li>\n<li>Joints cir\u00e9s et biseaux peints<\/li>\n<li>Installation flottante avec syst\u00e8me \u201c5G Drop Lock\u201d<\/li>\n<li>Peut \u00eatre install\u00e9 \u00e0 tous les niveaux<\/li>\n<li>Garantie r\u00e9sidentielle de 25 ans<\/li>\n<li>Garantie commerciale de 5 ans<\/li>\n<li>boite de 12.96 pied carr\u00e9<\/li>\n<\/ul>","protected":false},"excerpt":{"rendered":"<p><strong>SP\u00c9CIFICATIONS<\/strong><\/p>\n<ul>\n<li>Plancher lamin\u00e9 r\u00e9sistant \u00e0 l\u2019eau de 12 mm x 6,5\u201d x 48\u201d<\/li>\n<li>Fini synchro<\/li>\n<li>AC4<\/li>\n<li>Joints cir\u00e9s et biseaux peints<\/li>\n<li>Installation flottante avec syst\u00e8me \u201c5G Drop Lock\u201d<\/li>\n<li>Peut \u00eatre install\u00e9 \u00e0 tous les niveaux<\/li>\n<li>Garantie r\u00e9sidentielle de 25 ans<\/li>\n<li>Garantie commerciale de 5 ans<\/li>\n<li>boite de 12.96 pied carr\u00e9<\/li>\n<\/ul>","protected":false},"featured_media":108515,"comment_status":"closed","ping_status":"closed","template":"","meta":{"rank_math_lock_modified_date":false},"product_cat":[145],"product_tag":[],"class_list":{"0":"post-108514","1":"product","2":"type-product","3":"status-publish","4":"has-post-thumbnail","6":"product_cat-plancher-flottant-12-mm-waterproof","7":"product_shipping_class-palette","9":"first","10":"instock","11":"taxable","12":"shipping-taxable","13":"purchasable","14":"product-type-simple"},"_links":{"self":[{"href":"https:\/\/pdirect.ca\/en\/wp-json\/wp\/v2\/product\/108514"}],"collection":[{"href":"https:\/\/pdirect.ca\/en\/wp-json\/wp\/v2\/product"}],"about":[{"href":"https:\/\/pdirect.ca\/en\/wp-json\/wp\/v2\/types\/product"}],"replies":[{"embeddable":true,"href":"https:\/\/pdirect.ca\/en\/wp-json\/wp\/v2\/comments?post=108514"}],"wp:featuredmedia":[{"embeddable":true,"href":"https:\/\/pdirect.ca\/en\/wp-json\/wp\/v2\/media\/108515"}],"wp:attachment":[{"href":"https:\/\/pdirect.ca\/en\/wp-json\/wp\/v2\/media?parent=108514"}],"wp:term":[{"taxonomy":"product_cat","embeddable":true,"href":"https:\/\/pdirect.ca\/en\/wp-json\/wp\/v2\/product_cat?post=108514"},{"taxonomy":"product_tag","embeddable":true,"href":"https:\/\/pdirect.ca\/en\/wp-json\/wp\/v2\/product_tag?post=108514"}],"curies":[{"name":"wp","href":"https:\/\/api.w.org\/{rel}","templated":true}]}}